{"id":7445,"date":"2021-08-20T00:04:37","date_gmt":"2021-08-19T22:04:37","guid":{"rendered":"https:\/\/digitalhistory.unite.it\/guadalajara\/"},"modified":"2021-11-23T17:45:14","modified_gmt":"2021-11-23T16:45:14","slug":"guadalajara","status":"publish","type":"page","link":"https:\/\/digitalhistory.unite.it\/es\/territorios\/itinerarios-urbanos\/alcala\/ignacio-de-loyola\/guadalajara\/","title":{"rendered":"Guadalajara"},"content":{"rendered":"<h1>Guadalajara <\/h1>\n<div class=\"testo\">\n<p style=\"text-align: justify\"><img loading=\"lazy\" decoding=\"async\" src=\"https:\/\/digitalhistory.unite.it\/wp-content\/uploads\/2021\/08\/palacio_del_infantado_guadalajara__fileminimizer__252x189.jpg\" width=\"252\" height=\"189\" alt=\"Guadalajara\" align=\"left\">Guadalajara es una ciudad espa\u00f1ola situada en la actual comunidad aut\u00f3noma de Castilla-La Mancha. La fundaci\u00f3n de la ciudad actual data del siglo VIII, al inicio de la dominaci\u00f3n \u00e1rabe. Del periodo de la&nbsp;medieval <em>wad al-hayara<\/em>, data el puente sobre el r\u00edo Henares, la m\u00e1s antigua obra arquitect\u00f3nica de la ciudad, y la estructura urbana del centro hist\u00f3rico. Conquistada por Alfonso VI de Castilla en el siglo XI, lig\u00f3 su destino, a partir del siglo XIV, a la fortuna de la familia Mendoza, honrados con el t\u00edtulo de duques del Infantado en 1475. Guadalajara tambi\u00e9n disfrut\u00f3 del derecho de enviar sus propios representantes, con derecho a voto, a las Cortes de Castilla, la asamblea representativa del reino. Con la ida de los&nbsp;Mendoza a Madrid siguiendo a la corte, la ciudad fue perdiendo su importancia. Fue saqueada durante la Guerra de Sucesi\u00f3n Espa\u00f1ola.<\/p>\n<\/p><\/div>\n<p><\/p>\n","protected":false},"excerpt":{"rendered":"<p>Guadalajara Guadalajara es una ciudad espa\u00f1ola situada en la actual comunidad aut\u00f3noma de Castilla-La Mancha. La fundaci\u00f3n de la ciudad actual data del siglo VIII, al inicio de la dominaci\u00f3n \u00e1rabe. Del periodo de la&nbsp;medieval wad al-hayara, data el puente sobre el r\u00edo Henares, la&hellip;<\/p>\n","protected":false},"author":1,"featured_media":0,"parent":6635,"menu_order":0,"comment_status":"closed","ping_status":"closed","template":"","meta":{"footnotes":""},"class_list":["post-7445","page","type-page","status-publish","hentry"],"_links":{"self":[{"href":"https:\/\/digitalhistory.unite.it\/es\/wp-json\/wp\/v2\/pages\/7445","targetHints":{"allow":["GET"]}}],"collection":[{"href":"https:\/\/digitalhistory.unite.it\/es\/wp-json\/wp\/v2\/pages"}],"about":[{"href":"https:\/\/digitalhistory.unite.it\/es\/wp-json\/wp\/v2\/types\/page"}],"author":[{"embeddable":true,"href":"https:\/\/digitalhistory.unite.it\/es\/wp-json\/wp\/v2\/users\/1"}],"replies":[{"embeddable":true,"href":"https:\/\/digitalhistory.unite.it\/es\/wp-json\/wp\/v2\/comments?post=7445"}],"version-history":[{"count":2,"href":"https:\/\/digitalhistory.unite.it\/es\/wp-json\/wp\/v2\/pages\/7445\/revisions"}],"predecessor-version":[{"id":12101,"href":"https:\/\/digitalhistory.unite.it\/es\/wp-json\/wp\/v2\/pages\/7445\/revisions\/12101"}],"up":[{"embeddable":true,"href":"https:\/\/digitalhistory.unite.it\/es\/wp-json\/wp\/v2\/pages\/6635"}],"wp:attachment":[{"href":"https:\/\/digitalhistory.unite.it\/es\/wp-json\/wp\/v2\/media?parent=7445"}],"curies":[{"name":"wp","href":"https:\/\/api.w.org\/{rel}","templated":true}]}}