{"id":7446,"date":"2021-08-20T00:04:37","date_gmt":"2021-08-19T22:04:37","guid":{"rendered":"https:\/\/digitalhistory.unite.it\/casa-de-medina-sidonia\/"},"modified":"2021-11-23T15:29:08","modified_gmt":"2021-11-23T14:29:08","slug":"casa-de-medina-sidonia","status":"publish","type":"page","link":"https:\/\/digitalhistory.unite.it\/es\/territorios\/itinerarios-urbanos\/alcala\/ignacio-de-loyola\/casa-de-medina-sidonia\/","title":{"rendered":"Casa de Medina Sidonia"},"content":{"rendered":"<h1>Casa de Medina Sidonia <\/h1>\n<div class=\"testo\">\n<p style=\"text-align: justify\">La Casa de Medina Sidonia es uno de los t\u00edtulos nobiliarios m\u00e1s antiguos que se registran en la corona de Castilla y m\u00e1s poderosos en cuanto a patrimonio e influencia pol\u00edtica en la Monarqu\u00eda Hispana. Reun\u00eda adem\u00e1s los t\u00edtulos del condado de Niebla, el se\u00f1or\u00edo de Sanl\u00facar, los marquesados de Cazaza, Valverde y Gibraltar, y el condado de Salt\u00e9s. El ducado de Medina Sidonia fue entregado por primera vez a Juan Alonso P\u00e9rez de Guzm\u00e1n a finales del s. XV, como recompensa a sus servicios militares prestados al rey. Hasta el s. XVIII estuvo vinculado a la familia P\u00e9rez de Guzm\u00e1n y comprend\u00eda los dominios se\u00f1oriales de toda Andaluc\u00eda occidental, estos eran, San L\u00facar de Barrameda, Niebla y Medina Sidonia. Durante la&nbsp;\u00e9poca Moderna, los duques de Medina Sidonia ejercieron de grandes mecenas y levantaron en sus dominios numerosos palacios, conventos, iglesias, etc.<\/p>\n<p style=\"text-align: justify\">Para leer m\u00e1s:<\/p>\n<ul>\n<li style=\"text-align: justify\">L. Salas Almena, <em>Medina Sidonia. El poder de la aristocracia, 1580-1670<\/em>, Madrid 2008.<\/li>\n<li style=\"text-align: justify\">L. Malo Lara, <em>Conflictos de poder: patronos, retratos y retablos del Barroco. La genealog\u00eda de los Guzmanes de la casa de Medina Sidonia<\/em>, en F. Lorenzana de la Puente, F. J. Mateos Ascac\u00edbar (eds.), <em>Arte, poder y sociedad y otros estudios sobre Extremadura<\/em>, Llerena 2007, pp. 95-108.<\/li>\n<\/ul><\/div>\n<p><\/p>\n","protected":false},"excerpt":{"rendered":"<p>Casa de Medina Sidonia La Casa de Medina Sidonia es uno de los t\u00edtulos nobiliarios m\u00e1s antiguos que se registran en la corona de Castilla y m\u00e1s poderosos en cuanto a patrimonio e influencia pol\u00edtica en la Monarqu\u00eda Hispana. Reun\u00eda adem\u00e1s los t\u00edtulos del condado&hellip;<\/p>\n","protected":false},"author":1,"featured_media":0,"parent":6635,"menu_order":0,"comment_status":"closed","ping_status":"closed","template":"","meta":{"footnotes":""},"class_list":["post-7446","page","type-page","status-publish","hentry"],"_links":{"self":[{"href":"https:\/\/digitalhistory.unite.it\/es\/wp-json\/wp\/v2\/pages\/7446","targetHints":{"allow":["GET"]}}],"collection":[{"href":"https:\/\/digitalhistory.unite.it\/es\/wp-json\/wp\/v2\/pages"}],"about":[{"href":"https:\/\/digitalhistory.unite.it\/es\/wp-json\/wp\/v2\/types\/page"}],"author":[{"embeddable":true,"href":"https:\/\/digitalhistory.unite.it\/es\/wp-json\/wp\/v2\/users\/1"}],"replies":[{"embeddable":true,"href":"https:\/\/digitalhistory.unite.it\/es\/wp-json\/wp\/v2\/comments?post=7446"}],"version-history":[{"count":2,"href":"https:\/\/digitalhistory.unite.it\/es\/wp-json\/wp\/v2\/pages\/7446\/revisions"}],"predecessor-version":[{"id":12099,"href":"https:\/\/digitalhistory.unite.it\/es\/wp-json\/wp\/v2\/pages\/7446\/revisions\/12099"}],"up":[{"embeddable":true,"href":"https:\/\/digitalhistory.unite.it\/es\/wp-json\/wp\/v2\/pages\/6635"}],"wp:attachment":[{"href":"https:\/\/digitalhistory.unite.it\/es\/wp-json\/wp\/v2\/media?parent=7446"}],"curies":[{"name":"wp","href":"https:\/\/api.w.org\/{rel}","templated":true}]}}