{"id":7447,"date":"2021-08-20T00:04:37","date_gmt":"2021-08-19T22:04:37","guid":{"rendered":"https:\/\/digitalhistory.unite.it\/ejercicios-espirituales\/"},"modified":"2021-11-23T15:29:08","modified_gmt":"2021-11-23T14:29:08","slug":"ejercicios-espirituales","status":"publish","type":"page","link":"https:\/\/digitalhistory.unite.it\/es\/territorios\/itinerarios-urbanos\/alcala\/ignacio-de-loyola\/ejercicios-espirituales\/","title":{"rendered":"Ejercicios Espirituales"},"content":{"rendered":"<h1>Ejercicios Espirituales <\/h1>\n<div class=\"testo\">\n<p style=\"text-align: justify\">Los <em>Ejercicios Espirituales<\/em> eran la forma de examinar la conciencia, de meditar y orar que elabor\u00f3 Ignacio de Loyola estableci\u00e9ndolos como pr\u00e1ctica espiritual de la Compa\u00f1\u00eda de Jes\u00fas. Est\u00e1n basados en la experiencia del propio Ignacio, durante el tiempo que pas\u00f3 de retiro en Manresa, y desde entonces apenas han variado en su estructura y metodolog\u00eda. Los <em>Ejercicios<\/em> requieren de un retiro apartado, de duraci\u00f3n aproximada de un mes, en el que se dispone el alma para apartar de ella toda clase de desavenencias o contrariedades, y una vez eliminadas, se prepara el \u00e1nima a disposici\u00f3n de la voluntad divina. Siempre han formado parte de la formaci\u00f3n de los novicios jesuitas, pero tambi\u00e9n pueden ser practicados por seglares bajo la gu\u00eda de un jesuita en calidad de director espiritual.<\/p>\n<p style=\"text-align: justify\">Para leer m\u00e1s:<\/p>\n<ul style=\"text-align: justify\">\n<li>S. Arzubialde S.I., <em>Ejercicios Espirituales de San Ignacio. Historia y An\u00e1lisis,<\/em> Bilbao-Santander, 2\u00aa Edici\u00f3n, 2009.<\/li>\n<li>P. de Leturia, <em>G\u00e9nesis de los Ejercicios de San Ignacio y su influjo en la fundaci\u00f3n de la Compa\u00f1\u00eda de Jes\u00fas<\/em>, en \u00abArchivum Historicum Societatis Iesu\u00bb (AHSI), 9 (1940), pp. 16-59.<\/li>\n<\/ul><\/div>\n<p><\/p>\n","protected":false},"excerpt":{"rendered":"<p>Ejercicios Espirituales Los Ejercicios Espirituales eran la forma de examinar la conciencia, de meditar y orar que elabor\u00f3 Ignacio de Loyola estableci\u00e9ndolos como pr\u00e1ctica espiritual de la Compa\u00f1\u00eda de Jes\u00fas. Est\u00e1n basados en la experiencia del propio Ignacio, durante el tiempo que pas\u00f3 de retiro&hellip;<\/p>\n","protected":false},"author":1,"featured_media":0,"parent":6635,"menu_order":0,"comment_status":"closed","ping_status":"closed","template":"","meta":{"footnotes":""},"class_list":["post-7447","page","type-page","status-publish","hentry"],"_links":{"self":[{"href":"https:\/\/digitalhistory.unite.it\/es\/wp-json\/wp\/v2\/pages\/7447","targetHints":{"allow":["GET"]}}],"collection":[{"href":"https:\/\/digitalhistory.unite.it\/es\/wp-json\/wp\/v2\/pages"}],"about":[{"href":"https:\/\/digitalhistory.unite.it\/es\/wp-json\/wp\/v2\/types\/page"}],"author":[{"embeddable":true,"href":"https:\/\/digitalhistory.unite.it\/es\/wp-json\/wp\/v2\/users\/1"}],"replies":[{"embeddable":true,"href":"https:\/\/digitalhistory.unite.it\/es\/wp-json\/wp\/v2\/comments?post=7447"}],"version-history":[{"count":2,"href":"https:\/\/digitalhistory.unite.it\/es\/wp-json\/wp\/v2\/pages\/7447\/revisions"}],"predecessor-version":[{"id":12100,"href":"https:\/\/digitalhistory.unite.it\/es\/wp-json\/wp\/v2\/pages\/7447\/revisions\/12100"}],"up":[{"embeddable":true,"href":"https:\/\/digitalhistory.unite.it\/es\/wp-json\/wp\/v2\/pages\/6635"}],"wp:attachment":[{"href":"https:\/\/digitalhistory.unite.it\/es\/wp-json\/wp\/v2\/media?parent=7447"}],"curies":[{"name":"wp","href":"https:\/\/api.w.org\/{rel}","templated":true}]}}