{"id":7448,"date":"2021-08-20T00:04:37","date_gmt":"2021-08-19T22:04:37","guid":{"rendered":"https:\/\/digitalhistory.unite.it\/francisco-villanueva\/"},"modified":"2021-11-23T17:45:15","modified_gmt":"2021-11-23T16:45:15","slug":"francisco-villanueva","status":"publish","type":"page","link":"https:\/\/digitalhistory.unite.it\/es\/territorios\/itinerarios-urbanos\/alcala\/ermita\/francisco-villanueva\/","title":{"rendered":"Francisco Villanueva"},"content":{"rendered":"<h1>Francisco Villanueva <\/h1>\n<div class=\"testo\">\n<p style=\"text-align: justify\">Francisco Villanueva naci\u00f3 en 1509 en Plasencia, ingres\u00f3 en la reci\u00e9n fundada Compa\u00f1\u00eda de Jes\u00fas en la ciudad de Co\u00edmbra, Portugal. Al poco tiempo se march\u00f3 a Alcal\u00e1 de Henares para estudiar. Junto con un grupo de jesuitas se plante\u00f3 fundar el primer colegio de la Provincia jesu\u00edtica de Toledo. Ignacio confi\u00f3 en \u00e9l la fundaci\u00f3n de una serie de colegios como los de C\u00f3rdoba y Plasencia. Destaca de \u00e9l su enfrentamiento con el Arzobispo de Toledo, Juan Mart\u00ednez de Sil\u00edceo, que utilizaba la Inquisici\u00f3n para perseguir a los miembros de la Compa\u00f1\u00eda con los que opon\u00eda su forma de entender la espiritualidad siguiendo la escol\u00e1stica medieval, frente a una Compa\u00f1\u00eda que se mostraba abierta a las corrientes filos\u00f3ficas de fuera. Falleci\u00f3 en Alcal\u00e1 de Henares en 1557.<\/p>\n<p style=\"text-align: justify\">Para leer m\u00e1s:<\/p>\n<ul>\n<li style=\"text-align: justify\">C. M\u00aa. Abad, <em>Un centro de Ejercicios espirituales en la antigua Compa\u00f1\u00eda: el colegio de Alcal\u00e1<\/em>, en \u00abManresa\u00bb, 20 (1948), pp. 156-180.<\/li>\n<li style=\"text-align: justify\">J. Mart\u00ednez de la Escalera S.I., <em>Fundaci\u00f3n Complutense de la Compa\u00f1\u00eda de Jes\u00fas<\/em>, en <em>La Compa\u00f1\u00eda de Jes\u00fas en Alcal\u00e1 de Henares,<\/em> Alcal\u00e1 1989, pp. 15-24.<\/li>\n<\/ul><\/div>\n<p><\/p>\n","protected":false},"excerpt":{"rendered":"<p>Francisco Villanueva Francisco Villanueva naci\u00f3 en 1509 en Plasencia, ingres\u00f3 en la reci\u00e9n fundada Compa\u00f1\u00eda de Jes\u00fas en la ciudad de Co\u00edmbra, Portugal. Al poco tiempo se march\u00f3 a Alcal\u00e1 de Henares para estudiar. Junto con un grupo de jesuitas se plante\u00f3 fundar el primer&hellip;<\/p>\n","protected":false},"author":1,"featured_media":0,"parent":6636,"menu_order":0,"comment_status":"closed","ping_status":"closed","template":"","meta":{"footnotes":""},"class_list":["post-7448","page","type-page","status-publish","hentry"],"_links":{"self":[{"href":"https:\/\/digitalhistory.unite.it\/es\/wp-json\/wp\/v2\/pages\/7448","targetHints":{"allow":["GET"]}}],"collection":[{"href":"https:\/\/digitalhistory.unite.it\/es\/wp-json\/wp\/v2\/pages"}],"about":[{"href":"https:\/\/digitalhistory.unite.it\/es\/wp-json\/wp\/v2\/types\/page"}],"author":[{"embeddable":true,"href":"https:\/\/digitalhistory.unite.it\/es\/wp-json\/wp\/v2\/users\/1"}],"replies":[{"embeddable":true,"href":"https:\/\/digitalhistory.unite.it\/es\/wp-json\/wp\/v2\/comments?post=7448"}],"version-history":[{"count":2,"href":"https:\/\/digitalhistory.unite.it\/es\/wp-json\/wp\/v2\/pages\/7448\/revisions"}],"predecessor-version":[{"id":12106,"href":"https:\/\/digitalhistory.unite.it\/es\/wp-json\/wp\/v2\/pages\/7448\/revisions\/12106"}],"up":[{"embeddable":true,"href":"https:\/\/digitalhistory.unite.it\/es\/wp-json\/wp\/v2\/pages\/6636"}],"wp:attachment":[{"href":"https:\/\/digitalhistory.unite.it\/es\/wp-json\/wp\/v2\/media?parent=7448"}],"curies":[{"name":"wp","href":"https:\/\/api.w.org\/{rel}","templated":true}]}}