{"id":7449,"date":"2021-08-20T00:04:37","date_gmt":"2021-08-19T22:04:37","guid":{"rendered":"https:\/\/digitalhistory.unite.it\/felipe-ii\/"},"modified":"2021-11-23T15:27:38","modified_gmt":"2021-11-23T14:27:38","slug":"felipe-ii","status":"publish","type":"page","link":"https:\/\/digitalhistory.unite.it\/es\/territorios\/itinerarios-urbanos\/valladolid\/iglesia-de-san-pablo\/felipe-ii\/","title":{"rendered":"Felipe II de Habsburgo"},"content":{"rendered":"<h1>Felipe II de Habsburgo <\/h1>\n<div class=\"testo\">\n<p style=\"text-align: justify\"><img loading=\"lazy\" decoding=\"async\" src=\"https:\/\/digitalhistory.unite.it\/wp-content\/uploads\/2021\/08\/felipe_ii__leone_y_pompeo_leoni__prado_e-272__01a__fileminimizer__226x301.jpg\" width=\"226\" height=\"301\" alt=\"Filippo II\" align=\"left\">Felipe II de Habsburgo (1527-1598) fue rey de Espa\u00f1a desde 1556 hasta la fecha de su muerte. Su padre Carlos V le leg\u00f3 los dominios espa\u00f1oles, es decir, las coronas de Castilla, incluyendo las colonias americanas, y de Arag\u00f3n, incluyendo los dominios italianos, as\u00ed como el Franco Condado y los Pa\u00edses Bajos. Se instal\u00f3 en Madrid, trat\u00f3 de gobernar a distancia los asuntos de pol\u00edtica europea, interviniendo en numerosos escenarios de guerra. Monarca profundamente cat\u00f3lico, Felipe II contribuy\u00f3 enormemente, con su costosa pol\u00edtica exterior, a agravar el estado de las finanzas, produci\u00e9ndose varias quiebras. Motivaciones religiosas y pol\u00edticas estuvieron en el origen de la rebeli\u00f3n de los Pa\u00edses Bajos, destinada a prorrogarse por un total de ochenta a\u00f1os (1568-1648) y representando uno de los mayores fracasos de la pol\u00edtica del soberano Habsburgo. En cambio, tuvo mayor \u00e9xito en la represi\u00f3n de la revuelta de los Moriscos (1568-1570) y en la hist\u00f3rica victoria de la flota comandada por su hermanastro Don Juan de Austria contra los otomanos en Lepanto (7 de octubre de 1571). Rey de Portugal desde 1580 como heredero m\u00e1s directo del difunto rey, Felipe II fracas\u00f3 en su intento de invadir Inglaterra: en 1588, los barcos de la Armada Invencible fueron disipados por el mal tiempo y luego aniquilados por una peque\u00f1a flota inglesa.<\/p>\n<p>  Para leer m\u00e1s:<\/p>\n<ul>\n<li>\n<div style=\"text-align: justify\">G. Parker, <em>Philip II<\/em>, Boston-London 1978.<\/div>\n<\/li>\n<li>\n<div style=\"text-align: justify\">H. Kamen, <em>Philip of Spain<\/em>, New Haven 1998.<\/div>\n<\/li>\n<li>\n<div style=\"text-align: justify\">P. Williams, <em>Philip II<\/em>,&nbsp;New York 2001.<\/div>\n<\/li>\n<\/ul><\/div>\n<p><\/p>\n","protected":false},"excerpt":{"rendered":"<p>Felipe II de Habsburgo Felipe II de Habsburgo (1527-1598) fue rey de Espa\u00f1a desde 1556 hasta la fecha de su muerte. Su padre Carlos V le leg\u00f3 los dominios espa\u00f1oles, es decir, las coronas de Castilla, incluyendo las colonias americanas, y de Arag\u00f3n, incluyendo los&hellip;<\/p>\n","protected":false},"author":1,"featured_media":0,"parent":6665,"menu_order":0,"comment_status":"closed","ping_status":"closed","template":"","meta":{"footnotes":""},"class_list":["post-7449","page","type-page","status-publish","hentry"],"_links":{"self":[{"href":"https:\/\/digitalhistory.unite.it\/es\/wp-json\/wp\/v2\/pages\/7449","targetHints":{"allow":["GET"]}}],"collection":[{"href":"https:\/\/digitalhistory.unite.it\/es\/wp-json\/wp\/v2\/pages"}],"about":[{"href":"https:\/\/digitalhistory.unite.it\/es\/wp-json\/wp\/v2\/types\/page"}],"author":[{"embeddable":true,"href":"https:\/\/digitalhistory.unite.it\/es\/wp-json\/wp\/v2\/users\/1"}],"replies":[{"embeddable":true,"href":"https:\/\/digitalhistory.unite.it\/es\/wp-json\/wp\/v2\/comments?post=7449"}],"version-history":[{"count":3,"href":"https:\/\/digitalhistory.unite.it\/es\/wp-json\/wp\/v2\/pages\/7449\/revisions"}],"predecessor-version":[{"id":11133,"href":"https:\/\/digitalhistory.unite.it\/es\/wp-json\/wp\/v2\/pages\/7449\/revisions\/11133"}],"up":[{"embeddable":true,"href":"https:\/\/digitalhistory.unite.it\/es\/wp-json\/wp\/v2\/pages\/6665"}],"wp:attachment":[{"href":"https:\/\/digitalhistory.unite.it\/es\/wp-json\/wp\/v2\/media?parent=7449"}],"curies":[{"name":"wp","href":"https:\/\/api.w.org\/{rel}","templated":true}]}}