{"id":7452,"date":"2021-08-20T00:04:37","date_gmt":"2021-08-19T22:04:37","guid":{"rendered":"https:\/\/digitalhistory.unite.it\/calderon-de-la-barca\/"},"modified":"2021-11-23T17:45:14","modified_gmt":"2021-11-23T16:45:14","slug":"calderon-de-la-barca","status":"publish","type":"page","link":"https:\/\/digitalhistory.unite.it\/es\/territorios\/itinerarios-urbanos\/alcala\/colegio-maximo\/calderon-de-la-barca\/","title":{"rendered":"Pedro Calder\u00f3n de la Barca"},"content":{"rendered":"<h1>Pedro Calder\u00f3n de la Barca <\/h1>\n<div class=\"testo\">\n<p style=\"text-align: justify\"><img loading=\"lazy\" decoding=\"async\" src=\"https:\/\/digitalhistory.unite.it\/wp-content\/uploads\/2021\/08\/monument_to_pedro_calder_n_de_la_barca__plaza_de_santa_ana__madrid__fileminimizer__250x333.jpg\" width=\"250\" height=\"333\" alt=\"Calderon de la Barca\" align=\"left\">Pedro Calder\u00f3n de la Barca fue un&nbsp;escritor barroco del Siglo de Oro espa\u00f1ol. Naci\u00f3 en Madrid en el a\u00f1o 1600. Estudi\u00f3 en el colegio Imperial de los jesuitas de Madrid y, en 1614, se march\u00f3 a Alcal\u00e1 de Henares donde complet\u00f3 sus estudios. Su reconocimiento como dramaturgo le lleg\u00f3 cuando los duques de Alba se convierten en su mecenas. En su madurez, Calder\u00f3n decidi\u00f3 recibir las \u00f3rdenes sacerdotales convirti\u00e9ndose en capell\u00e1n de honor de Felipe IV. Sus obras de teatro, adem\u00e1s de costumbristas, contienen un fuerte contenido ideol\u00f3gico, de ellas, destacan: <em>La vida es sue\u00f1o<\/em>, que es un drama filos\u00f3fico que escribi\u00f3 en 1636, y sus c\u00e9lebres y numerosos <em>Autos Sacramentales<\/em>. Falleci\u00f3 en Madrid en 1681.<\/p>\n<p style=\"text-align: justify\">&nbsp;<\/p>\n<p style=\"text-align: justify\">&nbsp;<\/p>\n<p style=\"text-align: justify\">Para leer m\u00e1s:<\/p>\n<ul>\n<li style=\"text-align: justify\">A. A. Parker, <em>Los autos sacramentales de Calder\u00f3n de la Barca,<\/em> Barcelona 1983.<\/li>\n<li style=\"text-align: justify\">J. Alcal\u00e1-Zamora y E. Belenguers (eds.), <em>Calder\u00f3n de la Barca y la Espa\u00f1a del Barroco,<\/em> Madrid 2001.<\/li>\n<\/ul><\/div>\n<p><\/p>\n","protected":false},"excerpt":{"rendered":"<p>Pedro Calder\u00f3n de la Barca Pedro Calder\u00f3n de la Barca fue un&nbsp;escritor barroco del Siglo de Oro espa\u00f1ol. Naci\u00f3 en Madrid en el a\u00f1o 1600. Estudi\u00f3 en el colegio Imperial de los jesuitas de Madrid y, en 1614, se march\u00f3 a Alcal\u00e1 de Henares donde&hellip;<\/p>\n","protected":false},"author":1,"featured_media":0,"parent":6637,"menu_order":0,"comment_status":"closed","ping_status":"closed","template":"","meta":{"footnotes":""},"class_list":["post-7452","page","type-page","status-publish","hentry"],"_links":{"self":[{"href":"https:\/\/digitalhistory.unite.it\/es\/wp-json\/wp\/v2\/pages\/7452","targetHints":{"allow":["GET"]}}],"collection":[{"href":"https:\/\/digitalhistory.unite.it\/es\/wp-json\/wp\/v2\/pages"}],"about":[{"href":"https:\/\/digitalhistory.unite.it\/es\/wp-json\/wp\/v2\/types\/page"}],"author":[{"embeddable":true,"href":"https:\/\/digitalhistory.unite.it\/es\/wp-json\/wp\/v2\/users\/1"}],"replies":[{"embeddable":true,"href":"https:\/\/digitalhistory.unite.it\/es\/wp-json\/wp\/v2\/comments?post=7452"}],"version-history":[{"count":2,"href":"https:\/\/digitalhistory.unite.it\/es\/wp-json\/wp\/v2\/pages\/7452\/revisions"}],"predecessor-version":[{"id":12097,"href":"https:\/\/digitalhistory.unite.it\/es\/wp-json\/wp\/v2\/pages\/7452\/revisions\/12097"}],"up":[{"embeddable":true,"href":"https:\/\/digitalhistory.unite.it\/es\/wp-json\/wp\/v2\/pages\/6637"}],"wp:attachment":[{"href":"https:\/\/digitalhistory.unite.it\/es\/wp-json\/wp\/v2\/media?parent=7452"}],"curies":[{"name":"wp","href":"https:\/\/api.w.org\/{rel}","templated":true}]}}