{"id":7453,"date":"2021-08-20T00:04:37","date_gmt":"2021-08-19T22:04:37","guid":{"rendered":"https:\/\/digitalhistory.unite.it\/estilo-herreriano\/"},"modified":"2021-11-23T15:29:09","modified_gmt":"2021-11-23T14:29:09","slug":"estilo-herreriano","status":"publish","type":"page","link":"https:\/\/digitalhistory.unite.it\/es\/territorios\/itinerarios-urbanos\/alcala\/iglesia\/estilo-herreriano\/","title":{"rendered":"Estilo herreriano"},"content":{"rendered":"<h1>Estilo herreriano <\/h1>\n<div class=\"testo\">\n<p style=\"text-align: justify\"><img loading=\"lazy\" decoding=\"async\" src=\"https:\/\/digitalhistory.unite.it\/wp-content\/uploads\/2021\/08\/escorial__fileminimizer__341x141.jpg\" width=\"341\" height=\"141\" alt=\"Stile herreriano\" align=\"left\">El Herreriano es un estilo arquitect\u00f3nico que se desarroll\u00f3 en Espa\u00f1a a partir de mediados del siglo XVI, coincidiendo con la construcci\u00f3n de El Escorial a petici\u00f3n de Felipe II. El estilo debe su nombre al arquitecto Juan de Herrera (1530-1597) que dise\u00f1\u00f3 el proyecto escurialense. Este estilo es considerado como la \u00faltima etapa del renacimiento espa\u00f1ol, y su caracter\u00edstica principal era su masiva utilizaci\u00f3n del muro, con ausencia de decoraci\u00f3n, que daba sensaci\u00f3n de gran voluminosidad. Las cubiertas de sus edificios, casi siempre de madera, eran revestidas de pizarra en su cara exterior, rematadas con capiteles piramidales que acababan en punta.<\/p>\n<p style=\"text-align: justify\">Para leer m\u00e1s:<\/p>\n<ul>\n<li style=\"text-align: justify\">J. I. Linazaroso, <em>El Clasicismo Herreriano: \u00bfUn proyecto interrumpido?<\/em>, en <em>Herrera y el clasicismo: ensayos, cat\u00e1logo y dibujos en torno a la arquitectura en clave clasicista<\/em>, Junta de Castilla y Le\u00f3n 1986, pp. 15-20.<\/li>\n<li style=\"text-align: justify\">A. Bustamante Garc\u00eda, <em>Juan de Herrera y El Escorial<\/em>, en J. G\u00f3mez Mart\u00ednez, M. \u00c1. Aramburu-Zabala Higuera (coords.), <em>Juan de Herrera y su influencia: actas del simposio, Camargo, 14-17 julio 1992,<\/em> Santander 1993, pp. 17-26.<\/li>\n<\/ul><\/div>\n<p><\/p>\n","protected":false},"excerpt":{"rendered":"<p>Estilo herreriano El Herreriano es un estilo arquitect\u00f3nico que se desarroll\u00f3 en Espa\u00f1a a partir de mediados del siglo XVI, coincidiendo con la construcci\u00f3n de El Escorial a petici\u00f3n de Felipe II. El estilo debe su nombre al arquitecto Juan de Herrera (1530-1597) que dise\u00f1\u00f3&hellip;<\/p>\n","protected":false},"author":1,"featured_media":0,"parent":6638,"menu_order":0,"comment_status":"closed","ping_status":"closed","template":"","meta":{"footnotes":""},"class_list":["post-7453","page","type-page","status-publish","hentry"],"_links":{"self":[{"href":"https:\/\/digitalhistory.unite.it\/es\/wp-json\/wp\/v2\/pages\/7453","targetHints":{"allow":["GET"]}}],"collection":[{"href":"https:\/\/digitalhistory.unite.it\/es\/wp-json\/wp\/v2\/pages"}],"about":[{"href":"https:\/\/digitalhistory.unite.it\/es\/wp-json\/wp\/v2\/types\/page"}],"author":[{"embeddable":true,"href":"https:\/\/digitalhistory.unite.it\/es\/wp-json\/wp\/v2\/users\/1"}],"replies":[{"embeddable":true,"href":"https:\/\/digitalhistory.unite.it\/es\/wp-json\/wp\/v2\/comments?post=7453"}],"version-history":[{"count":2,"href":"https:\/\/digitalhistory.unite.it\/es\/wp-json\/wp\/v2\/pages\/7453\/revisions"}],"predecessor-version":[{"id":12108,"href":"https:\/\/digitalhistory.unite.it\/es\/wp-json\/wp\/v2\/pages\/7453\/revisions\/12108"}],"up":[{"embeddable":true,"href":"https:\/\/digitalhistory.unite.it\/es\/wp-json\/wp\/v2\/pages\/6638"}],"wp:attachment":[{"href":"https:\/\/digitalhistory.unite.it\/es\/wp-json\/wp\/v2\/media?parent=7453"}],"curies":[{"name":"wp","href":"https:\/\/api.w.org\/{rel}","templated":true}]}}