{"id":7454,"date":"2021-08-20T00:04:37","date_gmt":"2021-08-19T22:04:37","guid":{"rendered":"https:\/\/digitalhistory.unite.it\/santas-formas\/"},"modified":"2021-11-23T17:45:15","modified_gmt":"2021-11-23T16:45:15","slug":"santas-formas","status":"publish","type":"page","link":"https:\/\/digitalhistory.unite.it\/es\/territorios\/itinerarios-urbanos\/alcala\/iglesia\/santas-formas\/","title":{"rendered":"Santas Formas Incorruptas"},"content":{"rendered":"<h1>Santas Formas Incorruptas <\/h1>\n<div class=\"testo\">\n<p style=\"text-align: justify\">La historia de las Formas Incorruptas de Alcal\u00e1 de Henares se remontaba al a\u00f1o 1597, cuando el jesuita P. Juan Ju\u00e1rez recibi\u00f3 en Alcal\u00e1 de un morisco en secreto de confesi\u00f3n, un total de 26 formas eucar\u00edsticas, procedentes de un robo sacr\u00edlego. Pasados once a\u00f1os los jesuitas descubrieron que, a pesar de la humedad a la que estuvieron expuestas, segu\u00edan incorruptas, haci\u00e9ndose p\u00fablico como un aut\u00e9ntico milagro. A partir de entonces, las Santas Formas fueron veneradas y sacadas en procesi\u00f3n p\u00fablica, que era acompa\u00f1ada por la familia real. No obstante, durante la Guerra Civil espa\u00f1ola, en el s. XX, tanto la custodia como las Santas Formas desaparecieron.<\/p>\n<p style=\"text-align: justify\">Para leer m\u00e1s:<\/p>\n<ul>\n<li style=\"text-align: justify\">F. M. de Arabio-Urrutia, <em>Monograf\u00eda hist\u00f3rica de las incorruptas Santas Formas de Alcal\u00e1 de Henares,<\/em> Alcal\u00e1 de Henares 1997.<\/li>\n<\/ul><\/div>\n<p><\/p>\n","protected":false},"excerpt":{"rendered":"<p>Santas Formas Incorruptas La historia de las Formas Incorruptas de Alcal\u00e1 de Henares se remontaba al a\u00f1o 1597, cuando el jesuita P. Juan Ju\u00e1rez recibi\u00f3 en Alcal\u00e1 de un morisco en secreto de confesi\u00f3n, un total de 26 formas eucar\u00edsticas, procedentes de un robo sacr\u00edlego.&hellip;<\/p>\n","protected":false},"author":1,"featured_media":0,"parent":6638,"menu_order":0,"comment_status":"closed","ping_status":"closed","template":"","meta":{"footnotes":""},"class_list":["post-7454","page","type-page","status-publish","hentry"],"_links":{"self":[{"href":"https:\/\/digitalhistory.unite.it\/es\/wp-json\/wp\/v2\/pages\/7454","targetHints":{"allow":["GET"]}}],"collection":[{"href":"https:\/\/digitalhistory.unite.it\/es\/wp-json\/wp\/v2\/pages"}],"about":[{"href":"https:\/\/digitalhistory.unite.it\/es\/wp-json\/wp\/v2\/types\/page"}],"author":[{"embeddable":true,"href":"https:\/\/digitalhistory.unite.it\/es\/wp-json\/wp\/v2\/users\/1"}],"replies":[{"embeddable":true,"href":"https:\/\/digitalhistory.unite.it\/es\/wp-json\/wp\/v2\/comments?post=7454"}],"version-history":[{"count":2,"href":"https:\/\/digitalhistory.unite.it\/es\/wp-json\/wp\/v2\/pages\/7454\/revisions"}],"predecessor-version":[{"id":12109,"href":"https:\/\/digitalhistory.unite.it\/es\/wp-json\/wp\/v2\/pages\/7454\/revisions\/12109"}],"up":[{"embeddable":true,"href":"https:\/\/digitalhistory.unite.it\/es\/wp-json\/wp\/v2\/pages\/6638"}],"wp:attachment":[{"href":"https:\/\/digitalhistory.unite.it\/es\/wp-json\/wp\/v2\/media?parent=7454"}],"curies":[{"name":"wp","href":"https:\/\/api.w.org\/{rel}","templated":true}]}}