{"id":7455,"date":"2021-08-20T00:04:37","date_gmt":"2021-08-19T22:04:37","guid":{"rendered":"https:\/\/digitalhistory.unite.it\/juan-gomez-de-mora\/"},"modified":"2021-11-23T17:45:14","modified_gmt":"2021-11-23T16:45:14","slug":"juan-gomez-de-mora","status":"publish","type":"page","link":"https:\/\/digitalhistory.unite.it\/es\/territorios\/itinerarios-urbanos\/alcala\/universidad-complutense\/juan-gomez-de-mora\/","title":{"rendered":"Juan G\u00f3mez de Mora"},"content":{"rendered":"<h1>Juan G\u00f3mez de Mora <\/h1>\n<div class=\"testo\">\n<p style=\"text-align: justify\"><img loading=\"lazy\" decoding=\"async\" src=\"https:\/\/digitalhistory.unite.it\/wp-content\/uploads\/2021\/08\/casa_de_la_villa__madrid___fileminimizer__251x167.jpg\" width=\"251\" height=\"167\" alt=\"Casa de la Villa\" align=\"left\">Juan G\u00f3mez de Mora fue un&nbsp;arquitecto del Barroco espa\u00f1ol. Naci\u00f3 en Cuenca en el a\u00f1o 1586. Fue hijo del c\u00e9lebre pintor de C\u00e1mara don Juan G\u00f3mez en la corte de Felipe II. Su t\u00edo era Francisco de Mora, arquitecto que dise\u00f1\u00f3 numerosos edificios madrile\u00f1os del siglo XVI. Juan G\u00f3mez de Mora se convirti\u00f3 en el arquitecto predilecto de Felipe III, trabajando en las reformas del Alc\u00e1zar de Madrid. La arquitectura de Juan G\u00f3mez se caracteriz\u00f3 por su simetr\u00eda, producto de la influencia del estilo herreriano que hab\u00eda comenzado con Juan de Herrera en las obras de El Escorial. No obstante, incorpor\u00f3 elementos decorativos lo que le llev\u00f3 a ser considerado uno de los primeros arquitectos del barroco de Madrid. Entre sus obras es preciso destacar la Plaza Mayor o el convento de la Encarnaci\u00f3n de Madrid. Falleci\u00f3 en el a\u00f1o 1648.<\/p>\n<p style=\"text-align: justify\">Para leer m\u00e1s:<\/p>\n<ul>\n<li style=\"text-align: justify\">A. Bonet Correa, <em>El plano de Juan G\u00f3mez de Mora de la Plaza Mayor de Madrid en 1636<\/em>, en \u00abAnales del Instituto de Estudios Madrile\u00f1os\u00bb, 9 (1973), pp. 15-53.<\/li>\n<li style=\"text-align: justify\">M. Agull\u00f3 Cobo, <em>Documentos para la biograf\u00eda de Juan G\u00f3mez de Mora<\/em>, en \u00abAnales del Instituto de Estudios Madrile\u00f1os\u00bb, 9 (1973), pp. 55-80.<\/li>\n<\/ul><\/div>\n<p><\/p>\n","protected":false},"excerpt":{"rendered":"<p>Juan G\u00f3mez de Mora Juan G\u00f3mez de Mora fue un&nbsp;arquitecto del Barroco espa\u00f1ol. Naci\u00f3 en Cuenca en el a\u00f1o 1586. Fue hijo del c\u00e9lebre pintor de C\u00e1mara don Juan G\u00f3mez en la corte de Felipe II. Su t\u00edo era Francisco de Mora, arquitecto que dise\u00f1\u00f3&hellip;<\/p>\n","protected":false},"author":1,"featured_media":0,"parent":6639,"menu_order":0,"comment_status":"closed","ping_status":"closed","template":"","meta":{"footnotes":""},"class_list":["post-7455","page","type-page","status-publish","hentry"],"_links":{"self":[{"href":"https:\/\/digitalhistory.unite.it\/es\/wp-json\/wp\/v2\/pages\/7455","targetHints":{"allow":["GET"]}}],"collection":[{"href":"https:\/\/digitalhistory.unite.it\/es\/wp-json\/wp\/v2\/pages"}],"about":[{"href":"https:\/\/digitalhistory.unite.it\/es\/wp-json\/wp\/v2\/types\/page"}],"author":[{"embeddable":true,"href":"https:\/\/digitalhistory.unite.it\/es\/wp-json\/wp\/v2\/users\/1"}],"replies":[{"embeddable":true,"href":"https:\/\/digitalhistory.unite.it\/es\/wp-json\/wp\/v2\/comments?post=7455"}],"version-history":[{"count":2,"href":"https:\/\/digitalhistory.unite.it\/es\/wp-json\/wp\/v2\/pages\/7455\/revisions"}],"predecessor-version":[{"id":12103,"href":"https:\/\/digitalhistory.unite.it\/es\/wp-json\/wp\/v2\/pages\/7455\/revisions\/12103"}],"up":[{"embeddable":true,"href":"https:\/\/digitalhistory.unite.it\/es\/wp-json\/wp\/v2\/pages\/6639"}],"wp:attachment":[{"href":"https:\/\/digitalhistory.unite.it\/es\/wp-json\/wp\/v2\/media?parent=7455"}],"curies":[{"name":"wp","href":"https:\/\/api.w.org\/{rel}","templated":true}]}}