{"id":7456,"date":"2021-08-20T00:04:37","date_gmt":"2021-08-19T22:04:37","guid":{"rendered":"https:\/\/digitalhistory.unite.it\/napoles-y-el-cardinal-ascanio-filomarino\/"},"modified":"2021-11-23T15:29:13","modified_gmt":"2021-11-23T14:29:13","slug":"napoles-y-el-cardinal-ascanio-filomarino","status":"publish","type":"page","link":"https:\/\/digitalhistory.unite.it\/es\/territorios\/itinerarios-urbanos\/napoles-y-el-cardinal-ascanio-filomarino\/","title":{"rendered":"N\u00e1poles y el cardenal Ascanio Filomarino"},"content":{"rendered":"<h1>N\u00e1poles y el cardenal Ascanio Filomarino <\/h1>\n<div class=\"testo\">\n<ul>\n<li><a href=\"\/es\/territorios\/itinerarios-urbanos\/napoles-y-el-cardinal-ascanio-filomarino\/un-ambicioso-prelado\/\" title=\"Un ambicioso prelado\">Un ambicioso prelado y su pasi\u00f3n por el arte<\/a><\/li>\n<li><a href=\"\/es\/territorios\/itinerarios-urbanos\/napoles-y-el-cardinal-ascanio-filomarino\/el-cardenal-en-napoles-palacio-filomarino\/\" title=\"El cardenal en N\u00e1poles: Palacio Filomarino\">El cardenal en N\u00e1poles: Palacio Filomarino<\/a><\/li>\n<li><a href=\"\/es\/territorios\/itinerarios-urbanos\/napoles-y-el-cardinal-ascanio-filomarino\/el-palacio-arzobispal-y-la-catedral\/\" title=\"El Palacio arzobispal y la Catedral\">El Palacio arzobispal y la Catedral<\/a><\/li>\n<li><a href=\"\/es\/territorios\/itinerarios-urbanos\/napoles-y-el-cardinal-ascanio-filomarino\/filomarino-y-la-revuelta-de-masaniello\/\" title=\"Filomarino y la revuelta de Masaniello\">Filomarino y la revuelta de Masaniello<\/a><\/li>\n<li><a href=\"\/es\/territorios\/itinerarios-urbanos\/napoles-y-el-cardinal-ascanio-filomarino\/el-palacio-real\/\" title=\"El Palacio Real\">El Palacio Real<\/a><\/li>\n<li><a href=\"\/es\/territorios\/itinerarios-urbanos\/napoles-y-el-cardinal-ascanio-filomarino\/la-basilica-del-carmen-mayor\/\" title=\"La Bas\u00edlica del Carmen Mayor\">La Bas\u00edlica del Carmen Mayor<\/a><\/li>\n<li><a href=\"\/es\/territorios\/itinerarios-urbanos\/napoles-y-el-cardinal-ascanio-filomarino\/la-iglesia-de-los-santos-apostoles-y-la-capilla-filomarino\/\" title=\"La Iglesia de los Santos Ap\u00f3stoles y la capilla Filomarino\">La Iglesia de los Santos Ap\u00f3stoles y la capilla Filomarino<\/a><\/li>\n<\/ul><\/div>\n<p><\/p>\n","protected":false},"excerpt":{"rendered":"<p>N\u00e1poles y el cardenal Ascanio Filomarino Un ambicioso prelado y su pasi\u00f3n por el arte El cardenal en N\u00e1poles: Palacio Filomarino El Palacio arzobispal y la Catedral Filomarino y la revuelta de Masaniello El Palacio Real La Bas\u00edlica del Carmen Mayor La Iglesia de los&hellip;<\/p>\n","protected":false},"author":1,"featured_media":0,"parent":5909,"menu_order":0,"comment_status":"closed","ping_status":"closed","template":"","meta":{"footnotes":""},"class_list":["post-7456","page","type-page","status-publish","hentry"],"_links":{"self":[{"href":"https:\/\/digitalhistory.unite.it\/es\/wp-json\/wp\/v2\/pages\/7456","targetHints":{"allow":["GET"]}}],"collection":[{"href":"https:\/\/digitalhistory.unite.it\/es\/wp-json\/wp\/v2\/pages"}],"about":[{"href":"https:\/\/digitalhistory.unite.it\/es\/wp-json\/wp\/v2\/types\/page"}],"author":[{"embeddable":true,"href":"https:\/\/digitalhistory.unite.it\/es\/wp-json\/wp\/v2\/users\/1"}],"replies":[{"embeddable":true,"href":"https:\/\/digitalhistory.unite.it\/es\/wp-json\/wp\/v2\/comments?post=7456"}],"version-history":[{"count":2,"href":"https:\/\/digitalhistory.unite.it\/es\/wp-json\/wp\/v2\/pages\/7456\/revisions"}],"predecessor-version":[{"id":12151,"href":"https:\/\/digitalhistory.unite.it\/es\/wp-json\/wp\/v2\/pages\/7456\/revisions\/12151"}],"up":[{"embeddable":true,"href":"https:\/\/digitalhistory.unite.it\/es\/wp-json\/wp\/v2\/pages\/5909"}],"wp:attachment":[{"href":"https:\/\/digitalhistory.unite.it\/es\/wp-json\/wp\/v2\/media?parent=7456"}],"curies":[{"name":"wp","href":"https:\/\/api.w.org\/{rel}","templated":true}]}}