{"id":7457,"date":"2021-08-20T00:04:37","date_gmt":"2021-08-19T22:04:37","guid":{"rendered":"https:\/\/digitalhistory.unite.it\/benevento\/"},"modified":"2021-11-23T15:36:56","modified_gmt":"2021-11-23T14:36:56","slug":"benevento","status":"publish","type":"page","link":"https:\/\/digitalhistory.unite.it\/es\/territorios\/itinerarios-urbanos\/napoles-y-el-cardinal-ascanio-filomarino\/un-ambicioso-prelado\/benevento\/","title":{"rendered":"Benevento"},"content":{"rendered":"<h1>Benevento <\/h1>\n<div class=\"testo\">\n<p style=\"text-align: justify\"><img loading=\"lazy\" decoding=\"async\" src=\"https:\/\/digitalhistory.unite.it\/wp-content\/uploads\/2021\/08\/benevento-fontana_orsini_227x261.jpg\" width=\"227\" height=\"261\" alt=\"Benevento\" align=\"left\">Situado en la actual regi\u00f3n italiana de Campania, Benevento tiene or\u00edgenes antiqu\u00edsimos. Fundada seg\u00fan el mito por el h\u00e9roe hom\u00e9rico Diomedes, en realidad naci\u00f3 por iniciativa de los pueblos de los Oscos y Samnitas. Conquistada por los romanos, la ciudad fue saqueada varias veces y fue objeto de varias dominaciones desde finales de la Antig\u00fcedad y los primeros siglos de la Edad Media. Sede de un poderoso ducado en \u00e9poca Longobarda, que se mantuvo independiente incluso cuando se enfrentaron a Carlomagno y al ej\u00e9rcito de los Francos, fue despu\u00e9s principado independiente, y a partir del&nbsp; siglo XI, y con excepci\u00f3n de un breve par\u00e9ntesis normando, estuvo bajo el control pontificio. Convertida en parte del reino de N\u00e1poles en el siglo XIII, Benevento fue, sin embargo, colocada bajo la influencia papal tambi\u00e9n en siglos posteriores. Fue, por ejemplo, el futuro Benedicto XIII, Vincenzo Maria Orsini, quien se encarg\u00f3 en primera persona de la reconstrucci\u00f3n de la ciudad tras los terremotos que la azotaron a caballo entre los siglos XVII y XVIII.<\/p>\n<\/p><\/div>\n<p><\/p>\n","protected":false},"excerpt":{"rendered":"<p>Benevento Situado en la actual regi\u00f3n italiana de Campania, Benevento tiene or\u00edgenes antiqu\u00edsimos. Fundada seg\u00fan el mito por el h\u00e9roe hom\u00e9rico Diomedes, en realidad naci\u00f3 por iniciativa de los pueblos de los Oscos y Samnitas. Conquistada por los romanos, la ciudad fue saqueada varias veces&hellip;<\/p>\n","protected":false},"author":1,"featured_media":0,"parent":6640,"menu_order":0,"comment_status":"closed","ping_status":"closed","template":"","meta":{"footnotes":""},"class_list":["post-7457","page","type-page","status-publish","hentry"],"_links":{"self":[{"href":"https:\/\/digitalhistory.unite.it\/es\/wp-json\/wp\/v2\/pages\/7457","targetHints":{"allow":["GET"]}}],"collection":[{"href":"https:\/\/digitalhistory.unite.it\/es\/wp-json\/wp\/v2\/pages"}],"about":[{"href":"https:\/\/digitalhistory.unite.it\/es\/wp-json\/wp\/v2\/types\/page"}],"author":[{"embeddable":true,"href":"https:\/\/digitalhistory.unite.it\/es\/wp-json\/wp\/v2\/users\/1"}],"replies":[{"embeddable":true,"href":"https:\/\/digitalhistory.unite.it\/es\/wp-json\/wp\/v2\/comments?post=7457"}],"version-history":[{"count":2,"href":"https:\/\/digitalhistory.unite.it\/es\/wp-json\/wp\/v2\/pages\/7457\/revisions"}],"predecessor-version":[{"id":12166,"href":"https:\/\/digitalhistory.unite.it\/es\/wp-json\/wp\/v2\/pages\/7457\/revisions\/12166"}],"up":[{"embeddable":true,"href":"https:\/\/digitalhistory.unite.it\/es\/wp-json\/wp\/v2\/pages\/6640"}],"wp:attachment":[{"href":"https:\/\/digitalhistory.unite.it\/es\/wp-json\/wp\/v2\/media?parent=7457"}],"curies":[{"name":"wp","href":"https:\/\/api.w.org\/{rel}","templated":true}]}}