{"id":7460,"date":"2021-08-20T00:04:37","date_gmt":"2021-08-19T22:04:37","guid":{"rendered":"https:\/\/digitalhistory.unite.it\/nicolas-poussin\/"},"modified":"2021-11-23T17:45:16","modified_gmt":"2021-11-23T16:45:16","slug":"nicolas-poussin","status":"publish","type":"page","link":"https:\/\/digitalhistory.unite.it\/es\/territorios\/itinerarios-urbanos\/napoles-y-el-cardinal-ascanio-filomarino\/un-ambicioso-prelado\/nicolas-poussin\/","title":{"rendered":"Nicolas Poussin"},"content":{"rendered":"<h1>Nicolas Poussin <\/h1>\n<div class=\"testo\">\n<p style=\"text-align: justify\"><img loading=\"lazy\" decoding=\"async\" src=\"https:\/\/digitalhistory.unite.it\/wp-content\/uploads\/2021\/08\/nicolas_poussin_227x299.jpg\" width=\"227\" height=\"299\" alt=\"Poussin\" align=\"left\">Nicolas Poussin (1594-1665) naci\u00f3 en Francia, donde estudi\u00f3 pintura italiana. Probablemente despu\u00e9s de reunirse con Giambattista Marino decidi\u00f3 hacer un viaje a Italia: tras una primera estancia en Venecia, lleg\u00f3 a Roma en 1624, donde entr\u00f3 de inmediato en el c\u00edrculo art\u00edstico que giraba en torno a la figura del cardenal Francesco Barberini. En Roma permaneci\u00f3 hasta 1640: volvi\u00f3 a Par\u00eds y tras ser recibido triunfalmente por Luis XIII y Richelieu, decidi\u00f3 regresar a Roma en 1642, donde permaneci\u00f3 hasta su muerte. Entre los principales exponentes de la pintura europea del siglo XVII, Poussin sigui\u00f3 un ideal de arte a base del orden, la l\u00f3gica y la armon\u00eda, lo que represent\u00f3 un modelo constante para el clasicismo de los siglos sucesivos. Entre sus obras, que van desde el tema religioso al hist\u00f3rico y al mitol\u00f3gico, se recuerdan: <em>El Martirio de San Erasmo<\/em> (1628), <em>El rapto de las Sabinas<\/em> (1637), <em>Paisaje con los funerales de Focione<\/em> (1648) y las <em>Cuatro Estaciones<\/em> (1660).<\/p>\n<\/p><\/div>\n<p><\/p>\n","protected":false},"excerpt":{"rendered":"<p>Nicolas Poussin Nicolas Poussin (1594-1665) naci\u00f3 en Francia, donde estudi\u00f3 pintura italiana. Probablemente despu\u00e9s de reunirse con Giambattista Marino decidi\u00f3 hacer un viaje a Italia: tras una primera estancia en Venecia, lleg\u00f3 a Roma en 1624, donde entr\u00f3 de inmediato en el c\u00edrculo art\u00edstico que&hellip;<\/p>\n","protected":false},"author":1,"featured_media":0,"parent":6640,"menu_order":0,"comment_status":"closed","ping_status":"closed","template":"","meta":{"footnotes":""},"class_list":["post-7460","page","type-page","status-publish","hentry"],"_links":{"self":[{"href":"https:\/\/digitalhistory.unite.it\/es\/wp-json\/wp\/v2\/pages\/7460","targetHints":{"allow":["GET"]}}],"collection":[{"href":"https:\/\/digitalhistory.unite.it\/es\/wp-json\/wp\/v2\/pages"}],"about":[{"href":"https:\/\/digitalhistory.unite.it\/es\/wp-json\/wp\/v2\/types\/page"}],"author":[{"embeddable":true,"href":"https:\/\/digitalhistory.unite.it\/es\/wp-json\/wp\/v2\/users\/1"}],"replies":[{"embeddable":true,"href":"https:\/\/digitalhistory.unite.it\/es\/wp-json\/wp\/v2\/comments?post=7460"}],"version-history":[{"count":2,"href":"https:\/\/digitalhistory.unite.it\/es\/wp-json\/wp\/v2\/pages\/7460\/revisions"}],"predecessor-version":[{"id":12169,"href":"https:\/\/digitalhistory.unite.it\/es\/wp-json\/wp\/v2\/pages\/7460\/revisions\/12169"}],"up":[{"embeddable":true,"href":"https:\/\/digitalhistory.unite.it\/es\/wp-json\/wp\/v2\/pages\/6640"}],"wp:attachment":[{"href":"https:\/\/digitalhistory.unite.it\/es\/wp-json\/wp\/v2\/media?parent=7460"}],"curies":[{"name":"wp","href":"https:\/\/api.w.org\/{rel}","templated":true}]}}