{"id":7461,"date":"2021-08-20T00:04:37","date_gmt":"2021-08-19T22:04:37","guid":{"rendered":"https:\/\/digitalhistory.unite.it\/annibale-carracci\/"},"modified":"2021-11-23T17:45:16","modified_gmt":"2021-11-23T16:45:16","slug":"annibale-carracci","status":"publish","type":"page","link":"https:\/\/digitalhistory.unite.it\/es\/territorios\/itinerarios-urbanos\/napoles-y-el-cardinal-ascanio-filomarino\/un-ambicioso-prelado\/annibale-carracci\/","title":{"rendered":"Annibale Carracci"},"content":{"rendered":"<h1>Annibale Carracci <\/h1>\n<div class=\"testo\">\n<p style=\"text-align: justify\"><img loading=\"lazy\" decoding=\"async\" src=\"https:\/\/digitalhistory.unite.it\/wp-content\/uploads\/2021\/08\/annibale_carracci_-_self-portrait_227x287.jpg\" width=\"227\" height=\"287\" alt=\"Annibale Carracci\" align=\"left\">Annibale Carracci (1560-1609) es el mayor exponente del grupo de los Carracci, al que tambi\u00e9n pertenec\u00eda su hermano Agostino (1557-1602) y su primo Ludovico (1555-1619). Desde Bolonia, su ciudad natal, los Carracci propusieron una renovaci\u00f3n de la pintura, que super\u00f3 el Manierismo a trav\u00e9s de una vuelta a la historia y a la naturaleza, y al estudio de los grandes maestros del siglo XVI. Por medio de las actividades de la Academia fundada por ellos (Academia dei Desiderosi &#8211; de los &#8220;deseosos&#8221; -, despu\u00e9s Academia degli Incamminati &#8211; de los &#8220;encaminados&#8221;), los Carracci representaron un modelo que ser\u00eda seguido por muchos artistas en el siglo XVII. En concreto, el arte de Annibale aument\u00f3 su categor\u00eda con los viajes de formaci\u00f3n a Parma, Venecia y Toscana, y m\u00e1s a\u00fan desde que, a partir de 1595, dej\u00f3 Bolonia para instalarse en Roma. Entre sus obras: la <em>Huida a Egipto<\/em>, conservada en la Galer\u00eda Doria Pamphili, en Roma, y el <em>Triunfo de Baco y Ariadna<\/em>, que tambi\u00e9n se conserva en Roma, en la Galer\u00eda del Palacio Farnesio.<\/p>\n<\/p><\/div>\n<p><\/p>\n","protected":false},"excerpt":{"rendered":"<p>Annibale Carracci Annibale Carracci (1560-1609) es el mayor exponente del grupo de los Carracci, al que tambi\u00e9n pertenec\u00eda su hermano Agostino (1557-1602) y su primo Ludovico (1555-1619). Desde Bolonia, su ciudad natal, los Carracci propusieron una renovaci\u00f3n de la pintura, que super\u00f3 el Manierismo a&hellip;<\/p>\n","protected":false},"author":1,"featured_media":0,"parent":6640,"menu_order":0,"comment_status":"closed","ping_status":"closed","template":"","meta":{"footnotes":""},"class_list":["post-7461","page","type-page","status-publish","hentry"],"_links":{"self":[{"href":"https:\/\/digitalhistory.unite.it\/es\/wp-json\/wp\/v2\/pages\/7461","targetHints":{"allow":["GET"]}}],"collection":[{"href":"https:\/\/digitalhistory.unite.it\/es\/wp-json\/wp\/v2\/pages"}],"about":[{"href":"https:\/\/digitalhistory.unite.it\/es\/wp-json\/wp\/v2\/types\/page"}],"author":[{"embeddable":true,"href":"https:\/\/digitalhistory.unite.it\/es\/wp-json\/wp\/v2\/users\/1"}],"replies":[{"embeddable":true,"href":"https:\/\/digitalhistory.unite.it\/es\/wp-json\/wp\/v2\/comments?post=7461"}],"version-history":[{"count":2,"href":"https:\/\/digitalhistory.unite.it\/es\/wp-json\/wp\/v2\/pages\/7461\/revisions"}],"predecessor-version":[{"id":12165,"href":"https:\/\/digitalhistory.unite.it\/es\/wp-json\/wp\/v2\/pages\/7461\/revisions\/12165"}],"up":[{"embeddable":true,"href":"https:\/\/digitalhistory.unite.it\/es\/wp-json\/wp\/v2\/pages\/6640"}],"wp:attachment":[{"href":"https:\/\/digitalhistory.unite.it\/es\/wp-json\/wp\/v2\/media?parent=7461"}],"curies":[{"name":"wp","href":"https:\/\/api.w.org\/{rel}","templated":true}]}}