{"id":7462,"date":"2021-08-20T00:04:37","date_gmt":"2021-08-19T22:04:37","guid":{"rendered":"https:\/\/digitalhistory.unite.it\/pietro-da-cortona\/"},"modified":"2021-11-23T17:45:16","modified_gmt":"2021-11-23T16:45:16","slug":"pietro-da-cortona","status":"publish","type":"page","link":"https:\/\/digitalhistory.unite.it\/es\/territorios\/itinerarios-urbanos\/napoles-y-el-cardinal-ascanio-filomarino\/un-ambicioso-prelado\/pietro-da-cortona\/","title":{"rendered":"Pietro da Cortona"},"content":{"rendered":"<h1>Pietro da Cortona <\/h1>\n<div class=\"testo\">\n<p style=\"text-align: justify\"><img loading=\"lazy\" decoding=\"async\" src=\"https:\/\/digitalhistory.unite.it\/wp-content\/uploads\/2021\/08\/pietro_da_cortona_001_226x282.jpg\" width=\"226\" height=\"282\" alt=\"Pietro da Cortona\" align=\"left\">Pietro Berrettini, conocido como Pietro da Cortona (1596-1669) fue pintor y arquitecto. Abandonando Cortona para ir a Roma en 1612, estuvo influenciado en gran medida por el estudio de los grandes maestros del siglo XVI, pero tambi\u00e9n por el trabajo de sus contempor\u00e1neos como Annibale Carracci y Gian Lorenzo Bernini. Bajo la protecci\u00f3n de personajes cercanos al Papa Urbano VIII como Cassiano dal Pozzo, Giulio Sacchetti y el cardenal Francesco Barberini, sobresali\u00f3 como uno de los principales artistas de la Roma barroca. En 1634 fue elegido pr\u00edncipe de la Academia de San Luca. Durante diez a\u00f1os (1637-1647) trabaj\u00f3 en el Palacio Pitti de Florencia. Entre sus pinturas destacan: <em>El rapto de las Sabinas<\/em> (1627-1629); el <em>Triunfo de la Divina Providencia<\/em>, en la b\u00f3veda de la sala del Palazzo Barberini en Roma (1633-1639); los frescos de la Sala de la Estufa en el Palazzo Pitti en Florencia (1637-1647); las <em>Historias de Eneas<\/em> en el Palazzo Pamphili en Roma (1651-1654). En su actividad como arquitecto, destac\u00f3 su labor en las&nbsp;iglesias romanas de Santa Maria della Pace, de Santa Maria in Via Lata y de&nbsp;San Carlo al Corso.<\/p>\n<\/p><\/div>\n<p><\/p>\n","protected":false},"excerpt":{"rendered":"<p>Pietro da Cortona Pietro Berrettini, conocido como Pietro da Cortona (1596-1669) fue pintor y arquitecto. Abandonando Cortona para ir a Roma en 1612, estuvo influenciado en gran medida por el estudio de los grandes maestros del siglo XVI, pero tambi\u00e9n por el trabajo de sus&hellip;<\/p>\n","protected":false},"author":1,"featured_media":0,"parent":6640,"menu_order":0,"comment_status":"closed","ping_status":"closed","template":"","meta":{"footnotes":""},"class_list":["post-7462","page","type-page","status-publish","hentry"],"_links":{"self":[{"href":"https:\/\/digitalhistory.unite.it\/es\/wp-json\/wp\/v2\/pages\/7462","targetHints":{"allow":["GET"]}}],"collection":[{"href":"https:\/\/digitalhistory.unite.it\/es\/wp-json\/wp\/v2\/pages"}],"about":[{"href":"https:\/\/digitalhistory.unite.it\/es\/wp-json\/wp\/v2\/types\/page"}],"author":[{"embeddable":true,"href":"https:\/\/digitalhistory.unite.it\/es\/wp-json\/wp\/v2\/users\/1"}],"replies":[{"embeddable":true,"href":"https:\/\/digitalhistory.unite.it\/es\/wp-json\/wp\/v2\/comments?post=7462"}],"version-history":[{"count":2,"href":"https:\/\/digitalhistory.unite.it\/es\/wp-json\/wp\/v2\/pages\/7462\/revisions"}],"predecessor-version":[{"id":12170,"href":"https:\/\/digitalhistory.unite.it\/es\/wp-json\/wp\/v2\/pages\/7462\/revisions\/12170"}],"up":[{"embeddable":true,"href":"https:\/\/digitalhistory.unite.it\/es\/wp-json\/wp\/v2\/pages\/6640"}],"wp:attachment":[{"href":"https:\/\/digitalhistory.unite.it\/es\/wp-json\/wp\/v2\/media?parent=7462"}],"curies":[{"name":"wp","href":"https:\/\/api.w.org\/{rel}","templated":true}]}}