{"id":7463,"date":"2021-08-20T00:04:37","date_gmt":"2021-08-19T22:04:37","guid":{"rendered":"https:\/\/digitalhistory.unite.it\/guido-reni\/"},"modified":"2021-11-23T17:45:16","modified_gmt":"2021-11-23T16:45:16","slug":"guido-reni","status":"publish","type":"page","link":"https:\/\/digitalhistory.unite.it\/es\/territorios\/itinerarios-urbanos\/napoles-y-el-cardinal-ascanio-filomarino\/un-ambicioso-prelado\/guido-reni\/","title":{"rendered":"Guido Reni"},"content":{"rendered":"<h1>Guido Reni <\/h1>\n<div class=\"testo\">\n<p style=\"text-align: justify\"><img loading=\"lazy\" decoding=\"async\" src=\"https:\/\/digitalhistory.unite.it\/wp-content\/uploads\/2021\/08\/guido_reni_203x250.jpg\" width=\"203\" height=\"250\" alt=\"Guido Reni\" align=\"left\">Disc\u00edpulo, como Francesco Albani, del manierista Calvaert, Guido Reni (1575-1642) entr\u00f3 con veinte a\u00f1os en la academia de los Carracci. Pronto, apart\u00e1ndose de la influencia manierista y la ense\u00f1anza de los Carracci, Reni desarroll\u00f3 su propio estilo personal, entre su Bolonia natal y las estancias m\u00e1s o menos largas en Roma y en otras ciudades italianas, imponi\u00e9ndose as\u00ed como uno de los grandes maestros de la pintura italiana del Seiscientos. Entre sus obras: la <em>Crucifixi\u00f3n de San Pedro<\/em> (Pinacoteca Vaticana), la <em>Matanza de los inocentes<\/em> (Bolonia, Pinacoteca Nazionale), los <em>Trabajos de H\u00e9rcules<\/em> (Par\u00eds, Louvre), la <em>Adoraci\u00f3n de los Pastores<\/em> (Londres, National Gallery) y <em>Cleopatra<\/em> (Roma, Pinacoteca Capitolina).<\/p>\n<\/p><\/div>\n<p><\/p>\n","protected":false},"excerpt":{"rendered":"<p>Guido Reni Disc\u00edpulo, como Francesco Albani, del manierista Calvaert, Guido Reni (1575-1642) entr\u00f3 con veinte a\u00f1os en la academia de los Carracci. Pronto, apart\u00e1ndose de la influencia manierista y la ense\u00f1anza de los Carracci, Reni desarroll\u00f3 su propio estilo personal, entre su Bolonia natal y&hellip;<\/p>\n","protected":false},"author":1,"featured_media":0,"parent":6640,"menu_order":0,"comment_status":"closed","ping_status":"closed","template":"","meta":{"footnotes":""},"class_list":["post-7463","page","type-page","status-publish","hentry"],"_links":{"self":[{"href":"https:\/\/digitalhistory.unite.it\/es\/wp-json\/wp\/v2\/pages\/7463","targetHints":{"allow":["GET"]}}],"collection":[{"href":"https:\/\/digitalhistory.unite.it\/es\/wp-json\/wp\/v2\/pages"}],"about":[{"href":"https:\/\/digitalhistory.unite.it\/es\/wp-json\/wp\/v2\/types\/page"}],"author":[{"embeddable":true,"href":"https:\/\/digitalhistory.unite.it\/es\/wp-json\/wp\/v2\/users\/1"}],"replies":[{"embeddable":true,"href":"https:\/\/digitalhistory.unite.it\/es\/wp-json\/wp\/v2\/comments?post=7463"}],"version-history":[{"count":2,"href":"https:\/\/digitalhistory.unite.it\/es\/wp-json\/wp\/v2\/pages\/7463\/revisions"}],"predecessor-version":[{"id":12167,"href":"https:\/\/digitalhistory.unite.it\/es\/wp-json\/wp\/v2\/pages\/7463\/revisions\/12167"}],"up":[{"embeddable":true,"href":"https:\/\/digitalhistory.unite.it\/es\/wp-json\/wp\/v2\/pages\/6640"}],"wp:attachment":[{"href":"https:\/\/digitalhistory.unite.it\/es\/wp-json\/wp\/v2\/media?parent=7463"}],"curies":[{"name":"wp","href":"https:\/\/api.w.org\/{rel}","templated":true}]}}