{"id":7465,"date":"2021-08-20T00:04:37","date_gmt":"2021-08-19T22:04:37","guid":{"rendered":"https:\/\/digitalhistory.unite.it\/la-republica-napolitana-del-1799\/"},"modified":"2021-11-23T15:29:14","modified_gmt":"2021-11-23T14:29:14","slug":"la-republica-napolitana-del-1799","status":"publish","type":"page","link":"https:\/\/digitalhistory.unite.it\/es\/territorios\/itinerarios-urbanos\/napoles-y-el-cardinal-ascanio-filomarino\/un-ambicioso-prelado\/la-republica-napolitana-del-1799\/","title":{"rendered":"La Rep\u00fablica Napolitana del 1799"},"content":{"rendered":"<h1>La Rep\u00fablica Napolitana del 1799 <\/h1>\n<div class=\"testo\">\n<p style=\"text-align: justify\"><img loading=\"lazy\" decoding=\"async\" src=\"https:\/\/digitalhistory.unite.it\/wp-content\/uploads\/2021\/08\/eleonora_fonseca_pimentel_204x250.jpg\" width=\"204\" height=\"250\" alt=\"Fonseca Pimentel\" align=\"left\">Tras la conquista del reino de N\u00e1poles por las tropas de la Francia revolucionaria dirigida por el general Championnet, se proclam\u00f3 en N\u00e1poles una rep\u00fablica filofrancesa, encabezada por muchos personajes destacados de la burgues\u00eda y la intelectualidad napolitana. La rep\u00fablica, que se proclam\u00f3 el 23 de enero de 1799, dur\u00f3 tan s\u00f3lo hasta el mes de julio del mismo a\u00f1o: una vez retiradas las tropas francesas del sur de Italia, con la vuelta al trono de Fernando IV de Borb\u00f3n, los republicanos fueron detenidos, juzgados, y algunos de ellos ejecutados. Entre estos \u00faltimos, recordamos a: Ignazio Ciaia, Pasquale Baffi, Mario Pagano, Eleonora Pimentel Fonseca, Luisa Sanfelice, Domenico Cirillo, Francesco Caracciolo, Giuseppe Leonardo Albanese y Vincenzo Russo.<\/p>\n<\/p><\/div>\n<p><\/p>\n","protected":false},"excerpt":{"rendered":"<p>La Rep\u00fablica Napolitana del 1799 Tras la conquista del reino de N\u00e1poles por las tropas de la Francia revolucionaria dirigida por el general Championnet, se proclam\u00f3 en N\u00e1poles una rep\u00fablica filofrancesa, encabezada por muchos personajes destacados de la burgues\u00eda y la intelectualidad napolitana. La rep\u00fablica,&hellip;<\/p>\n","protected":false},"author":1,"featured_media":0,"parent":6640,"menu_order":0,"comment_status":"closed","ping_status":"closed","template":"","meta":{"footnotes":""},"class_list":["post-7465","page","type-page","status-publish","hentry"],"_links":{"self":[{"href":"https:\/\/digitalhistory.unite.it\/es\/wp-json\/wp\/v2\/pages\/7465","targetHints":{"allow":["GET"]}}],"collection":[{"href":"https:\/\/digitalhistory.unite.it\/es\/wp-json\/wp\/v2\/pages"}],"about":[{"href":"https:\/\/digitalhistory.unite.it\/es\/wp-json\/wp\/v2\/types\/page"}],"author":[{"embeddable":true,"href":"https:\/\/digitalhistory.unite.it\/es\/wp-json\/wp\/v2\/users\/1"}],"replies":[{"embeddable":true,"href":"https:\/\/digitalhistory.unite.it\/es\/wp-json\/wp\/v2\/comments?post=7465"}],"version-history":[{"count":2,"href":"https:\/\/digitalhistory.unite.it\/es\/wp-json\/wp\/v2\/pages\/7465\/revisions"}],"predecessor-version":[{"id":12168,"href":"https:\/\/digitalhistory.unite.it\/es\/wp-json\/wp\/v2\/pages\/7465\/revisions\/12168"}],"up":[{"embeddable":true,"href":"https:\/\/digitalhistory.unite.it\/es\/wp-json\/wp\/v2\/pages\/6640"}],"wp:attachment":[{"href":"https:\/\/digitalhistory.unite.it\/es\/wp-json\/wp\/v2\/media?parent=7465"}],"curies":[{"name":"wp","href":"https:\/\/api.w.org\/{rel}","templated":true}]}}