{"id":7468,"date":"2021-08-20T00:04:38","date_gmt":"2021-08-19T22:04:38","guid":{"rendered":"https:\/\/digitalhistory.unite.it\/inocencio-x\/"},"modified":"2021-11-23T15:27:38","modified_gmt":"2021-11-23T14:27:38","slug":"inocencio-x","status":"publish","type":"page","link":"https:\/\/digitalhistory.unite.it\/es\/territorios\/itinerarios-urbanos\/napoles-y-el-cardinal-ascanio-filomarino\/el-cardenal-en-napoles-palacio-filomarino\/inocencio-x\/","title":{"rendered":"Inocencio X"},"content":{"rendered":"<h1>Inocencio X <\/h1>\n<div class=\"testo\">\n<p style=\"text-align: justify\"><img loading=\"lazy\" decoding=\"async\" src=\"https:\/\/digitalhistory.unite.it\/wp-content\/uploads\/2021\/08\/innocent-x-velazquez_227x276.jpg\" width=\"227\" height=\"276\" alt=\"Innocenzo X - Velazquez\" align=\"left\">Giovanni Battista Pamphili (1574-1655) perteneci\u00f3 a una familia noble romana, originaria de Gubbio. Licenciado en Derecho, fue protagonista de una brillante carrera en la Curia antes de ser consagrado obispo (1627) y de ser creado cardenal por el Papa Urbano VIII (1630). A la muerte del Papa, Pamphili fue elegido como su sucesor en el c\u00f3nclave de 1644, eligiendo el nombre de Inocencio X. H\u00e1bil pol\u00edtico, protest\u00f3 en vano contra la Paz de Westfalia, que puso fin a la Guerra de los Treinta A\u00f1os y, sobre todo, a las ambiciones universalistas de la Iglesia Cat\u00f3lica. En 1649, el Papa Inocencio X decidi\u00f3, tras el asesinato del obispo local, la invasi\u00f3n del ducado de Castro y la posterior destrucci\u00f3n de la ciudad (segunda guerra de Castro). Tambi\u00e9n fue el Papa que convoc\u00f3 el XIV jubileo, que conden\u00f3 oficialmente la doctrina jansenista, que confi\u00f3 a Bernini la definitiva sistematizaci\u00f3n de la Piazza Navona. La estrecha relaci\u00f3n del Pont\u00edfice con la cu\u00f1ada, Olimpia Maidalchini, fue una fuente de cr\u00edticas y rumores maliciosos.<\/p>\n<\/p><\/div>\n<p><\/p>\n","protected":false},"excerpt":{"rendered":"<p>Inocencio X Giovanni Battista Pamphili (1574-1655) perteneci\u00f3 a una familia noble romana, originaria de Gubbio. Licenciado en Derecho, fue protagonista de una brillante carrera en la Curia antes de ser consagrado obispo (1627) y de ser creado cardenal por el Papa Urbano VIII (1630). A&hellip;<\/p>\n","protected":false},"author":1,"featured_media":0,"parent":6641,"menu_order":0,"comment_status":"closed","ping_status":"closed","template":"","meta":{"footnotes":""},"class_list":["post-7468","page","type-page","status-publish","hentry"],"_links":{"self":[{"href":"https:\/\/digitalhistory.unite.it\/es\/wp-json\/wp\/v2\/pages\/7468","targetHints":{"allow":["GET"]}}],"collection":[{"href":"https:\/\/digitalhistory.unite.it\/es\/wp-json\/wp\/v2\/pages"}],"about":[{"href":"https:\/\/digitalhistory.unite.it\/es\/wp-json\/wp\/v2\/types\/page"}],"author":[{"embeddable":true,"href":"https:\/\/digitalhistory.unite.it\/es\/wp-json\/wp\/v2\/users\/1"}],"replies":[{"embeddable":true,"href":"https:\/\/digitalhistory.unite.it\/es\/wp-json\/wp\/v2\/comments?post=7468"}],"version-history":[{"count":3,"href":"https:\/\/digitalhistory.unite.it\/es\/wp-json\/wp\/v2\/pages\/7468\/revisions"}],"predecessor-version":[{"id":11123,"href":"https:\/\/digitalhistory.unite.it\/es\/wp-json\/wp\/v2\/pages\/7468\/revisions\/11123"}],"up":[{"embeddable":true,"href":"https:\/\/digitalhistory.unite.it\/es\/wp-json\/wp\/v2\/pages\/6641"}],"wp:attachment":[{"href":"https:\/\/digitalhistory.unite.it\/es\/wp-json\/wp\/v2\/media?parent=7468"}],"curies":[{"name":"wp","href":"https:\/\/api.w.org\/{rel}","templated":true}]}}