{"id":7469,"date":"2021-08-20T00:04:38","date_gmt":"2021-08-19T22:04:38","guid":{"rendered":"https:\/\/digitalhistory.unite.it\/masaniello\/"},"modified":"2021-11-23T15:29:09","modified_gmt":"2021-11-23T14:29:09","slug":"masaniello","status":"publish","type":"page","link":"https:\/\/digitalhistory.unite.it\/es\/territorios\/itinerarios-urbanos\/cosimo-fanzago\/fanzago-y-la-revuelta-de-masaniello\/masaniello\/","title":{"rendered":"Tommaso Aniello conocido como Masaniello"},"content":{"rendered":"<h1>Tommaso Aniello conocido como Masaniello <\/h1>\n<div class=\"testo\">\n<p style=\"text-align: justify\"><img loading=\"lazy\" decoding=\"async\" src=\"https:\/\/digitalhistory.unite.it\/wp-content\/uploads\/2021\/08\/onofrio_palumbo_-_masaniello_226x291.jpg\" width=\"226\" height=\"291\" alt=\"Masaniello\" align=\"left\">Nacido el 20 de junio de 1620 en N\u00e1poles, Tommaso Aniello vivi\u00f3 en el barrio popular del Mercado, ejerciendo de mozo de pescadero. El contrabando al que, con frecuencia, se dedic\u00f3 para escapar de la atenci\u00f3n de los recaudadores de impuestos le oblig\u00f3 a ir a prisi\u00f3n en numerosas ocasiones. Antes del estallido de la revuelta el 7 de julio de 1647, Aniello entr\u00f3 en contacto con Giulio Genoino, protagonista de los disturbios de 1620, en la fase final del gobierno del duque de Osuna. Bajo la cuidadosa direcci\u00f3n de Genoino, el joven vendedor de pescado se convirti\u00f3 en una gu\u00eda y figura simb\u00f3lica de la revuelta. El punto m\u00e1s \u00e1lgido de su poder lleg\u00f3 con el juramento, impuesto al virrey, de los cap\u00edtulos preparados por Genoino, que resum\u00edan las demandas populares y, en particular, la abolici\u00f3n de los impuestos y la paridad de votos entre la &#8220;Piazza&#8221; (Plaza) del pueblo y&nbsp; las &#8220;Piazze&#8221; (Plazas) nobiliarias en el gobierno de la ciudad. Tras ser incontrolable incluso para el propio Genoino y en absoluto dispuesto a renunciar al mando militar de la ciudad, Masaniello fue asesinado por orden de sus propios compa\u00f1eros de lucha en la ma\u00f1ana del 16 de julio. Su cuerpo fue desmembrado y llevado en procesi\u00f3n por las calles de la capital.<\/p>\n<p>Para leer m\u00e1s:<\/p>\n<ul>\n<li>\n<div style=\"text-align: justify\">M. Schipa, <em>Masaniello<\/em>, Bari 1925.<\/div>\n<\/li>\n<li>\n<div style=\"text-align: justify\"><span class=\"cl0324\">S<\/span>. D&#8217;Alessio, <em>Masaniello. La sua vita e il mito in Europa<\/em>, Roma 2007.<\/div>\n<\/li>\n<li style=\"text-align: justify\">F. Benigno, <em>Mirrors of Revolution. Conflict and <span class=\"cl0324\">Political Identity<\/span> in Early Modern Europe<\/em>, Turnhout 2010.<\/li>\n<\/ul><\/div>\n<p><\/p>\n","protected":false},"excerpt":{"rendered":"<p>Tommaso Aniello conocido como Masaniello Nacido el 20 de junio de 1620 en N\u00e1poles, Tommaso Aniello vivi\u00f3 en el barrio popular del Mercado, ejerciendo de mozo de pescadero. El contrabando al que, con frecuencia, se dedic\u00f3 para escapar de la atenci\u00f3n de los recaudadores de&hellip;<\/p>\n","protected":false},"author":1,"featured_media":0,"parent":6658,"menu_order":0,"comment_status":"closed","ping_status":"closed","template":"","meta":{"footnotes":""},"class_list":["post-7469","page","type-page","status-publish","hentry"],"_links":{"self":[{"href":"https:\/\/digitalhistory.unite.it\/es\/wp-json\/wp\/v2\/pages\/7469","targetHints":{"allow":["GET"]}}],"collection":[{"href":"https:\/\/digitalhistory.unite.it\/es\/wp-json\/wp\/v2\/pages"}],"about":[{"href":"https:\/\/digitalhistory.unite.it\/es\/wp-json\/wp\/v2\/types\/page"}],"author":[{"embeddable":true,"href":"https:\/\/digitalhistory.unite.it\/es\/wp-json\/wp\/v2\/users\/1"}],"replies":[{"embeddable":true,"href":"https:\/\/digitalhistory.unite.it\/es\/wp-json\/wp\/v2\/comments?post=7469"}],"version-history":[{"count":2,"href":"https:\/\/digitalhistory.unite.it\/es\/wp-json\/wp\/v2\/pages\/7469\/revisions"}],"predecessor-version":[{"id":12113,"href":"https:\/\/digitalhistory.unite.it\/es\/wp-json\/wp\/v2\/pages\/7469\/revisions\/12113"}],"up":[{"embeddable":true,"href":"https:\/\/digitalhistory.unite.it\/es\/wp-json\/wp\/v2\/pages\/6658"}],"wp:attachment":[{"href":"https:\/\/digitalhistory.unite.it\/es\/wp-json\/wp\/v2\/media?parent=7469"}],"curies":[{"name":"wp","href":"https:\/\/api.w.org\/{rel}","templated":true}]}}