{"id":7472,"date":"2021-08-20T00:04:38","date_gmt":"2021-08-19T22:04:38","guid":{"rendered":"https:\/\/digitalhistory.unite.it\/rodrigo-ponce-de-leon-iv-duque-de-arcos\/"},"modified":"2021-11-23T15:29:09","modified_gmt":"2021-11-23T14:29:09","slug":"rodrigo-ponce-de-leon-iv-duque-de-arcos","status":"publish","type":"page","link":"https:\/\/digitalhistory.unite.it\/es\/territorios\/itinerarios-urbanos\/cosimo-fanzago\/fanzago-y-la-revuelta-de-masaniello\/rodrigo-ponce-de-leon-iv-duque-de-arcos\/","title":{"rendered":"Rodrigo Ponce de Le\u00f3n, IV duque de Arcos"},"content":{"rendered":"<h1>Rodrigo Ponce de Le\u00f3n, IV duque de Arcos <\/h1>\n<div class=\"testo\">\n<p style=\"text-align: justify\">Despu\u00e9s de ejercer con \u00e9xito el cargo de virrey de Valencia, el IV duque de Arcos (1602-1672) fue elegido en 1646 como el sucesor del Almirante de Castilla al gobierno de N\u00e1poles. Al verse de frente a una situaci\u00f3n financiera cr\u00edtica, con el reino agotado por la enorme carga fiscal, el nuevo virrey se vio obligado a imponer un nuevo impuesto para financiar la defensa de Los Presidios de Toscana, atacados por una expedici\u00f3n francesa dirigida por Tommaso de Saboya. As\u00ed se restableci\u00f3 el impuesto sobre la fruta, odiado por la plebe, pero una fuente de grandes beneficios para los prestamistas de la Corona, los nobles y los ciudadanos que ya hab\u00edan anticipado la donaci\u00f3n, y los contratistas y subcontratistas de estos impuestos llamados &#8220;gabelle&#8221;. \u00c9sta fue la chispa que encendi\u00f3 la revuelta de Masaniello. Abrumado por los acontecimientos, el duque de Arcos se mostr\u00f3 incapaz de hacer frente a la situaci\u00f3n: despu\u00e9s de haber jurado los cap\u00edtulos preparados por Genoino, no fue capaz de recuperar el control de la ciudad ni si quiera despu\u00e9s de la muerte de Masaniello, y con la llegada de la flota dirigida por Don Juan de Austria y la proclamaci\u00f3n de la Rep\u00fablica (octubre de 1647) tambi\u00e9n perdi\u00f3 la confianza por parte del gobierno de Madrid. Abandonada N\u00e1poles el 24 de enero de 1648, el duque de Arcos fue privado a partir de entonces de cualquier cargo.<\/p>\n<p style=\"text-align: justify\">Para leer m\u00e1s:<\/p>\n<ul>\n<li>\n<div style=\"text-align: justify\">G. De Caro, <em>Arcos, Rodrigo Ponce de Le\u00f3n duca d&#8217;<\/em>, in <em>Dizionario Biografico degli Italiani<\/em>, v. 4 (1962).<\/div>\n<\/li>\n<li>\n<div style=\"text-align: justify\">A. Musi, <em>La rivolta di Masaniello nella scena politica barocca<\/em>, Napoli 1989.<\/div>\n<\/li>\n<\/ul><\/div>\n<p><\/p>\n","protected":false},"excerpt":{"rendered":"<p>Rodrigo Ponce de Le\u00f3n, IV duque de Arcos Despu\u00e9s de ejercer con \u00e9xito el cargo de virrey de Valencia, el IV duque de Arcos (1602-1672) fue elegido en 1646 como el sucesor del Almirante de Castilla al gobierno de N\u00e1poles. Al verse de frente a&hellip;<\/p>\n","protected":false},"author":1,"featured_media":0,"parent":6658,"menu_order":0,"comment_status":"closed","ping_status":"closed","template":"","meta":{"footnotes":""},"class_list":["post-7472","page","type-page","status-publish","hentry"],"_links":{"self":[{"href":"https:\/\/digitalhistory.unite.it\/es\/wp-json\/wp\/v2\/pages\/7472","targetHints":{"allow":["GET"]}}],"collection":[{"href":"https:\/\/digitalhistory.unite.it\/es\/wp-json\/wp\/v2\/pages"}],"about":[{"href":"https:\/\/digitalhistory.unite.it\/es\/wp-json\/wp\/v2\/types\/page"}],"author":[{"embeddable":true,"href":"https:\/\/digitalhistory.unite.it\/es\/wp-json\/wp\/v2\/users\/1"}],"replies":[{"embeddable":true,"href":"https:\/\/digitalhistory.unite.it\/es\/wp-json\/wp\/v2\/comments?post=7472"}],"version-history":[{"count":2,"href":"https:\/\/digitalhistory.unite.it\/es\/wp-json\/wp\/v2\/pages\/7472\/revisions"}],"predecessor-version":[{"id":12112,"href":"https:\/\/digitalhistory.unite.it\/es\/wp-json\/wp\/v2\/pages\/7472\/revisions\/12112"}],"up":[{"embeddable":true,"href":"https:\/\/digitalhistory.unite.it\/es\/wp-json\/wp\/v2\/pages\/6658"}],"wp:attachment":[{"href":"https:\/\/digitalhistory.unite.it\/es\/wp-json\/wp\/v2\/media?parent=7472"}],"curies":[{"name":"wp","href":"https:\/\/api.w.org\/{rel}","templated":true}]}}