{"id":7473,"date":"2021-08-20T00:04:38","date_gmt":"2021-08-19T22:04:38","guid":{"rendered":"https:\/\/digitalhistory.unite.it\/enrique-ii-de-guisa\/"},"modified":"2021-11-23T15:29:13","modified_gmt":"2021-11-23T14:29:13","slug":"enrique-ii-de-guisa","status":"publish","type":"page","link":"https:\/\/digitalhistory.unite.it\/es\/territorios\/itinerarios-urbanos\/napoles-y-el-cardinal-ascanio-filomarino\/filomarino-y-la-revuelta-de-masaniello\/enrique-ii-de-guisa\/","title":{"rendered":"Enrique II de Guisa"},"content":{"rendered":"<h1>Enrique II de Guisa <\/h1>\n<div class=\"testo\">\n<p style=\"text-align: justify\"><img loading=\"lazy\" decoding=\"async\" src=\"https:\/\/digitalhistory.unite.it\/wp-content\/uploads\/2021\/08\/duca_di_guisa_226x427.jpg\" width=\"226\" height=\"427\" alt=\"Duca di Guisa\" align=\"left\">Enrique II de Guisa (1614-1664) fue el segundog\u00e9nito del duque Carlos I, y como tal, hab\u00eda sido concebido como un ni\u00f1o a la carrera eclesi\u00e1stica. Arzobispo de Reims, a la edad de quince a\u00f1os, obtuvo una dispensa de sus votos, porque fue llamado despu\u00e9s de la muerte de su padre y su hermano mayor, para ser el nuevo duque de Guisa (1640). Su incre\u00edble vida le llev\u00f3 a viajar por toda Europa. En la corte francesa se conspir\u00f3 contra el cardenal Richelieu, luego huy\u00f3 a Flandes para evitar la pena de muerte. Perdonado en 1643 y recuperado el ducado, trat\u00f3 de recuperar el legado que su familia ten\u00eda desde hace tiempo: la de los reyes angevinos sobre el reino de N\u00e1poles. Despu\u00e9s de tomar el juramento en presencia del cardenal Filomarino en el Duomo, el papel de Guisa en la Real Rep\u00fablica Napolitana fue, sin embargo, incierto, y las ambiciones del noble franc\u00e9s sin duda fueron m\u00e1s all\u00e1 del simple comando militar y del papel de protector de la Rep\u00fablica. El regreso de los espa\u00f1oles a la ciudad, en la noche entre el 5 y el 6 de abril de 1648, termin\u00f3 con la ola revolucionaria y el intento de fuga de Guisa. Capturado, el duque pas\u00f3 en prisi\u00f3n los a\u00f1os siguientes, entre N\u00e1poles y Espa\u00f1a. Una vez liberado, intent\u00f3 por segunda vez y de nuevo con escasa fortuna, la conquista del reino de N\u00e1poles. Acab\u00f3 sus d\u00edas en Par\u00eds, como Gran Chambel\u00e1n de Luis XIV.<\/p>\n<p style=\"text-align: justify\">Para leer m\u00e1s:<\/p>\n<ul>\n<li style=\"text-align: justify\">H. de Lorraine, duc de Guise, <em>Les memoires<\/em> <em>de feu Monsieur le duc de Guise<\/em>, Cologne 1669.<\/li>\n<\/ul>\n<\/div>\n<p><\/p>\n","protected":false},"excerpt":{"rendered":"<p>Enrique II de Guisa Enrique II de Guisa (1614-1664) fue el segundog\u00e9nito del duque Carlos I, y como tal, hab\u00eda sido concebido como un ni\u00f1o a la carrera eclesi\u00e1stica. Arzobispo de Reims, a la edad de quince a\u00f1os, obtuvo una dispensa de sus votos, porque&hellip;<\/p>\n","protected":false},"author":1,"featured_media":0,"parent":6643,"menu_order":0,"comment_status":"closed","ping_status":"closed","template":"","meta":{"footnotes":""},"class_list":["post-7473","page","type-page","status-publish","hentry"],"_links":{"self":[{"href":"https:\/\/digitalhistory.unite.it\/es\/wp-json\/wp\/v2\/pages\/7473","targetHints":{"allow":["GET"]}}],"collection":[{"href":"https:\/\/digitalhistory.unite.it\/es\/wp-json\/wp\/v2\/pages"}],"about":[{"href":"https:\/\/digitalhistory.unite.it\/es\/wp-json\/wp\/v2\/types\/page"}],"author":[{"embeddable":true,"href":"https:\/\/digitalhistory.unite.it\/es\/wp-json\/wp\/v2\/users\/1"}],"replies":[{"embeddable":true,"href":"https:\/\/digitalhistory.unite.it\/es\/wp-json\/wp\/v2\/comments?post=7473"}],"version-history":[{"count":2,"href":"https:\/\/digitalhistory.unite.it\/es\/wp-json\/wp\/v2\/pages\/7473\/revisions"}],"predecessor-version":[{"id":12157,"href":"https:\/\/digitalhistory.unite.it\/es\/wp-json\/wp\/v2\/pages\/7473\/revisions\/12157"}],"up":[{"embeddable":true,"href":"https:\/\/digitalhistory.unite.it\/es\/wp-json\/wp\/v2\/pages\/6643"}],"wp:attachment":[{"href":"https:\/\/digitalhistory.unite.it\/es\/wp-json\/wp\/v2\/media?parent=7473"}],"curies":[{"name":"wp","href":"https:\/\/api.w.org\/{rel}","templated":true}]}}