{"id":7474,"date":"2021-08-20T00:04:38","date_gmt":"2021-08-19T22:04:38","guid":{"rendered":"https:\/\/digitalhistory.unite.it\/giulio-mazzarino\/"},"modified":"2021-11-23T17:45:16","modified_gmt":"2021-11-23T16:45:16","slug":"giulio-mazzarino","status":"publish","type":"page","link":"https:\/\/digitalhistory.unite.it\/es\/territorios\/itinerarios-urbanos\/napoles-y-el-cardinal-ascanio-filomarino\/filomarino-y-la-revuelta-de-masaniello\/giulio-mazzarino\/","title":{"rendered":"Giulio Mazzarino"},"content":{"rendered":"<h1>Giulio Mazzarino <\/h1>\n<div class=\"testo\">\n<p style=\"text-align: justify\"><img loading=\"lazy\" decoding=\"async\" src=\"https:\/\/digitalhistory.unite.it\/wp-content\/uploads\/2021\/08\/mazarin_buste_par_lerambert_227x249.jpg\" width=\"227\" height=\"249\" alt=\"Mazzarino\" align=\"left\">Giulio Mazzarino (1602-1661) naci\u00f3 en Pescina, en la actual regi\u00f3n de Abruzzo. Creci\u00f3, sin embargo, en Roma, estudiando en el prestigioso Colegio Romano de la Compa\u00f1\u00eda de Jes\u00fas, aunque nunca entr\u00f3 en la Orden. Despu\u00e9s de graduarse en <em>utroque iure<\/em>, particip\u00f3 en la Guerra de Sucesi\u00f3n de Mantua y Monferrato (1628-1631) primero como un combatiente, y luego, de manera m\u00e1s decisiva, como diplom\u00e1tico para conseguir la firma del Tratado de Cherasco. Este \u00e9xito le abri\u00f3 las puertas de la corte francesa, donde goz\u00f3 de la estima de Luis XIII y sobre todo de su ministro favorito, el cardenal Richelieu. A la muerte de este \u00faltimo, Mazzarino &#8211; que mientras tanto hab\u00eda sido creado cardenal por el Papa Urbano VIII en 1641 &#8211; continu\u00f3 su legado, gobernando Francia en un momento muy delicado de la historia: Luis XIII muri\u00f3 en 1643, su sucesor Luis XIV tan s\u00f3lo ten\u00eda cinco a\u00f1os, mientras que la monarqu\u00eda desarrollaba un papel protagonista en la fase final de la Guerra de los Treinta A\u00f1os. Junto con la reina madre Ana de Austria &#8211; con la que Mazzarino mantuvo durante a\u00f1os una relaci\u00f3n secreta &#8211; Mazzarino tambi\u00e9n se enfrent\u00f3 a la rebeli\u00f3n de buena parte de la alta nobleza del reino, la llamada Fronda (1648-1653), dirigida principalmente contra las medidas extraordinarias impuestas por la guerra y por el gobierno de los validos. Si en pol\u00edtica interna consigui\u00f3 reforzar el poder del rey y preparar el camino para la monarqu\u00eda personal de Luis XIV, en pol\u00edtica exterior Mazzarino obtuvo la victoria definitiva sobre sus rivales espa\u00f1oles con la firma de la Paz de los Pirineos (1659), reforzada posteriormente por el matrimonio del rey de Francia y Mar\u00eda Teresa de Austria, hija de Felipe IV de Espa\u00f1a. Muri\u00f3 en la c\u00faspide del \u00e9xito pol\u00edtico, el 9 de marzo de 1661.<\/p>\n<p style=\"text-align: justify\">Para leer m\u00e1s:<\/p>\n<ul>\n<li style=\"text-align: justify\">R. Bonney, <em>Political change in France under Richelieu and Mazarin<\/em> <em>1624-61<\/em>, Oxford 1978.<\/li>\n<li style=\"text-align: justify\">G. Treasure, <em>Richelieu and Mazarin<\/em>, London-New York, 1998.<\/li>\n<li style=\"text-align: justify\">D. J. Sturdy, <em>Richelieu and Mazarin: a study in statesmanship<\/em>, Basingstoke 2004.<\/li>\n<\/ul><\/div>\n<p><\/p>\n","protected":false},"excerpt":{"rendered":"<p>Giulio Mazzarino Giulio Mazzarino (1602-1661) naci\u00f3 en Pescina, en la actual regi\u00f3n de Abruzzo. Creci\u00f3, sin embargo, en Roma, estudiando en el prestigioso Colegio Romano de la Compa\u00f1\u00eda de Jes\u00fas, aunque nunca entr\u00f3 en la Orden. Despu\u00e9s de graduarse en utroque iure, particip\u00f3 en la&hellip;<\/p>\n","protected":false},"author":1,"featured_media":0,"parent":6643,"menu_order":0,"comment_status":"closed","ping_status":"closed","template":"","meta":{"footnotes":""},"class_list":["post-7474","page","type-page","status-publish","hentry"],"_links":{"self":[{"href":"https:\/\/digitalhistory.unite.it\/es\/wp-json\/wp\/v2\/pages\/7474","targetHints":{"allow":["GET"]}}],"collection":[{"href":"https:\/\/digitalhistory.unite.it\/es\/wp-json\/wp\/v2\/pages"}],"about":[{"href":"https:\/\/digitalhistory.unite.it\/es\/wp-json\/wp\/v2\/types\/page"}],"author":[{"embeddable":true,"href":"https:\/\/digitalhistory.unite.it\/es\/wp-json\/wp\/v2\/users\/1"}],"replies":[{"embeddable":true,"href":"https:\/\/digitalhistory.unite.it\/es\/wp-json\/wp\/v2\/comments?post=7474"}],"version-history":[{"count":2,"href":"https:\/\/digitalhistory.unite.it\/es\/wp-json\/wp\/v2\/pages\/7474\/revisions"}],"predecessor-version":[{"id":12159,"href":"https:\/\/digitalhistory.unite.it\/es\/wp-json\/wp\/v2\/pages\/7474\/revisions\/12159"}],"up":[{"embeddable":true,"href":"https:\/\/digitalhistory.unite.it\/es\/wp-json\/wp\/v2\/pages\/6643"}],"wp:attachment":[{"href":"https:\/\/digitalhistory.unite.it\/es\/wp-json\/wp\/v2\/media?parent=7474"}],"curies":[{"name":"wp","href":"https:\/\/api.w.org\/{rel}","templated":true}]}}