{"id":7475,"date":"2021-08-20T00:04:38","date_gmt":"2021-08-19T22:04:38","guid":{"rendered":"https:\/\/digitalhistory.unite.it\/don-juan-de-austria\/"},"modified":"2021-11-23T15:29:14","modified_gmt":"2021-11-23T14:29:14","slug":"don-juan-de-austria","status":"publish","type":"page","link":"https:\/\/digitalhistory.unite.it\/es\/territorios\/itinerarios-urbanos\/napoles-y-el-cardinal-ascanio-filomarino\/filomarino-y-la-revuelta-de-masaniello\/don-juan-de-austria\/","title":{"rendered":"Juan Jos\u00e9 de Austria"},"content":{"rendered":"<h1>Juan Jos\u00e9 de Austria <\/h1>\n<div class=\"testo\">\n<p style=\"text-align: justify\"><img loading=\"lazy\" decoding=\"async\" src=\"https:\/\/digitalhistory.unite.it\/wp-content\/uploads\/2021\/08\/741px-juan_jose_de_austria_227x313.jpg\" width=\"227\" height=\"313\" alt=\"Juan Jose de Austria\" align=\"left\">Juan Jos\u00e9 de Austria (1629-1679) era hijo ileg\u00edtimo del rey de Espa\u00f1a Felipe IV. Su madre, Mar\u00eda Calder\u00f3n llamada <em>la Calderona<\/em> fue una famosa actriz de la \u00e9poca. Oficialmente reconocido por su padre en 1642, llev\u00f3 a cabo una intensa carrera militar y pol\u00edtica. Su primera misi\u00f3n fue llevar la flota preparada para reprimir la revuelta napolitana del 1647-1648; despu\u00e9s de la cual \u00e9l fue virrey de Sicilia hasta 1651, mientras que al a\u00f1o siguiente puso fin a la revuelta catalana reconquistando, despu\u00e9s de un largo asedio, Barcelona. En los a\u00f1os siguientes fue gobernador de los Pa\u00edses Bajos espa\u00f1oles, y trat\u00f3 en vano de recuperar Portugal en los a\u00f1os sesenta del siglo XVII. Despu\u00e9s de la muerte de Felipe IV, creci\u00f3 el malestar entre Don Juan y la reina viuda Mariana de Austria, madre del \u00fanico hijo leg\u00edtimo del soberano que se mantuvo con vida. Don Juan fue capaz de desbancar del poder al favorito de la reina, el jesuita Nithard, y a su sucesor, Fernando de Valenzuela. Se convirti\u00f3 en primer ministro en 1677, aunque muri\u00f3 dos a\u00f1os m\u00e1s tarde, sin haber conseguido importantes resultados y dejando a Espa\u00f1a en manos del d\u00e9bil hermanastro, Carlos II.<\/p>\n<p>Para leer m\u00e1s:<\/p>\n<ul>\n<li style=\"text-align: justify\">I. Ruiz Rodr\u00edguez, <em>Don Juan Jos\u00e9 de Austria en la Monarqu\u00eda Hisp\u00e1nica. Entre la pol\u00edtica, el poder y la intriga,<\/em> Madrid 2007.<\/li>\n<\/ul><\/div>\n<p><\/p>\n","protected":false},"excerpt":{"rendered":"<p>Juan Jos\u00e9 de Austria Juan Jos\u00e9 de Austria (1629-1679) era hijo ileg\u00edtimo del rey de Espa\u00f1a Felipe IV. Su madre, Mar\u00eda Calder\u00f3n llamada la Calderona fue una famosa actriz de la \u00e9poca. Oficialmente reconocido por su padre en 1642, llev\u00f3 a cabo una intensa carrera&hellip;<\/p>\n","protected":false},"author":1,"featured_media":0,"parent":6643,"menu_order":0,"comment_status":"closed","ping_status":"closed","template":"","meta":{"footnotes":""},"class_list":["post-7475","page","type-page","status-publish","hentry"],"_links":{"self":[{"href":"https:\/\/digitalhistory.unite.it\/es\/wp-json\/wp\/v2\/pages\/7475","targetHints":{"allow":["GET"]}}],"collection":[{"href":"https:\/\/digitalhistory.unite.it\/es\/wp-json\/wp\/v2\/pages"}],"about":[{"href":"https:\/\/digitalhistory.unite.it\/es\/wp-json\/wp\/v2\/types\/page"}],"author":[{"embeddable":true,"href":"https:\/\/digitalhistory.unite.it\/es\/wp-json\/wp\/v2\/users\/1"}],"replies":[{"embeddable":true,"href":"https:\/\/digitalhistory.unite.it\/es\/wp-json\/wp\/v2\/comments?post=7475"}],"version-history":[{"count":2,"href":"https:\/\/digitalhistory.unite.it\/es\/wp-json\/wp\/v2\/pages\/7475\/revisions"}],"predecessor-version":[{"id":12160,"href":"https:\/\/digitalhistory.unite.it\/es\/wp-json\/wp\/v2\/pages\/7475\/revisions\/12160"}],"up":[{"embeddable":true,"href":"https:\/\/digitalhistory.unite.it\/es\/wp-json\/wp\/v2\/pages\/6643"}],"wp:attachment":[{"href":"https:\/\/digitalhistory.unite.it\/es\/wp-json\/wp\/v2\/media?parent=7475"}],"curies":[{"name":"wp","href":"https:\/\/api.w.org\/{rel}","templated":true}]}}