{"id":7476,"date":"2021-08-20T00:04:38","date_gmt":"2021-08-19T22:04:38","guid":{"rendered":"https:\/\/digitalhistory.unite.it\/gennaro-annese\/"},"modified":"2021-11-23T17:45:16","modified_gmt":"2021-11-23T16:45:16","slug":"gennaro-annese","status":"publish","type":"page","link":"https:\/\/digitalhistory.unite.it\/es\/territorios\/itinerarios-urbanos\/napoles-y-el-cardinal-ascanio-filomarino\/filomarino-y-la-revuelta-de-masaniello\/gennaro-annese\/","title":{"rendered":"Gennaro Annese"},"content":{"rendered":"<h1>Gennaro Annese <\/h1>\n<div class=\"testo\">\n<p style=\"text-align: justify\">Gennaro Annese (1604-1648) fue uno de los l\u00edderes de la segunda fase de la revuelta napolitana de 1647-1648, despu\u00e9s de la muerte de Masaniello (16 de julio 1647). De profesi\u00f3n armero, se impuso a la cabeza de la revuelta en octubre de 1647, durante el bombardeo de la ciudad por la flota dirigida por Don Juan de Austria. Adem\u00e1s de organizar la resistencia de la ciudad, fue \u00e9l quien solicit\u00f3 la protecci\u00f3n del papa y de Francia y se puso en contacto con el duque de Guisa. El 22 de octubre, despu\u00e9s de la proclamaci\u00f3n de la Real Rep\u00fablica Napolitana, tuvo el pleno poder, con la asistencia de un grupo de personajes en el que se encontraba el abogado Vincenzo D&#8217;Andrea. Los problemas con el duque de Guisa (a quien hab\u00eda cedido el mando militar), la falta de apoyo de Francia, la presi\u00f3n de los espa\u00f1oles y, en general, la falta de organizaci\u00f3n y de un claro plan por parte de los rebeldes marc\u00f3 el final de la experiencia de la Rep\u00fablica. Los espa\u00f1oles llegaron a N\u00e1poles el 6 de abril, pero Annese se rindi\u00f3 s\u00f3lo ante la intervenci\u00f3n del cardenal Filomarino, quien le convenci\u00f3 para que se rindiera pac\u00edficamente. Se mantuvo en contacto con los franceses por lo que Annese fue detenido por el virrey Conde de O\u00f1ate el 12 de junio. Torturado y sometido a un r\u00e1pido proceso sumario, fue ejecutado el 20 de junio de 1648 en Castel Nuovo.<\/p>\n<p style=\"text-align: justify\">Para leer m\u00e1s:<\/p>\n<ul>\n<li style=\"text-align: justify\">A. Musi, <em>La rivolta di Masaniello nella scena politica barocca<\/em>, Napoli 1989.<\/li>\n<li style=\"text-align: justify\">R. Villari, <em>Un sogno di libert\u00e0. Napoli nel declino di un impero 1585-1648<\/em>, Milano 2012.<\/li>\n<\/ul>\n<p style=\"text-align: justify\">&nbsp;<\/p>\n<\/p><\/div>\n<p><\/p>\n","protected":false},"excerpt":{"rendered":"<p>Gennaro Annese Gennaro Annese (1604-1648) fue uno de los l\u00edderes de la segunda fase de la revuelta napolitana de 1647-1648, despu\u00e9s de la muerte de Masaniello (16 de julio 1647). De profesi\u00f3n armero, se impuso a la cabeza de la revuelta en octubre de 1647,&hellip;<\/p>\n","protected":false},"author":1,"featured_media":0,"parent":6643,"menu_order":0,"comment_status":"closed","ping_status":"closed","template":"","meta":{"footnotes":""},"class_list":["post-7476","page","type-page","status-publish","hentry"],"_links":{"self":[{"href":"https:\/\/digitalhistory.unite.it\/es\/wp-json\/wp\/v2\/pages\/7476","targetHints":{"allow":["GET"]}}],"collection":[{"href":"https:\/\/digitalhistory.unite.it\/es\/wp-json\/wp\/v2\/pages"}],"about":[{"href":"https:\/\/digitalhistory.unite.it\/es\/wp-json\/wp\/v2\/types\/page"}],"author":[{"embeddable":true,"href":"https:\/\/digitalhistory.unite.it\/es\/wp-json\/wp\/v2\/users\/1"}],"replies":[{"embeddable":true,"href":"https:\/\/digitalhistory.unite.it\/es\/wp-json\/wp\/v2\/comments?post=7476"}],"version-history":[{"count":2,"href":"https:\/\/digitalhistory.unite.it\/es\/wp-json\/wp\/v2\/pages\/7476\/revisions"}],"predecessor-version":[{"id":12158,"href":"https:\/\/digitalhistory.unite.it\/es\/wp-json\/wp\/v2\/pages\/7476\/revisions\/12158"}],"up":[{"embeddable":true,"href":"https:\/\/digitalhistory.unite.it\/es\/wp-json\/wp\/v2\/pages\/6643"}],"wp:attachment":[{"href":"https:\/\/digitalhistory.unite.it\/es\/wp-json\/wp\/v2\/media?parent=7476"}],"curies":[{"name":"wp","href":"https:\/\/api.w.org\/{rel}","templated":true}]}}