{"id":7477,"date":"2021-08-20T00:04:38","date_gmt":"2021-08-19T22:04:38","guid":{"rendered":"https:\/\/digitalhistory.unite.it\/corte\/"},"modified":"2021-11-23T17:44:57","modified_gmt":"2021-11-23T16:44:57","slug":"corte","status":"publish","type":"page","link":"https:\/\/digitalhistory.unite.it\/es\/territorios\/itinerarios-urbanos\/valladolid\/iglesia-de-san-pablo\/corte\/","title":{"rendered":"Corte"},"content":{"rendered":"<h1>Corte <\/h1>\n<div class=\"testo\">\n<p style=\"text-align: justify\"><img loading=\"lazy\" decoding=\"async\" src=\"https:\/\/digitalhistory.unite.it\/wp-content\/uploads\/2021\/08\/louis14-versailles1685__fileminimizer__342x182.jpg\" width=\"342\" height=\"182\" alt=\"Corte\" align=\"left\">El t\u00e9rmino &#8220;Corte&#8221; indica la residencia del soberano y, por extensi\u00f3n, de su familia y su s\u00e9quito, los cortesanos, estos eran aquellas personas que ten\u00edan a menudo de forma indistinta cargos dom\u00e9sticos y de gobierno. El caso m\u00e1s conocido es el de la corte itinerante de Carlos V (1500-1558), a quien le gustaba moverse por sus dominios dando vida a una corte itinerante, cosmopolita y multiling\u00fce. En la edad moderna la corte cambi\u00f3 su fisonom\u00eda respecto al pasado, formalizando los requisitos de admisi\u00f3n, las funciones de sus actores y su ceremonial. Las antiguas funciones dom\u00e9sticas se transformaron en un sistema de cargos y dignidades de gobierno. Centro de la vida pol\u00edtica, la corte representaba un espacio institucional y simb\u00f3lico, cubierto de una atm\u00f3sfera de sacralidad y reverencia, v\u00e9rtice y met\u00e1fora de la estricta jerarqu\u00eda de la sociedad del antiguo r\u00e9gimen. Un paso fundamental para lograr una configuraci\u00f3n de este tipo est\u00e1 representado por la difusi\u00f3n del llamado &#8220;ceremonial borgo\u00f1\u00f3n&#8221;: una versi\u00f3n especial y exitosa de la corte, introducida a mediados del siglo XVI en el ceremonial espa\u00f1ol, y m\u00e1s tarde extendida en la mayor\u00eda de las cortes europeas. De acuerdo con sus disposiciones, los nobles que viv\u00edan en la corte ten\u00edan el privilegio de realizar las tareas dom\u00e9sticas al servicio del rey, le ayudaban a lavarse y vestirse, lo acompa\u00f1aban en la equitaci\u00f3n y la caza, lo asist\u00edan en sus comidas, etc. Todo esto siguiendo un ritual y una gestualidad dise\u00f1ados para&nbsp;exaltar el car\u00e1cter sagrado del cuerpo del soberano.<\/p>\n<\/p><\/div>\n<p><\/p>\n","protected":false},"excerpt":{"rendered":"<p>Corte El t\u00e9rmino &#8220;Corte&#8221; indica la residencia del soberano y, por extensi\u00f3n, de su familia y su s\u00e9quito, los cortesanos, estos eran aquellas personas que ten\u00edan a menudo de forma indistinta cargos dom\u00e9sticos y de gobierno. El caso m\u00e1s conocido es el de la corte&hellip;<\/p>\n","protected":false},"author":1,"featured_media":0,"parent":6665,"menu_order":0,"comment_status":"closed","ping_status":"closed","template":"","meta":{"footnotes":""},"class_list":["post-7477","page","type-page","status-publish","hentry"],"_links":{"self":[{"href":"https:\/\/digitalhistory.unite.it\/es\/wp-json\/wp\/v2\/pages\/7477","targetHints":{"allow":["GET"]}}],"collection":[{"href":"https:\/\/digitalhistory.unite.it\/es\/wp-json\/wp\/v2\/pages"}],"about":[{"href":"https:\/\/digitalhistory.unite.it\/es\/wp-json\/wp\/v2\/types\/page"}],"author":[{"embeddable":true,"href":"https:\/\/digitalhistory.unite.it\/es\/wp-json\/wp\/v2\/users\/1"}],"replies":[{"embeddable":true,"href":"https:\/\/digitalhistory.unite.it\/es\/wp-json\/wp\/v2\/comments?post=7477"}],"version-history":[{"count":3,"href":"https:\/\/digitalhistory.unite.it\/es\/wp-json\/wp\/v2\/pages\/7477\/revisions"}],"predecessor-version":[{"id":11132,"href":"https:\/\/digitalhistory.unite.it\/es\/wp-json\/wp\/v2\/pages\/7477\/revisions\/11132"}],"up":[{"embeddable":true,"href":"https:\/\/digitalhistory.unite.it\/es\/wp-json\/wp\/v2\/pages\/6665"}],"wp:attachment":[{"href":"https:\/\/digitalhistory.unite.it\/es\/wp-json\/wp\/v2\/media?parent=7477"}],"curies":[{"name":"wp","href":"https:\/\/api.w.org\/{rel}","templated":true}]}}