{"id":7479,"date":"2021-08-20T00:04:38","date_gmt":"2021-08-19T22:04:38","guid":{"rendered":"https:\/\/digitalhistory.unite.it\/los-borbones\/"},"modified":"2021-11-23T15:27:38","modified_gmt":"2021-11-23T14:27:38","slug":"los-borbones","status":"publish","type":"page","link":"https:\/\/digitalhistory.unite.it\/es\/territorios\/itinerarios-urbanos\/napoles-y-el-cardinal-ascanio-filomarino\/el-cardenal-en-napoles-palacio-filomarino\/los-borbones\/","title":{"rendered":"Los Borbones"},"content":{"rendered":"<h1>Los Borbones <\/h1>\n<div class=\"testo\">\n<p style=\"text-align: justify\"><img loading=\"lazy\" decoding=\"async\" src=\"https:\/\/digitalhistory.unite.it\/wp-content\/uploads\/2021\/08\/louis_le_grand__rigaud_hyacinthe_227x361.jpg\" width=\"227\" height=\"361\" alt=\"Borbone\" align=\"left\">Rama menor de la dinast\u00eda de los Capetos, los Borbones ascendieron al trono de Francia en 1589, al final del per\u00edodo m\u00e1s sangriento de las guerras de religi\u00f3n, con Enrique IV (1553-1610), noble hugonote convertido al catolicismo con el fin de heredar el trono de Francia. A Enrique, que fue asesinado en 1610, le sucedi\u00f3 su hijo Luis XIII (1601-1643) y m\u00e1s tarde su nieto Luis XIV (1638-1715, imagen). El destino de los Borbones se fusion\u00f3 con el de Francia hasta 1830, cuando fue depuesto el \u00faltimo monarca de la dinast\u00eda, Carlos X (reemplazado por Luis Felipe de Orleans, un miembro de una rama menor de los Borbones). Tras la Guerra de Sucesi\u00f3n espa\u00f1ola (1701-1713), los Borbones ocuparon tambi\u00e9n el trono espa\u00f1ol con Felipe de Anjou (1683-1746), nieto de Luis XIV, coronado como Felipe V. De los Borbones de Espa\u00f1a, hoy todav\u00eda reinantes, nacieron las ramas de los Borbones de N\u00e1poles, soberanos del Reino de N\u00e1poles y, a partir de 1815, del Reino de las Dos Sicilias hasta la disoluci\u00f3n de este \u00faltimo (1860), y los Borbones de Parma, soberanos de Parma, Lucca y actuales Gran duques de Luxemburgo.<\/p>\n<\/p><\/div>\n<p><\/p>\n","protected":false},"excerpt":{"rendered":"<p>Los Borbones Rama menor de la dinast\u00eda de los Capetos, los Borbones ascendieron al trono de Francia en 1589, al final del per\u00edodo m\u00e1s sangriento de las guerras de religi\u00f3n, con Enrique IV (1553-1610), noble hugonote convertido al catolicismo con el fin de heredar el&hellip;<\/p>\n","protected":false},"author":1,"featured_media":0,"parent":6641,"menu_order":0,"comment_status":"closed","ping_status":"closed","template":"","meta":{"footnotes":""},"class_list":["post-7479","page","type-page","status-publish","hentry"],"_links":{"self":[{"href":"https:\/\/digitalhistory.unite.it\/es\/wp-json\/wp\/v2\/pages\/7479","targetHints":{"allow":["GET"]}}],"collection":[{"href":"https:\/\/digitalhistory.unite.it\/es\/wp-json\/wp\/v2\/pages"}],"about":[{"href":"https:\/\/digitalhistory.unite.it\/es\/wp-json\/wp\/v2\/types\/page"}],"author":[{"embeddable":true,"href":"https:\/\/digitalhistory.unite.it\/es\/wp-json\/wp\/v2\/users\/1"}],"replies":[{"embeddable":true,"href":"https:\/\/digitalhistory.unite.it\/es\/wp-json\/wp\/v2\/comments?post=7479"}],"version-history":[{"count":3,"href":"https:\/\/digitalhistory.unite.it\/es\/wp-json\/wp\/v2\/pages\/7479\/revisions"}],"predecessor-version":[{"id":11124,"href":"https:\/\/digitalhistory.unite.it\/es\/wp-json\/wp\/v2\/pages\/7479\/revisions\/11124"}],"up":[{"embeddable":true,"href":"https:\/\/digitalhistory.unite.it\/es\/wp-json\/wp\/v2\/pages\/6641"}],"wp:attachment":[{"href":"https:\/\/digitalhistory.unite.it\/es\/wp-json\/wp\/v2\/media?parent=7479"}],"curies":[{"name":"wp","href":"https:\/\/api.w.org\/{rel}","templated":true}]}}