{"id":7481,"date":"2021-08-20T00:04:38","date_gmt":"2021-08-19T22:04:38","guid":{"rendered":"https:\/\/digitalhistory.unite.it\/giordano\/"},"modified":"2021-11-23T17:45:09","modified_gmt":"2021-11-23T16:45:09","slug":"giordano","status":"publish","type":"page","link":"https:\/\/digitalhistory.unite.it\/es\/giordano\/","title":{"rendered":"Luca Giordano"},"content":{"rendered":"<h1>Luca Giordano <\/h1>\n<div class=\"testo\">\n<p style=\"text-align: justify\"><img loading=\"lazy\" decoding=\"async\" src=\"https:\/\/digitalhistory.unite.it\/wp-content\/uploads\/2021\/08\/lucagiordano1692c-self-portrait-naples_205x266.jpg\" width=\"205\" height=\"266\" alt=\"Luca Giordano\" align=\"left\">Luca Giordano (1634-1705) naci\u00f3 en N\u00e1poles, donde tuvo su aprendizaje con Jusepe de Ribera (1591-1652). Lleg\u00f3 a Roma con poco m\u00e1s de veinte a\u00f1os, y entr\u00f3 en contacto con Pietro da Cortona y con la corriente neov\u00e9neta. En los a\u00f1os siguientes vivi\u00f3 en Bolonia, Parma, Venecia, N\u00e1poles y Florencia, para despu\u00e9s, por invitaci\u00f3n del rey Carlos II (1661-1700) pasar un decenio en la corte espa\u00f1ola (1692-1702). De regreso a N\u00e1poles, trabaj\u00f3 en su \u00faltimo trabajo, los frescos de la Capilla del Tesoro de San Mart\u00edn. Entre sus obras: la <em>Magdalena penitente<\/em>, las <em>Bodas de Can\u00e1<\/em>, <em>San Miguel derrota a los \u00e1ngeles rebeldes<\/em>, la <em>Deposici\u00f3n de Cristo<\/em>, la <em>Muerte de S\u00e9neca<\/em>, el <em>Matrimonio de la Virgen<\/em> y la <em>Adoraci\u00f3n de los Pastores<\/em>.<\/p>\n<\/p><\/div>\n<p><\/p>\n","protected":false},"excerpt":{"rendered":"<p>Luca Giordano Luca Giordano (1634-1705) naci\u00f3 en N\u00e1poles, donde tuvo su aprendizaje con Jusepe de Ribera (1591-1652). Lleg\u00f3 a Roma con poco m\u00e1s de veinte a\u00f1os, y entr\u00f3 en contacto con Pietro da Cortona y con la corriente neov\u00e9neta. En los a\u00f1os siguientes vivi\u00f3 en&hellip;<\/p>\n","protected":false},"author":1,"featured_media":0,"parent":0,"menu_order":0,"comment_status":"closed","ping_status":"closed","template":"","meta":{"footnotes":""},"class_list":["post-7481","page","type-page","status-publish","hentry"],"_links":{"self":[{"href":"https:\/\/digitalhistory.unite.it\/es\/wp-json\/wp\/v2\/pages\/7481","targetHints":{"allow":["GET"]}}],"collection":[{"href":"https:\/\/digitalhistory.unite.it\/es\/wp-json\/wp\/v2\/pages"}],"about":[{"href":"https:\/\/digitalhistory.unite.it\/es\/wp-json\/wp\/v2\/types\/page"}],"author":[{"embeddable":true,"href":"https:\/\/digitalhistory.unite.it\/es\/wp-json\/wp\/v2\/users\/1"}],"replies":[{"embeddable":true,"href":"https:\/\/digitalhistory.unite.it\/es\/wp-json\/wp\/v2\/comments?post=7481"}],"version-history":[{"count":2,"href":"https:\/\/digitalhistory.unite.it\/es\/wp-json\/wp\/v2\/pages\/7481\/revisions"}],"predecessor-version":[{"id":11848,"href":"https:\/\/digitalhistory.unite.it\/es\/wp-json\/wp\/v2\/pages\/7481\/revisions\/11848"}],"wp:attachment":[{"href":"https:\/\/digitalhistory.unite.it\/es\/wp-json\/wp\/v2\/media?parent=7481"}],"curies":[{"name":"wp","href":"https:\/\/api.w.org\/{rel}","templated":true}]}}