{"id":7482,"date":"2021-08-20T00:04:38","date_gmt":"2021-08-19T22:04:38","guid":{"rendered":"https:\/\/digitalhistory.unite.it\/gonzalo-fernandez-de-cordoba\/"},"modified":"2021-11-23T17:45:16","modified_gmt":"2021-11-23T16:45:16","slug":"gonzalo-fernandez-de-cordoba","status":"publish","type":"page","link":"https:\/\/digitalhistory.unite.it\/es\/territorios\/itinerarios-urbanos\/napoles-y-el-cardinal-ascanio-filomarino\/el-palacio-real\/gonzalo-fernandez-de-cordoba\/","title":{"rendered":"Gonzalo Fern\u00e1ndez de C\u00f3rdoba"},"content":{"rendered":"<h1>Gonzalo Fern\u00e1ndez de C\u00f3rdoba <\/h1>\n<div class=\"testo\">\n<p style=\"text-align: justify\"><img loading=\"lazy\" decoding=\"async\" src=\"https:\/\/digitalhistory.unite.it\/wp-content\/uploads\/2021\/08\/mongrancapitan01_202x270.jpg\" width=\"202\" height=\"270\" alt=\"Gran Capitan\" align=\"left\">Gonzalo Fern\u00e1ndez de C\u00f3rdoba (1453-1515) fue un noble y general espa\u00f1ol. Se distingui\u00f3 por sus dotes militares, primero en la Pen\u00ednsula Ib\u00e9rica, por ejemplo durante la guerra de la conquista de Granada, a continuaci\u00f3n, sobre todo en Italia, donde fue enviado por Fernando el Cat\u00f3lico para apartar el dominio franc\u00e9s sobre el reino de N\u00e1poles. Sus \u00e9xitos militares le valieron el t\u00edtulo del Gran Capit\u00e1n, as\u00ed como feudos y t\u00edtulos nobiliarios como el del duque de Terranova y de Sessa. Despu\u00e9s de las victorias en las batallas de Ruvo, de Cerignola y sobre Garigliano, complet\u00f3 la conquista espa\u00f1ola del reino de N\u00e1poles. Gobern\u00f3 el reino bajo la apariencia de virrey de 1503 a 1507. Nombrado Gran Maestre de la Orden de Santiago, muri\u00f3 en Granada en 1515.<\/p>\n<\/p><\/div>\n<p><\/p>\n","protected":false},"excerpt":{"rendered":"<p>Gonzalo Fern\u00e1ndez de C\u00f3rdoba Gonzalo Fern\u00e1ndez de C\u00f3rdoba (1453-1515) fue un noble y general espa\u00f1ol. Se distingui\u00f3 por sus dotes militares, primero en la Pen\u00ednsula Ib\u00e9rica, por ejemplo durante la guerra de la conquista de Granada, a continuaci\u00f3n, sobre todo en Italia, donde fue enviado&hellip;<\/p>\n","protected":false},"author":1,"featured_media":0,"parent":6644,"menu_order":0,"comment_status":"closed","ping_status":"closed","template":"","meta":{"footnotes":""},"class_list":["post-7482","page","type-page","status-publish","hentry"],"_links":{"self":[{"href":"https:\/\/digitalhistory.unite.it\/es\/wp-json\/wp\/v2\/pages\/7482","targetHints":{"allow":["GET"]}}],"collection":[{"href":"https:\/\/digitalhistory.unite.it\/es\/wp-json\/wp\/v2\/pages"}],"about":[{"href":"https:\/\/digitalhistory.unite.it\/es\/wp-json\/wp\/v2\/types\/page"}],"author":[{"embeddable":true,"href":"https:\/\/digitalhistory.unite.it\/es\/wp-json\/wp\/v2\/users\/1"}],"replies":[{"embeddable":true,"href":"https:\/\/digitalhistory.unite.it\/es\/wp-json\/wp\/v2\/comments?post=7482"}],"version-history":[{"count":2,"href":"https:\/\/digitalhistory.unite.it\/es\/wp-json\/wp\/v2\/pages\/7482\/revisions"}],"predecessor-version":[{"id":12155,"href":"https:\/\/digitalhistory.unite.it\/es\/wp-json\/wp\/v2\/pages\/7482\/revisions\/12155"}],"up":[{"embeddable":true,"href":"https:\/\/digitalhistory.unite.it\/es\/wp-json\/wp\/v2\/pages\/6644"}],"wp:attachment":[{"href":"https:\/\/digitalhistory.unite.it\/es\/wp-json\/wp\/v2\/media?parent=7482"}],"curies":[{"name":"wp","href":"https:\/\/api.w.org\/{rel}","templated":true}]}}