{"id":7484,"date":"2021-08-20T00:04:38","date_gmt":"2021-08-19T22:04:38","guid":{"rendered":"https:\/\/digitalhistory.unite.it\/giambattista-marino\/"},"modified":"2021-11-23T17:45:16","modified_gmt":"2021-11-23T16:45:16","slug":"giambattista-marino","status":"publish","type":"page","link":"https:\/\/digitalhistory.unite.it\/es\/territorios\/itinerarios-urbanos\/napoles-y-el-cardinal-ascanio-filomarino\/la-iglesia-de-los-santos-apostoles-y-la-capilla-filomarino\/giambattista-marino\/","title":{"rendered":"Giambattista Marino"},"content":{"rendered":"<h1>Giambattista Marino <\/h1>\n<div class=\"testo\">\n<p style=\"text-align: justify\"><img loading=\"lazy\" decoding=\"async\" src=\"https:\/\/digitalhistory.unite.it\/wp-content\/uploads\/2021\/08\/marino_adone_226x316.jpg\" width=\"226\" height=\"316\" alt=\"Marino\" align=\"left\">Giambattista Marino (1569-1625) fue el principal exponente de la literatura barroca en Italia. Nacido en N\u00e1poles, fue enviado a estudiar derecho con el fin de seguir la profesi\u00f3n de su padre. Su pasi\u00f3n por las letras, sin embargo, se manifest\u00f3 muy pronto. Inicialmente, estuvo bajo la protecci\u00f3n de poderosos se\u00f1ores, como el duque Ascanio Pignatelli o el Pr\u00edncipe de Capua. Obligado a huir de N\u00e1poles en 1600 por problemas con la justicia, se traslad\u00f3 a Roma al servicio del cardenal Pietro Aldobrandini, luego a Ravenna, Venecia y, de 1608 a 1611, a Tur\u00edn, en la corte de Carlos Manuel de Saboya. El per\u00edodo en el Piamonte comenz\u00f3 con \u00e9xito, pero termin\u00f3 amargamente por los problemas judiciarios y, esta vez, incluso en la c\u00e1rcel. Fuera de prisi\u00f3n, Marino comenz\u00f3 el periodo m\u00e1s feliz y lleno de gloria de su vida: fue invitado a la corte de Francia por Maria de Medici, viuda de Enrique IV, y en Par\u00eds, honrado y respetado, vivi\u00f3 desde 1615 hasta 1623. Al a\u00f1o 1623 se remonta la publicaci\u00f3n en Par\u00eds de <em>L&#8217;Adone<\/em> (El Adonis), el poema de unos 40.000 versos un\u00e1nimemente considerado como su obra maestra y puesto en la c\u00faspide de la poes\u00eda barroca italiana. En el mismo a\u00f1o se decidi\u00f3 a volver a N\u00e1poles, donde fue recibido con entusiasmo y elogios por las Academias de los Infuriati y de los Oziosi, a pesar de la condena por parte de la censura eclesi\u00e1stica que ya estaba llegando en contra de&nbsp;<em>L&#8217;Adone<\/em> y de toda la obra del autor.<\/p>\n<\/p><\/div>\n<p><\/p>\n","protected":false},"excerpt":{"rendered":"<p>Giambattista Marino Giambattista Marino (1569-1625) fue el principal exponente de la literatura barroca en Italia. Nacido en N\u00e1poles, fue enviado a estudiar derecho con el fin de seguir la profesi\u00f3n de su padre. Su pasi\u00f3n por las letras, sin embargo, se manifest\u00f3 muy pronto. Inicialmente,&hellip;<\/p>\n","protected":false},"author":1,"featured_media":0,"parent":6646,"menu_order":0,"comment_status":"closed","ping_status":"closed","template":"","meta":{"footnotes":""},"class_list":["post-7484","page","type-page","status-publish","hentry"],"_links":{"self":[{"href":"https:\/\/digitalhistory.unite.it\/es\/wp-json\/wp\/v2\/pages\/7484","targetHints":{"allow":["GET"]}}],"collection":[{"href":"https:\/\/digitalhistory.unite.it\/es\/wp-json\/wp\/v2\/pages"}],"about":[{"href":"https:\/\/digitalhistory.unite.it\/es\/wp-json\/wp\/v2\/types\/page"}],"author":[{"embeddable":true,"href":"https:\/\/digitalhistory.unite.it\/es\/wp-json\/wp\/v2\/users\/1"}],"replies":[{"embeddable":true,"href":"https:\/\/digitalhistory.unite.it\/es\/wp-json\/wp\/v2\/comments?post=7484"}],"version-history":[{"count":2,"href":"https:\/\/digitalhistory.unite.it\/es\/wp-json\/wp\/v2\/pages\/7484\/revisions"}],"predecessor-version":[{"id":12163,"href":"https:\/\/digitalhistory.unite.it\/es\/wp-json\/wp\/v2\/pages\/7484\/revisions\/12163"}],"up":[{"embeddable":true,"href":"https:\/\/digitalhistory.unite.it\/es\/wp-json\/wp\/v2\/pages\/6646"}],"wp:attachment":[{"href":"https:\/\/digitalhistory.unite.it\/es\/wp-json\/wp\/v2\/media?parent=7484"}],"curies":[{"name":"wp","href":"https:\/\/api.w.org\/{rel}","templated":true}]}}