{"id":7485,"date":"2021-08-20T00:04:38","date_gmt":"2021-08-19T22:04:38","guid":{"rendered":"https:\/\/digitalhistory.unite.it\/francesco-borromini\/"},"modified":"2021-11-23T17:44:57","modified_gmt":"2021-11-23T16:44:57","slug":"francesco-borromini","status":"publish","type":"page","link":"https:\/\/digitalhistory.unite.it\/es\/territorios\/itinerarios-urbanos\/napoles-y-el-cardinal-ascanio-filomarino\/la-iglesia-de-los-santos-apostoles-y-la-capilla-filomarino\/francesco-borromini\/","title":{"rendered":"Francesco Borromini"},"content":{"rendered":"<h1>Francesco Borromini <\/h1>\n<div class=\"testo\">\n<p style=\"text-align: justify\"><img loading=\"lazy\" decoding=\"async\" src=\"https:\/\/digitalhistory.unite.it\/wp-content\/uploads\/2021\/08\/borromini_226x305.jpg\" width=\"226\" height=\"305\" alt=\"Borromini\" align=\"left\">Francesco Castelli, m\u00e1s conocido como Francesco Borromini (1599-1667) naci\u00f3 en Bissone, en el cant\u00f3n del Tesino. Comenz\u00f3 su actividad en Mil\u00e1n, donde trabaj\u00f3 como cantero para la construcci\u00f3n de la Catedral (<em>Il Duomo<\/em>). A finales de 1619 se march\u00f3 a Roma, donde se impuso como el autor de algunas de las obras maestras m\u00e1s originales del arte barroco. En contraposici\u00f3n al naturalismo y el historicismo de Bernini, Borromini se propuso refundar la arquitectura como una disciplina rigurosa, llena de tensiones \u00e9ticas y significados simb\u00f3licos. Con sus obras introdujo nuevas &#8220;invenciones&#8221; espaciales, como la planimetr\u00eda el\u00edptica, la modulaci\u00f3n de las paredes y la disposici\u00f3n esc\u00e9nica de las fuentes de luz. Entre sus obras maestras, destacan el San Carlino alle Quattro Fontane, el oratorio de los Filipinos, las iglesias de Sant&#8217;Ivo alla Sapienza y San Agnese en la Plaza Navona, el Palacio de Propaganda Fide, la c\u00fapula y el campanario de Sant&#8217;Andrea delle Fratte. Por orden del Papa Inocencio X tambi\u00e9n trabaj\u00f3 en la restauraci\u00f3n de la Bas\u00edlica de San Juan de Letr\u00e1n.<\/p>\n<\/p><\/div>\n<p><\/p>\n","protected":false},"excerpt":{"rendered":"<p>Francesco Borromini Francesco Castelli, m\u00e1s conocido como Francesco Borromini (1599-1667) naci\u00f3 en Bissone, en el cant\u00f3n del Tesino. Comenz\u00f3 su actividad en Mil\u00e1n, donde trabaj\u00f3 como cantero para la construcci\u00f3n de la Catedral (Il Duomo). A finales de 1619 se march\u00f3 a Roma, donde se&hellip;<\/p>\n","protected":false},"author":1,"featured_media":0,"parent":6646,"menu_order":0,"comment_status":"closed","ping_status":"closed","template":"","meta":{"footnotes":""},"class_list":["post-7485","page","type-page","status-publish","hentry"],"_links":{"self":[{"href":"https:\/\/digitalhistory.unite.it\/es\/wp-json\/wp\/v2\/pages\/7485","targetHints":{"allow":["GET"]}}],"collection":[{"href":"https:\/\/digitalhistory.unite.it\/es\/wp-json\/wp\/v2\/pages"}],"about":[{"href":"https:\/\/digitalhistory.unite.it\/es\/wp-json\/wp\/v2\/types\/page"}],"author":[{"embeddable":true,"href":"https:\/\/digitalhistory.unite.it\/es\/wp-json\/wp\/v2\/users\/1"}],"replies":[{"embeddable":true,"href":"https:\/\/digitalhistory.unite.it\/es\/wp-json\/wp\/v2\/comments?post=7485"}],"version-history":[{"count":3,"href":"https:\/\/digitalhistory.unite.it\/es\/wp-json\/wp\/v2\/pages\/7485\/revisions"}],"predecessor-version":[{"id":11127,"href":"https:\/\/digitalhistory.unite.it\/es\/wp-json\/wp\/v2\/pages\/7485\/revisions\/11127"}],"up":[{"embeddable":true,"href":"https:\/\/digitalhistory.unite.it\/es\/wp-json\/wp\/v2\/pages\/6646"}],"wp:attachment":[{"href":"https:\/\/digitalhistory.unite.it\/es\/wp-json\/wp\/v2\/media?parent=7485"}],"curies":[{"name":"wp","href":"https:\/\/api.w.org\/{rel}","templated":true}]}}