{"id":7486,"date":"2021-08-20T00:04:38","date_gmt":"2021-08-19T22:04:38","guid":{"rendered":"https:\/\/digitalhistory.unite.it\/museo-nacional-de-escultura-de-valladolid\/"},"modified":"2021-11-23T15:29:10","modified_gmt":"2021-11-23T14:29:10","slug":"museo-nacional-de-escultura-de-valladolid","status":"publish","type":"page","link":"https:\/\/digitalhistory.unite.it\/es\/territorios\/itinerarios-urbanos\/museo-nacional-de-escultura-de-valladolid\/","title":{"rendered":"El Museo Nacional de Escultura de Valladolid"},"content":{"rendered":"<h1>El Museo Nacional de Escultura de Valladolid <\/h1>\n<div class=\"testo\">\n<ul>\n<li><a href=\"\/es\/territorios\/itinerarios-urbanos\/museo-nacional-de-escultura-de-valladolid\/un-museo-centenario\/\" title=\"Un museo centenario\">Un museo centenario<\/a><\/li>\n<li><a href=\"\/es\/territorios\/itinerarios-urbanos\/museo-nacional-de-escultura-de-valladolid\/el-colegio-de-san-gregorio\/\" title=\"El Colegio de San Gregorio\">Las colecciones de escultura. El Colegio de San Gregorio y la Edad de Oro de la escultura espa\u00f1ola<\/a><\/li>\n<li><a href=\"\/es\/territorios\/itinerarios-urbanos\/museo-nacional-de-escultura-de-valladolid\/el-cristo-yacente-de-gregorio-fernandez\/\" title=\"El Cristo yacente de Gregorio Fern\u00e1ndez\">El &#8220;Cristo yacente&#8221; de Gregorio Fern\u00e1ndez<\/a><\/li>\n<li><a href=\"\/es\/territorios\/itinerarios-urbanos\/museo-nacional-de-escultura-de-valladolid\/la-magdalena-de-pedro-de-mena\/\" title=\"La Magdalena de Pedro de Mena\">La &#8220;Magdalena&#8221; de Pedro de Mena<\/a>&nbsp;<\/li>\n<li><a href=\"\/es\/territorios\/itinerarios-urbanos\/museo-nacional-de-escultura-de-valladolid\/santa-teresa-de-jesus-de-gregorio-fernandez\/\" title=\"Santa Teresa de Jes\u00fas de Gregorio Fern\u00e1ndez\">La &#8220;Santa Teresa de Jes\u00fas&#8221; de Gregorio Fern\u00e1ndez<\/a><\/li>\n<li><a href=\"\/es\/territorios\/itinerarios-urbanos\/museo-nacional-de-escultura-de-valladolid\/la-elevacion-de-la-cruz-de-francisco-del-rincon\/\" title=\"La Elevaci\u00f3n de la Cruz de Francisco del Rinc\u00f3n\">&#8220;La Elevaci\u00f3n de la Cruz&#8221; de Francisco del Rinc\u00f3n<\/a><\/li>\n<li><a href=\"\/es\/territorios\/itinerarios-urbanos\/museo-nacional-de-escultura-de-valladolid\/alegoria-de-la-virgen-inmaculada-di-juan-de-roelas\/\" title=\"Alegor\u00eda de la Virgen Inmaculada di Juan de Roelas\">La &#8220;Alegor\u00eda de la Virgen Inmaculada&#8221; de Juan de Roelas<\/a><\/li>\n<\/ul><\/div>\n<p><\/p>\n","protected":false},"excerpt":{"rendered":"<p>El Museo Nacional de Escultura de Valladolid Un museo centenario Las colecciones de escultura. El Colegio de San Gregorio y la Edad de Oro de la escultura espa\u00f1ola El &#8220;Cristo yacente&#8221; de Gregorio Fern\u00e1ndez La &#8220;Magdalena&#8221; de Pedro de Mena&nbsp; La &#8220;Santa Teresa de Jes\u00fas&#8221;&hellip;<\/p>\n","protected":false},"author":1,"featured_media":0,"parent":5909,"menu_order":0,"comment_status":"closed","ping_status":"closed","template":"","meta":{"footnotes":""},"class_list":["post-7486","page","type-page","status-publish","hentry"],"_links":{"self":[{"href":"https:\/\/digitalhistory.unite.it\/es\/wp-json\/wp\/v2\/pages\/7486","targetHints":{"allow":["GET"]}}],"collection":[{"href":"https:\/\/digitalhistory.unite.it\/es\/wp-json\/wp\/v2\/pages"}],"about":[{"href":"https:\/\/digitalhistory.unite.it\/es\/wp-json\/wp\/v2\/types\/page"}],"author":[{"embeddable":true,"href":"https:\/\/digitalhistory.unite.it\/es\/wp-json\/wp\/v2\/users\/1"}],"replies":[{"embeddable":true,"href":"https:\/\/digitalhistory.unite.it\/es\/wp-json\/wp\/v2\/comments?post=7486"}],"version-history":[{"count":2,"href":"https:\/\/digitalhistory.unite.it\/es\/wp-json\/wp\/v2\/pages\/7486\/revisions"}],"predecessor-version":[{"id":12125,"href":"https:\/\/digitalhistory.unite.it\/es\/wp-json\/wp\/v2\/pages\/7486\/revisions\/12125"}],"up":[{"embeddable":true,"href":"https:\/\/digitalhistory.unite.it\/es\/wp-json\/wp\/v2\/pages\/5909"}],"wp:attachment":[{"href":"https:\/\/digitalhistory.unite.it\/es\/wp-json\/wp\/v2\/media?parent=7486"}],"curies":[{"name":"wp","href":"https:\/\/api.w.org\/{rel}","templated":true}]}}