{"id":7488,"date":"2021-08-20T00:04:38","date_gmt":"2021-08-19T22:04:38","guid":{"rendered":"https:\/\/digitalhistory.unite.it\/casa-del-sol\/"},"modified":"2021-11-23T15:29:11","modified_gmt":"2021-11-23T14:29:11","slug":"casa-del-sol","status":"publish","type":"page","link":"https:\/\/digitalhistory.unite.it\/es\/territorios\/itinerarios-urbanos\/museo-nacional-de-escultura-de-valladolid\/un-museo-centenario\/casa-del-sol\/","title":{"rendered":"La Casa del Sol. Las culturas de la copia"},"content":{"rendered":"<h1>La Casa del Sol. Las culturas de la copia <\/h1>\n<div class=\"testo\">\n<p style=\"text-align: justify\"><img loading=\"lazy\" decoding=\"async\" src=\"https:\/\/digitalhistory.unite.it\/wp-content\/uploads\/2021\/08\/casa_del_sol_251x188.jpg\" width=\"251\" height=\"188\" alt=\"Casa del Sol\" align=\"left\">En 2011, la colecci\u00f3n del Museo Nacional de Reproducciones Art\u00edsticas, fundado en 1877, se integr\u00f3 en el Museo Nacional de Escultura. Se trata de una colecci\u00f3n de m\u00e1s de 3.000 piezas que por su calidad, abundancia y antig\u00fcedad, est\u00e1 valorada como una de las mejores de Europa. La exposici\u00f3n permanente presentada en la Casa del Sol re\u00fane una selecci\u00f3n de c\u00e9lebres obras de la Antig\u00fcedad greco-romana, desde el Torso de Belvedere hasta el Laocoonte o el Disc\u00f3bolo, pasando por colecciones de camafeos, cascos de gladiadores, bustos de los grandes fil\u00f3sofos, los retratos del Fayum o la m\u00e1scara de Agamen\u00f3n. Las copias son valiosas en s\u00ed mismas, porque son centenarias y est\u00e1n realizadas en los mejores talleres europeos; porque documentan obras antiguas hoy perdidas; porque nos instruyen sobre una t\u00e9cnica milenaria, la del vaciado, compleja y perfecta; y, finalmente, porque permiten conocer la historia del gusto europeo. En distintos soportes &#8211; yesos, bronce, fotograf\u00eda, litograf\u00edas, pintura sobre barro, galvanoplastias -, la exposici\u00f3n permanente ofrece un panorama de procedimientos de reproducci\u00f3n practicados desde milenios, pero ampliados en la era contempor\u00e1nea, la de las grandes invenciones en el campo de la reproductibilidad t\u00e9cnica, en la que una verdadera industria de lo Bello se esforz\u00f3 por acercar la multitud a la obra.<\/p>\n<\/p><\/div>\n<p><\/p>\n","protected":false},"excerpt":{"rendered":"<p>La Casa del Sol. Las culturas de la copia En 2011, la colecci\u00f3n del Museo Nacional de Reproducciones Art\u00edsticas, fundado en 1877, se integr\u00f3 en el Museo Nacional de Escultura. Se trata de una colecci\u00f3n de m\u00e1s de 3.000 piezas que por su calidad, abundancia&hellip;<\/p>\n","protected":false},"author":1,"featured_media":0,"parent":6647,"menu_order":0,"comment_status":"closed","ping_status":"closed","template":"","meta":{"footnotes":""},"class_list":["post-7488","page","type-page","status-publish","hentry"],"_links":{"self":[{"href":"https:\/\/digitalhistory.unite.it\/es\/wp-json\/wp\/v2\/pages\/7488","targetHints":{"allow":["GET"]}}],"collection":[{"href":"https:\/\/digitalhistory.unite.it\/es\/wp-json\/wp\/v2\/pages"}],"about":[{"href":"https:\/\/digitalhistory.unite.it\/es\/wp-json\/wp\/v2\/types\/page"}],"author":[{"embeddable":true,"href":"https:\/\/digitalhistory.unite.it\/es\/wp-json\/wp\/v2\/users\/1"}],"replies":[{"embeddable":true,"href":"https:\/\/digitalhistory.unite.it\/es\/wp-json\/wp\/v2\/comments?post=7488"}],"version-history":[{"count":2,"href":"https:\/\/digitalhistory.unite.it\/es\/wp-json\/wp\/v2\/pages\/7488\/revisions"}],"predecessor-version":[{"id":12133,"href":"https:\/\/digitalhistory.unite.it\/es\/wp-json\/wp\/v2\/pages\/7488\/revisions\/12133"}],"up":[{"embeddable":true,"href":"https:\/\/digitalhistory.unite.it\/es\/wp-json\/wp\/v2\/pages\/6647"}],"wp:attachment":[{"href":"https:\/\/digitalhistory.unite.it\/es\/wp-json\/wp\/v2\/media?parent=7488"}],"curies":[{"name":"wp","href":"https:\/\/api.w.org\/{rel}","templated":true}]}}