{"id":7489,"date":"2021-08-20T00:04:38","date_gmt":"2021-08-19T22:04:38","guid":{"rendered":"https:\/\/digitalhistory.unite.it\/cosimo-fanzago\/"},"modified":"2021-11-23T17:45:15","modified_gmt":"2021-11-23T16:45:15","slug":"cosimo-fanzago","status":"publish","type":"page","link":"https:\/\/digitalhistory.unite.it\/es\/territorios\/itinerarios-urbanos\/cosimo-fanzago\/","title":{"rendered":"Cosimo Fanzago y la N\u00e1poles barroca"},"content":{"rendered":"<h1>Cosimo Fanzago y la N\u00e1poles barroca <\/h1>\n<div class=\"testo\">\n<ul>\n<li><a href=\"\/es\/territorios\/itinerarios-urbanos\/cosimo-fanzago\/napoles-y-las-obras-de-su-juventud\/\" title=\"N\u00e1poles y las obras de su juventud\">N\u00e1poles y las obras de su juventud<\/a><\/li>\n<li><a href=\"\/es\/territorios\/itinerarios-urbanos\/cosimo-fanzago\/la-cartuja-de-san-martin\/\" title=\"La Cartuja de San Mart\u00edn\">La Cartuja de San Mart\u00edn<\/a><\/li>\n<li><a href=\"\/es\/territorios\/itinerarios-urbanos\/cosimo-fanzago\/los-palacios\/\" title=\"Los Palacios\">Los Palacios<\/a><\/li>\n<li><a href=\"\/es\/territorios\/itinerarios-urbanos\/cosimo-fanzago\/las-iglesias-de-napoles-y-algunos-simbolos-de-la-ciudad\/\" title=\"Las Iglesias de N\u00e1poles y algunos s\u00edmbolos de la ciudad\">Las Iglesias de N\u00e1poles y algunos s\u00edmbolos de la ciudad<\/a><\/li>\n<li><a href=\"\/es\/territorios\/itinerarios-urbanos\/cosimo-fanzago\/fanzago-y-la-revuelta-de-masaniello\/\" title=\"Fanzago y la revuelta de Masaniello\">Fanzago y la revuelta de Masaniello<\/a><\/li>\n<li><a href=\"\/es\/territorios\/itinerarios-urbanos\/cosimo-fanzago\/la-obra-de-fanzago-fuera-de-napoles\/\" title=\"La obra de Fanzago fuera de N\u00e1poles\">La obra de Fanzago fuera de N\u00e1poles<\/a><\/li>\n<\/ul><\/div>\n<p><\/p>\n","protected":false},"excerpt":{"rendered":"<p>Cosimo Fanzago y la N\u00e1poles barroca N\u00e1poles y las obras de su juventud La Cartuja de San Mart\u00edn Los Palacios Las Iglesias de N\u00e1poles y algunos s\u00edmbolos de la ciudad Fanzago y la revuelta de Masaniello La obra de Fanzago fuera de N\u00e1poles<\/p>\n","protected":false},"author":1,"featured_media":0,"parent":5909,"menu_order":0,"comment_status":"closed","ping_status":"closed","template":"","meta":{"footnotes":""},"class_list":["post-7489","page","type-page","status-publish","hentry"],"_links":{"self":[{"href":"https:\/\/digitalhistory.unite.it\/es\/wp-json\/wp\/v2\/pages\/7489","targetHints":{"allow":["GET"]}}],"collection":[{"href":"https:\/\/digitalhistory.unite.it\/es\/wp-json\/wp\/v2\/pages"}],"about":[{"href":"https:\/\/digitalhistory.unite.it\/es\/wp-json\/wp\/v2\/types\/page"}],"author":[{"embeddable":true,"href":"https:\/\/digitalhistory.unite.it\/es\/wp-json\/wp\/v2\/users\/1"}],"replies":[{"embeddable":true,"href":"https:\/\/digitalhistory.unite.it\/es\/wp-json\/wp\/v2\/comments?post=7489"}],"version-history":[{"count":2,"href":"https:\/\/digitalhistory.unite.it\/es\/wp-json\/wp\/v2\/pages\/7489\/revisions"}],"predecessor-version":[{"id":12110,"href":"https:\/\/digitalhistory.unite.it\/es\/wp-json\/wp\/v2\/pages\/7489\/revisions\/12110"}],"up":[{"embeddable":true,"href":"https:\/\/digitalhistory.unite.it\/es\/wp-json\/wp\/v2\/pages\/5909"}],"wp:attachment":[{"href":"https:\/\/digitalhistory.unite.it\/es\/wp-json\/wp\/v2\/media?parent=7489"}],"curies":[{"name":"wp","href":"https:\/\/api.w.org\/{rel}","templated":true}]}}