{"id":7490,"date":"2021-08-20T00:04:38","date_gmt":"2021-08-19T22:04:38","guid":{"rendered":"https:\/\/digitalhistory.unite.it\/conde-de-lemos\/"},"modified":"2021-11-23T15:29:10","modified_gmt":"2021-11-23T14:29:10","slug":"conde-de-lemos","status":"publish","type":"page","link":"https:\/\/digitalhistory.unite.it\/es\/territorios\/itinerarios-urbanos\/cosimo-fanzago\/napoles-y-las-obras-de-su-juventud\/conde-de-lemos\/","title":{"rendered":"Pedro Fern\u00e1ndez de Castro, VII conde de Lemos"},"content":{"rendered":"<h1>Pedro Fern\u00e1ndez de Castro, VII conde de Lemos <\/h1>\n<div class=\"testo\">\n<p style=\"text-align: justify\"><img loading=\"lazy\" decoding=\"async\" src=\"https:\/\/digitalhistory.unite.it\/wp-content\/uploads\/2021\/08\/pedro_fernandez_de_castro__vii_count_of_lemos_226x276.jpg\" width=\"226\" height=\"276\" alt=\"Conte di Lemos\" align=\"left\">Pedro Fern\u00e1ndez de Castro, VII conde de Lemos (1576-1622) fue una figura destacada durante el reinado de Felipe III (1598-1621). Hijo de una de las hermanas del Duque de Lerma, el plenipotenciario valido del soberano, Lemos comenz\u00f3, todav\u00eda muy joven, un r\u00e1pido y prestigioso <em>cursus honorum<\/em>. En 1603, con tan s\u00f3lo 27 a\u00f1os, fue nombrado presidente del Consejo de Indias. M\u00e1s tarde desempe\u00f1\u00f3, de 1610 a 1616, el cargo de virrey de N\u00e1poles ya ejercido por su padre a\u00f1os antes, y durante ese tiempo, construy\u00f3 su fama de gobernador reformador y de ilustre mecenas y protector de artistas y escritores. De regreso a Madrid, fue nombrado Presidente del Consejo de Italia, cargo que ejerci\u00f3 hasta que la enemistad abierta con su primo, el duque de Uceda, y con el confesor del rey, Fray Luis de Aliaga, le oblig\u00f3 para salir de la corte en 1618. Con el alejamiento de la vida pol\u00edtica del duque de Lerma, su t\u00edo, y el inicio del breve periodo de gobierno del duque de Uceda, Lemos no tuvo posibilidad de volver a la corte y vivi\u00f3 retirado en sus posesiones gallegas. Muri\u00f3 en 1622.<\/p>\n<p style=\"text-align: justify\">Para saber m\u00e1s:<\/p>\n<ul style=\"text-align: justify\">\n<li>E. Pardo de Guevara y Vald\u00e9s, <em>Don Pedro Fern\u00e1ndez de Castro VII Conde de Lemos (1576-1622)<\/em>, 2 voll., Santiago de Compostela 1997.<\/li>\n<li>I. Enciso Alonso-Mu\u00f1umer, <em>Nobleza, poder y mecenazgo en tiempos de Felipe III. N\u00e1poles y el conde de Lemos<\/em>, Madrid 2007.<\/li>\n<\/ul>\n<p style=\"text-align: justify\">&nbsp;<\/p>\n<\/p><\/div>\n<p><\/p>\n","protected":false},"excerpt":{"rendered":"<p>Pedro Fern\u00e1ndez de Castro, VII conde de Lemos Pedro Fern\u00e1ndez de Castro, VII conde de Lemos (1576-1622) fue una figura destacada durante el reinado de Felipe III (1598-1621). Hijo de una de las hermanas del Duque de Lerma, el plenipotenciario valido del soberano, Lemos comenz\u00f3,&hellip;<\/p>\n","protected":false},"author":1,"featured_media":0,"parent":6654,"menu_order":0,"comment_status":"closed","ping_status":"closed","template":"","meta":{"footnotes":""},"class_list":["post-7490","page","type-page","status-publish","hentry"],"_links":{"self":[{"href":"https:\/\/digitalhistory.unite.it\/es\/wp-json\/wp\/v2\/pages\/7490","targetHints":{"allow":["GET"]}}],"collection":[{"href":"https:\/\/digitalhistory.unite.it\/es\/wp-json\/wp\/v2\/pages"}],"about":[{"href":"https:\/\/digitalhistory.unite.it\/es\/wp-json\/wp\/v2\/types\/page"}],"author":[{"embeddable":true,"href":"https:\/\/digitalhistory.unite.it\/es\/wp-json\/wp\/v2\/users\/1"}],"replies":[{"embeddable":true,"href":"https:\/\/digitalhistory.unite.it\/es\/wp-json\/wp\/v2\/comments?post=7490"}],"version-history":[{"count":2,"href":"https:\/\/digitalhistory.unite.it\/es\/wp-json\/wp\/v2\/pages\/7490\/revisions"}],"predecessor-version":[{"id":12124,"href":"https:\/\/digitalhistory.unite.it\/es\/wp-json\/wp\/v2\/pages\/7490\/revisions\/12124"}],"up":[{"embeddable":true,"href":"https:\/\/digitalhistory.unite.it\/es\/wp-json\/wp\/v2\/pages\/6654"}],"wp:attachment":[{"href":"https:\/\/digitalhistory.unite.it\/es\/wp-json\/wp\/v2\/media?parent=7490"}],"curies":[{"name":"wp","href":"https:\/\/api.w.org\/{rel}","templated":true}]}}