{"id":7491,"date":"2021-08-20T00:04:38","date_gmt":"2021-08-19T22:04:38","guid":{"rendered":"https:\/\/digitalhistory.unite.it\/barletta\/"},"modified":"2021-11-23T17:45:15","modified_gmt":"2021-11-23T16:45:15","slug":"barletta","status":"publish","type":"page","link":"https:\/\/digitalhistory.unite.it\/es\/territorios\/itinerarios-urbanos\/cosimo-fanzago\/napoles-y-las-obras-de-su-juventud\/barletta\/","title":{"rendered":"Barletta"},"content":{"rendered":"<h1>Barletta <\/h1>\n<div class=\"testo\">\n<p style=\"text-align: justify\"><img loading=\"lazy\" decoding=\"async\" src=\"https:\/\/digitalhistory.unite.it\/wp-content\/uploads\/2021\/08\/barletta_218x298.jpg\" width=\"218\" height=\"298\" alt=\"Barletta\" align=\"left\">Los primeros testimonios de asentamientos en lo que despu\u00e9s se denomin\u00f3 Barletta se remontan al IV siglo a.C. No lejos de all\u00ed se libr\u00f3 la batalla de Canne en el a\u00f1o 216 a.C., en la que el ej\u00e9rcito romano fue derrotado por los cartagineses dirigidos por An\u00edbal. La importancia de la ciudad creci\u00f3 en los \u00faltimos siglos del Medievo, cuando se afianz\u00f3 como basti\u00f3n de los normandos y etapa fundamental en el camino de los soldados cruzados, y de todo el tr\u00e1fico comercial hacia Tierra Santa. Bajo el emperador Federico II de Hohenstaufen, Barletta se convirti\u00f3 en una de las ciudades m\u00e1s importantes del reino de Sicilia (que inclu\u00eda entonces el sur del continente), y en ella el propio emperador hab\u00eda construido una de sus residencias. En la catedral de Barletta fue coronado, en 1459, el rey Fernando I de Arag\u00f3n, aunque el evento m\u00e1s importante en la historia de la ciudad se produjo s\u00f3lo a principios del siglo XVI. En el contexto de las guerras de Italia, que enfrent\u00f3 a Espa\u00f1a y a Francia por el dominio de la pen\u00ednsula italiana, el &#8220;Desaf\u00edo de Barletta&#8221; (13 de febrero 1503) vio el choque entre los caballeros italianos y franceses, y la consiguiente victoria de los primeros, al mando del capit\u00e1n Ettore Fieramosca. Convertida en un basti\u00f3n del poder espa\u00f1ol, Barletta fue saqueada por los franceses en 1528, iniciando as\u00ed un per\u00edodo de decadencia que se prolongar\u00eda a lo largo de la edad moderna. La peste de 1656 y una larga serie de terremotos a caballo entre los siglos XVII y XVIII, redujeron a niveles m\u00ednimos hist\u00f3ricos la poblaci\u00f3n y la importancia pol\u00edtico-econ\u00f3mica de la ciudad.<\/p>\n<\/div>\n","protected":false},"excerpt":{"rendered":"<p>Barletta Los primeros testimonios de asentamientos en lo que despu\u00e9s se denomin\u00f3 Barletta se remontan al IV siglo a.C. No lejos de all\u00ed se libr\u00f3 la batalla de Canne en el a\u00f1o 216 a.C., en la que el ej\u00e9rcito romano fue derrotado por los cartagineses&hellip;<\/p>\n","protected":false},"author":1,"featured_media":0,"parent":6654,"menu_order":0,"comment_status":"closed","ping_status":"closed","template":"","meta":{"footnotes":""},"class_list":["post-7491","page","type-page","status-publish","hentry"],"_links":{"self":[{"href":"https:\/\/digitalhistory.unite.it\/es\/wp-json\/wp\/v2\/pages\/7491","targetHints":{"allow":["GET"]}}],"collection":[{"href":"https:\/\/digitalhistory.unite.it\/es\/wp-json\/wp\/v2\/pages"}],"about":[{"href":"https:\/\/digitalhistory.unite.it\/es\/wp-json\/wp\/v2\/types\/page"}],"author":[{"embeddable":true,"href":"https:\/\/digitalhistory.unite.it\/es\/wp-json\/wp\/v2\/users\/1"}],"replies":[{"embeddable":true,"href":"https:\/\/digitalhistory.unite.it\/es\/wp-json\/wp\/v2\/comments?post=7491"}],"version-history":[{"count":2,"href":"https:\/\/digitalhistory.unite.it\/es\/wp-json\/wp\/v2\/pages\/7491\/revisions"}],"predecessor-version":[{"id":12122,"href":"https:\/\/digitalhistory.unite.it\/es\/wp-json\/wp\/v2\/pages\/7491\/revisions\/12122"}],"up":[{"embeddable":true,"href":"https:\/\/digitalhistory.unite.it\/es\/wp-json\/wp\/v2\/pages\/6654"}],"wp:attachment":[{"href":"https:\/\/digitalhistory.unite.it\/es\/wp-json\/wp\/v2\/media?parent=7491"}],"curies":[{"name":"wp","href":"https:\/\/api.w.org\/{rel}","templated":true}]}}