{"id":7492,"date":"2021-08-20T00:04:38","date_gmt":"2021-08-19T22:04:38","guid":{"rendered":"https:\/\/digitalhistory.unite.it\/catanzaro\/"},"modified":"2021-11-23T17:45:15","modified_gmt":"2021-11-23T16:45:15","slug":"catanzaro","status":"publish","type":"page","link":"https:\/\/digitalhistory.unite.it\/es\/territorios\/itinerarios-urbanos\/cosimo-fanzago\/napoles-y-las-obras-de-su-juventud\/catanzaro\/","title":{"rendered":"Catanzaro"},"content":{"rendered":"<h1>Catanzaro <\/h1>\n<div class=\"testo\">\n<p style=\"text-align: justify\"><img loading=\"lazy\" decoding=\"async\" src=\"https:\/\/digitalhistory.unite.it\/wp-content\/uploads\/2021\/08\/catanzaro_251x169-8.jpg\" width=\"251\" height=\"169\" alt=\"Catanzaro\" align=\"left\">La ciudad de Catanzaro casi seguro que evolucion\u00f3 a partir de una antigua colonia griega. En la Edad Media, fue dominada, alternativamente, por los bizantinos y los musulmanes sarracenos, hasta la conquista normanda por parte de Roberto il Guiscardo. En los siglos siguientes, Catanzaro vio cambiar varias veces su condici\u00f3n, de ciudad que pertenec\u00eda al dominio real, a feudo de las grandes familias nobiliarias, especialmente de los Ruffo. La floreciente industria de la seda local permiti\u00f3 a Catanzaro disfrutar de un alto nivel de bienestar econ\u00f3mico. En 1528 resisti\u00f3 el asedio de los franceses, y gracias a ese hecho obtuvo del Emperador Carlos V (1500-1558) el t\u00edtulo de &#8220;Fidel\u00edsima&#8221; y el privilegio de poder introducir el \u00e1guila imperial en su escudo de armas. A partir de 1593, y de forma continuada durante los dos siglos siguientes, Catanzaro fue tambi\u00e9n la capital de la provincia de Calabria Ulterior.<\/p>\n<\/p><\/div>\n<p><\/p>\n","protected":false},"excerpt":{"rendered":"<p>Catanzaro La ciudad de Catanzaro casi seguro que evolucion\u00f3 a partir de una antigua colonia griega. En la Edad Media, fue dominada, alternativamente, por los bizantinos y los musulmanes sarracenos, hasta la conquista normanda por parte de Roberto il Guiscardo. En los siglos siguientes, Catanzaro&hellip;<\/p>\n","protected":false},"author":1,"featured_media":0,"parent":6654,"menu_order":0,"comment_status":"closed","ping_status":"closed","template":"","meta":{"footnotes":""},"class_list":["post-7492","page","type-page","status-publish","hentry"],"_links":{"self":[{"href":"https:\/\/digitalhistory.unite.it\/es\/wp-json\/wp\/v2\/pages\/7492","targetHints":{"allow":["GET"]}}],"collection":[{"href":"https:\/\/digitalhistory.unite.it\/es\/wp-json\/wp\/v2\/pages"}],"about":[{"href":"https:\/\/digitalhistory.unite.it\/es\/wp-json\/wp\/v2\/types\/page"}],"author":[{"embeddable":true,"href":"https:\/\/digitalhistory.unite.it\/es\/wp-json\/wp\/v2\/users\/1"}],"replies":[{"embeddable":true,"href":"https:\/\/digitalhistory.unite.it\/es\/wp-json\/wp\/v2\/comments?post=7492"}],"version-history":[{"count":2,"href":"https:\/\/digitalhistory.unite.it\/es\/wp-json\/wp\/v2\/pages\/7492\/revisions"}],"predecessor-version":[{"id":12123,"href":"https:\/\/digitalhistory.unite.it\/es\/wp-json\/wp\/v2\/pages\/7492\/revisions\/12123"}],"up":[{"embeddable":true,"href":"https:\/\/digitalhistory.unite.it\/es\/wp-json\/wp\/v2\/pages\/6654"}],"wp:attachment":[{"href":"https:\/\/digitalhistory.unite.it\/es\/wp-json\/wp\/v2\/media?parent=7492"}],"curies":[{"name":"wp","href":"https:\/\/api.w.org\/{rel}","templated":true}]}}