{"id":7493,"date":"2021-08-20T00:04:38","date_gmt":"2021-08-19T22:04:38","guid":{"rendered":"https:\/\/digitalhistory.unite.it\/duque-de-maddaloni\/"},"modified":"2021-11-23T15:29:10","modified_gmt":"2021-11-23T14:29:10","slug":"duque-de-maddaloni","status":"publish","type":"page","link":"https:\/\/digitalhistory.unite.it\/es\/territorios\/itinerarios-urbanos\/cosimo-fanzago\/los-palacios\/duque-de-maddaloni\/","title":{"rendered":"Diomede V Carafa, duque de Maddaloni"},"content":{"rendered":"<h1>Diomede V Carafa, duque de Maddaloni <\/h1>\n<div class=\"testo\">\n<p style=\"text-align: justify\">Nacido en N\u00e1poles en 1600, Diomede V Carafa fue duque de Maddaloni y \u00fanico heredero, por parte de su madre, de la familia espa\u00f1ola de los Pacheco. De \u00edndole guerrera y f\u00e1cil al duelo, Diomede fue uno de los arist\u00f3cratas m\u00e1s ricos y poderosos del reino de N\u00e1poles, miembro importante de la baron\u00eda que, en sus feudos, administraba la justicia con rigor y, a menudo, con violencia. A trav\u00e9s del banquero Bartolomeo d&#8217;Aquino, Carafa financi\u00f3 los gastos de la corte, obteniendo a cambio sustanciosas ganancias. En 1635 form\u00f3 parte de una delegaci\u00f3n para protestar contra la actuaci\u00f3n del Virrey Conde de Monterrey, pero a pesar de su llegada en persona a Madrid no pudo demasiado contra el virrey, quien gozaba de la protecci\u00f3n del cu\u00f1ado, el Conde-Duque de Olivares, valido de Felipe IV. Durante la revuelta de Masaniello, Diomede y su hermano Giuseppe (que fue asesinado despu\u00e9s) jugaron un papel destacado. Los dos fueron liberados de la c\u00e1rcel (donde hab\u00edan ido a parar despu\u00e9s de la explosi\u00f3n de la capitana espa\u00f1ola en el puerto de N\u00e1poles&nbsp;y con la sospecha de que estuviesen ordenando una conspiraci\u00f3n con el apoyo de Mazzarino y de Tommaso di Savoia) por el virrey de Arcos y fueron pronto odiados por Masaniello (que por otra parte hab\u00edan tratado de matarle) y por los rebeldes. Diomede fue uno de los primeros barones en responder a la llamada del Virrey en octubre de 1647, convirti\u00e9ndose en el jefe de un ej\u00e9rcito que \u00e9l mismo hab\u00eda ayudado a reunir, y sofocando as\u00ed la revuelta mientras que se extend\u00eda por varios centros de la provincia. Las sospechas sobre su acercamiento al duque de Guisa para derrocar al gobierno espa\u00f1ol y tener para s\u00ed la corona de N\u00e1poles, a cambio de la lealtad a Francia, nunca fueron probadas. Despu\u00e9s de la revuelta, fue procesado, probablemente por homicidio, pero fue puesto en libertad en 1658, con motivo del nacimiento del heredero al trono. Se refugi\u00f3 en Espa\u00f1a, donde muri\u00f3 el 5 de octubre de 1660.<\/p>\n<p style=\"text-align: justify\">Para saber m\u00e1s:<\/p>\n<ul style=\"text-align: justify\">\n<li>C. Russo, <em>Diomede, Carafa<\/em>, in <em>Dizionario Biografico degli Italiani<\/em>, v. 19 (1976).<\/li>\n<li>R. Villari, <em>La rivolta antispagnola a Napoli. Le origini (1585-1647)<\/em>, Bari 1967.<\/li>\n<\/ul><\/div>\n<p><\/p>\n","protected":false},"excerpt":{"rendered":"<p>Diomede V Carafa, duque de Maddaloni Nacido en N\u00e1poles en 1600, Diomede V Carafa fue duque de Maddaloni y \u00fanico heredero, por parte de su madre, de la familia espa\u00f1ola de los Pacheco. De \u00edndole guerrera y f\u00e1cil al duelo, Diomede fue uno de los&hellip;<\/p>\n","protected":false},"author":1,"featured_media":0,"parent":6656,"menu_order":0,"comment_status":"closed","ping_status":"closed","template":"","meta":{"footnotes":""},"class_list":["post-7493","page","type-page","status-publish","hentry"],"_links":{"self":[{"href":"https:\/\/digitalhistory.unite.it\/es\/wp-json\/wp\/v2\/pages\/7493","targetHints":{"allow":["GET"]}}],"collection":[{"href":"https:\/\/digitalhistory.unite.it\/es\/wp-json\/wp\/v2\/pages"}],"about":[{"href":"https:\/\/digitalhistory.unite.it\/es\/wp-json\/wp\/v2\/types\/page"}],"author":[{"embeddable":true,"href":"https:\/\/digitalhistory.unite.it\/es\/wp-json\/wp\/v2\/users\/1"}],"replies":[{"embeddable":true,"href":"https:\/\/digitalhistory.unite.it\/es\/wp-json\/wp\/v2\/comments?post=7493"}],"version-history":[{"count":2,"href":"https:\/\/digitalhistory.unite.it\/es\/wp-json\/wp\/v2\/pages\/7493\/revisions"}],"predecessor-version":[{"id":12120,"href":"https:\/\/digitalhistory.unite.it\/es\/wp-json\/wp\/v2\/pages\/7493\/revisions\/12120"}],"up":[{"embeddable":true,"href":"https:\/\/digitalhistory.unite.it\/es\/wp-json\/wp\/v2\/pages\/6656"}],"wp:attachment":[{"href":"https:\/\/digitalhistory.unite.it\/es\/wp-json\/wp\/v2\/media?parent=7493"}],"curies":[{"name":"wp","href":"https:\/\/api.w.org\/{rel}","templated":true}]}}