{"id":7494,"date":"2021-08-20T00:04:38","date_gmt":"2021-08-19T22:04:38","guid":{"rendered":"https:\/\/digitalhistory.unite.it\/andria\/"},"modified":"2021-11-23T15:29:10","modified_gmt":"2021-11-23T14:29:10","slug":"andria","status":"publish","type":"page","link":"https:\/\/digitalhistory.unite.it\/es\/territorios\/itinerarios-urbanos\/cosimo-fanzago\/la-obra-de-fanzago-fuera-de-napoles\/andria\/","title":{"rendered":"Andria"},"content":{"rendered":"<h1>Andria <\/h1>\n<div class=\"testo\">\n<p style=\"text-align: justify\"><img loading=\"lazy\" decoding=\"async\" src=\"https:\/\/digitalhistory.unite.it\/wp-content\/uploads\/2021\/08\/andria_centro__fileminimizer__340x192.jpg\" width=\"340\" height=\"192\" alt=\"Andria\" align=\"left\">Al igual que la mayor parte de las ciudades de Puglia, Andria tiene or\u00edgenes muy antiguos, que se remontan a la \u00e9poca de la colonizaci\u00f3n griega. En la Edad Media, se impuso como una de las residencias favoritas del emperador Federico II de Suabia, cerca de la cual, en el emplazamiento de una antigua abad\u00eda benedictina, construy\u00f3 su obra m\u00e1s famosa, Castel del Monte. Despu\u00e9s de varias vicisitudes vividas bajo el dominio de los Anjou y luego bajo los aragoneses, Andria asiste de cerca al famoso &#8220;Desaf\u00edo de Barletta&#8221;, ganado por los caballeros italianos liderados por Ettore Fieramosca contra sus adversarios franceses. Despu\u00e9s de la conquista definitiva del reino de N\u00e1poles, el rey Fernando el Cat\u00f3lico asign\u00f3 Andria al &#8220;Gran Capit\u00e1n&#8221;, Gonzalo Fern\u00e1ndez de C\u00f3rdoba, comandante del ej\u00e9rcito espa\u00f1ol en la guerra que acababa de terminar. La ciudad fue vendida m\u00e1s adelante, en 1552, a Fabrizio Carafa, Conde de Rufo y pariente del Papa Paulo IV, y bajo el control de los Carafa permaneci\u00f3 durante toda la edad moderna.<\/p>\n<\/div>\n","protected":false},"excerpt":{"rendered":"<p>Andria Al igual que la mayor parte de las ciudades de Puglia, Andria tiene or\u00edgenes muy antiguos, que se remontan a la \u00e9poca de la colonizaci\u00f3n griega. En la Edad Media, se impuso como una de las residencias favoritas del emperador Federico II de Suabia,&hellip;<\/p>\n","protected":false},"author":1,"featured_media":0,"parent":6659,"menu_order":0,"comment_status":"closed","ping_status":"closed","template":"","meta":{"footnotes":""},"class_list":["post-7494","page","type-page","status-publish","hentry"],"_links":{"self":[{"href":"https:\/\/digitalhistory.unite.it\/es\/wp-json\/wp\/v2\/pages\/7494","targetHints":{"allow":["GET"]}}],"collection":[{"href":"https:\/\/digitalhistory.unite.it\/es\/wp-json\/wp\/v2\/pages"}],"about":[{"href":"https:\/\/digitalhistory.unite.it\/es\/wp-json\/wp\/v2\/types\/page"}],"author":[{"embeddable":true,"href":"https:\/\/digitalhistory.unite.it\/es\/wp-json\/wp\/v2\/users\/1"}],"replies":[{"embeddable":true,"href":"https:\/\/digitalhistory.unite.it\/es\/wp-json\/wp\/v2\/comments?post=7494"}],"version-history":[{"count":2,"href":"https:\/\/digitalhistory.unite.it\/es\/wp-json\/wp\/v2\/pages\/7494\/revisions"}],"predecessor-version":[{"id":12116,"href":"https:\/\/digitalhistory.unite.it\/es\/wp-json\/wp\/v2\/pages\/7494\/revisions\/12116"}],"up":[{"embeddable":true,"href":"https:\/\/digitalhistory.unite.it\/es\/wp-json\/wp\/v2\/pages\/6659"}],"wp:attachment":[{"href":"https:\/\/digitalhistory.unite.it\/es\/wp-json\/wp\/v2\/media?parent=7494"}],"curies":[{"name":"wp","href":"https:\/\/api.w.org\/{rel}","templated":true}]}}