{"id":7495,"date":"2021-08-20T00:04:38","date_gmt":"2021-08-19T22:04:38","guid":{"rendered":"https:\/\/digitalhistory.unite.it\/conde-de-monterrey\/"},"modified":"2021-11-23T15:29:10","modified_gmt":"2021-11-23T14:29:10","slug":"conde-de-monterrey","status":"publish","type":"page","link":"https:\/\/digitalhistory.unite.it\/es\/territorios\/itinerarios-urbanos\/cosimo-fanzago\/la-obra-de-fanzago-fuera-de-napoles\/conde-de-monterrey\/","title":{"rendered":"Manuel de Z\u00fa\u00f1iga y Fonseca, Conde de Monterrey"},"content":{"rendered":"<h1>Manuel de Z\u00fa\u00f1iga y Fonseca, Conde de Monterrey <\/h1>\n<div class=\"testo\">\n<p style=\"text-align: justify\">Manuel de Z\u00fa\u00f1iga y Fonseca, Conde de Monterrey (1586-1653) fue un hombre importante en el gobierno dela Monarqu\u00eda espa\u00f1ola bajo el reinado de Felipe IV (1621-1665). Fundamental para su carrera fue el estrecho v\u00ednculo familiar que le un\u00eda al Conde-Duque de Olivares, valido del rey: Monterrey se hab\u00eda casado con una hermana de este \u00faltimo, y Olivares, a su vez, se hab\u00eda casado con una hermana del Conde, do\u00f1a In\u00e9s de Z\u00fa\u00f1iga. Inicialmente destinado a la carrera eclesi\u00e1stica, Monterrey experiment\u00f3 un ascenso pol\u00edtico r\u00e1pido al comenzar el reinado de Felipe IV: ministro del Consejo de Estado, m\u00e1s tarde fue nombrado presidente del Consejo de Italia, y luego, enviado a Roma como embajador espa\u00f1ol ante la Santa Sede. En mayo de 1631, sucedi\u00f3 al duque de Alcal\u00e1 en el gobierno m\u00e1s lucrativo de los virreinatos de la Monarqu\u00eda de los Habsburgo, el de N\u00e1poles. Ocup\u00f3 este cargo hasta noviembre de 1637. La imposibilidad de dirigir el ej\u00e9rcito que deb\u00eda sofocar la revuelta en Portugal, junto con la ca\u00edda en desgracia, en 1643, del Conde-Duque de Olivares, su principal patr\u00f3n, marc\u00f3 el final de su carrera pol\u00edtico-militar.<\/p>\n<p style=\"text-align: justify\">Para saber m\u00e1s:<\/p>\n<ul style=\"text-align: justify\">\n<li>J.H. Elliott, <em>The Count-Duke of Olivares.&nbsp;The Statesman in an Age of Decline<\/em>, New Haven 1986.<\/li>\n<li>R. Villari, <em>Un sogno di libert\u00e0. Napoli nel declino di un impero, 1585-1648<\/em>, Milano 2012.<\/li>\n<\/ul><\/div>\n<p><\/p>\n","protected":false},"excerpt":{"rendered":"<p>Manuel de Z\u00fa\u00f1iga y Fonseca, Conde de Monterrey Manuel de Z\u00fa\u00f1iga y Fonseca, Conde de Monterrey (1586-1653) fue un hombre importante en el gobierno dela Monarqu\u00eda espa\u00f1ola bajo el reinado de Felipe IV (1621-1665). Fundamental para su carrera fue el estrecho v\u00ednculo familiar que le&hellip;<\/p>\n","protected":false},"author":1,"featured_media":0,"parent":6659,"menu_order":0,"comment_status":"closed","ping_status":"closed","template":"","meta":{"footnotes":""},"class_list":["post-7495","page","type-page","status-publish","hentry"],"_links":{"self":[{"href":"https:\/\/digitalhistory.unite.it\/es\/wp-json\/wp\/v2\/pages\/7495","targetHints":{"allow":["GET"]}}],"collection":[{"href":"https:\/\/digitalhistory.unite.it\/es\/wp-json\/wp\/v2\/pages"}],"about":[{"href":"https:\/\/digitalhistory.unite.it\/es\/wp-json\/wp\/v2\/types\/page"}],"author":[{"embeddable":true,"href":"https:\/\/digitalhistory.unite.it\/es\/wp-json\/wp\/v2\/users\/1"}],"replies":[{"embeddable":true,"href":"https:\/\/digitalhistory.unite.it\/es\/wp-json\/wp\/v2\/comments?post=7495"}],"version-history":[{"count":2,"href":"https:\/\/digitalhistory.unite.it\/es\/wp-json\/wp\/v2\/pages\/7495\/revisions"}],"predecessor-version":[{"id":12117,"href":"https:\/\/digitalhistory.unite.it\/es\/wp-json\/wp\/v2\/pages\/7495\/revisions\/12117"}],"up":[{"embeddable":true,"href":"https:\/\/digitalhistory.unite.it\/es\/wp-json\/wp\/v2\/pages\/6659"}],"wp:attachment":[{"href":"https:\/\/digitalhistory.unite.it\/es\/wp-json\/wp\/v2\/media?parent=7495"}],"curies":[{"name":"wp","href":"https:\/\/api.w.org\/{rel}","templated":true}]}}