{"id":7496,"date":"2021-08-20T00:04:38","date_gmt":"2021-08-19T22:04:38","guid":{"rendered":"https:\/\/digitalhistory.unite.it\/salamanca\/"},"modified":"2021-11-23T17:45:14","modified_gmt":"2021-11-23T16:45:14","slug":"salamanca","status":"publish","type":"page","link":"https:\/\/digitalhistory.unite.it\/es\/territorios\/itinerarios-regionales\/plazas-mayores\/la-plaza-mayor-de-salamanca\/salamanca\/","title":{"rendered":"Salamanca"},"content":{"rendered":"<h1>Salamanca <\/h1>\n<div class=\"testo\">\n<p style=\"text-align: justify\"><img loading=\"lazy\" decoding=\"async\" src=\"https:\/\/digitalhistory.unite.it\/wp-content\/uploads\/2021\/08\/salamanca_252x189.jpg\" width=\"252\" height=\"189\" alt=\"Salamanca\" align=\"left\">Durante el siglo XV, Salamanca estuvo dividida por la creciente rivalidad entre las familias nobles de la ciudad, reunidas en los dos bandos opuestos de San Benito y Santo Tom\u00e9. Importante centro de producci\u00f3n textil y de exportaci\u00f3n de lana, Salamanca se adhiri\u00f3 a la rebeli\u00f3n de los Comuneros (1520) contra el joven rey Carlos, para protestar contra los nuevos impuestos exigidos por el soberano en el Parlamento del reino (las Cortes) y para defender a los fabricantes locales de textiles. A pesar de la derrota de los Comuneros, Salamanca vivi\u00f3 en el siglo XVI una \u00e9poca de gran esplendor, manifestada en el prestigio de su universidad. Particip\u00f3, como toda Castilla, de un per\u00edodo de profunda crisis en el siglo XVII, despu\u00e9s la ciudad se recuper\u00f3 en el siguiente siglo, asumiendo un aspecto barroco muy significativo. Se remonta al a\u00f1o 1729 la construcci\u00f3n de su impresionante Plaza Mayor (foto), mientras que otros monumentos se remontan al proceso de reconstrucci\u00f3n de la ciudad despu\u00e9s de los da\u00f1os causados por el terremoto de 1755.<\/p>\n<\/p><\/div>\n<p><\/p>\n","protected":false},"excerpt":{"rendered":"<p>Salamanca Durante el siglo XV, Salamanca estuvo dividida por la creciente rivalidad entre las familias nobles de la ciudad, reunidas en los dos bandos opuestos de San Benito y Santo Tom\u00e9. Importante centro de producci\u00f3n textil y de exportaci\u00f3n de lana, Salamanca se adhiri\u00f3 a&hellip;<\/p>\n","protected":false},"author":1,"featured_media":0,"parent":6691,"menu_order":0,"comment_status":"closed","ping_status":"closed","template":"","meta":{"footnotes":""},"class_list":["post-7496","page","type-page","status-publish","hentry"],"_links":{"self":[{"href":"https:\/\/digitalhistory.unite.it\/es\/wp-json\/wp\/v2\/pages\/7496","targetHints":{"allow":["GET"]}}],"collection":[{"href":"https:\/\/digitalhistory.unite.it\/es\/wp-json\/wp\/v2\/pages"}],"about":[{"href":"https:\/\/digitalhistory.unite.it\/es\/wp-json\/wp\/v2\/types\/page"}],"author":[{"embeddable":true,"href":"https:\/\/digitalhistory.unite.it\/es\/wp-json\/wp\/v2\/users\/1"}],"replies":[{"embeddable":true,"href":"https:\/\/digitalhistory.unite.it\/es\/wp-json\/wp\/v2\/comments?post=7496"}],"version-history":[{"count":2,"href":"https:\/\/digitalhistory.unite.it\/es\/wp-json\/wp\/v2\/pages\/7496\/revisions"}],"predecessor-version":[{"id":12071,"href":"https:\/\/digitalhistory.unite.it\/es\/wp-json\/wp\/v2\/pages\/7496\/revisions\/12071"}],"up":[{"embeddable":true,"href":"https:\/\/digitalhistory.unite.it\/es\/wp-json\/wp\/v2\/pages\/6691"}],"wp:attachment":[{"href":"https:\/\/digitalhistory.unite.it\/es\/wp-json\/wp\/v2\/media?parent=7496"}],"curies":[{"name":"wp","href":"https:\/\/api.w.org\/{rel}","templated":true}]}}