{"id":7498,"date":"2021-08-20T00:04:38","date_gmt":"2021-08-19T22:04:38","guid":{"rendered":"https:\/\/digitalhistory.unite.it\/flandes\/"},"modified":"2021-11-23T15:29:16","modified_gmt":"2021-11-23T14:29:16","slug":"flandes","status":"publish","type":"page","link":"https:\/\/digitalhistory.unite.it\/es\/territorios\/itinerarios-urbanos\/un-jardin-espanol-a-la-italiana\/la-nobleza-hispana-y-los-jardines\/flandes\/","title":{"rendered":"Flandes"},"content":{"rendered":"<h1>Flandes <\/h1>\n<div class=\"testo\">\n<p style=\"text-align: justify\"><img loading=\"lazy\" decoding=\"async\" src=\"https:\/\/digitalhistory.unite.it\/wp-content\/uploads\/2021\/08\/antwerpen_vanop_mas_2__fileminimizer__342x194.jpg\" width=\"342\" height=\"194\" alt=\"Fiandre\" align=\"left\">Es el territorio actual de B\u00e9lgica y parte de Luxemburgo que perteneci\u00f3 a la Monarqu\u00eda Hispana y estuvo bajo dominio Habsburgo desde 1555 hasta el a\u00f1o 1714, cuando pasaron a manos del archiduque Carlos tras la guerra de Sucesi\u00f3n espa\u00f1ola. En 1568 comenz\u00f3 una revuelta contra el gobierno de Felipe II que se conoce como la Guerra de los Ochenta a\u00f1os que dur\u00f3 hasta 1648, y en ella, se enfrent\u00f3 el territorio de Flandes, es decir, la parte del sur, cat\u00f3lica y gobernada por los Habsburgo, contra las Provincias Unidas del norte de confesi\u00f3n calvinista, las cuales consiguieron la independencia en el a\u00f1o 1581.<\/p>\n<\/p><\/div>\n<p><\/p>\n","protected":false},"excerpt":{"rendered":"<p>Flandes Es el territorio actual de B\u00e9lgica y parte de Luxemburgo que perteneci\u00f3 a la Monarqu\u00eda Hispana y estuvo bajo dominio Habsburgo desde 1555 hasta el a\u00f1o 1714, cuando pasaron a manos del archiduque Carlos tras la guerra de Sucesi\u00f3n espa\u00f1ola. En 1568 comenz\u00f3 una&hellip;<\/p>\n","protected":false},"author":1,"featured_media":0,"parent":6660,"menu_order":0,"comment_status":"closed","ping_status":"closed","template":"","meta":{"footnotes":""},"class_list":["post-7498","page","type-page","status-publish","hentry"],"_links":{"self":[{"href":"https:\/\/digitalhistory.unite.it\/es\/wp-json\/wp\/v2\/pages\/7498","targetHints":{"allow":["GET"]}}],"collection":[{"href":"https:\/\/digitalhistory.unite.it\/es\/wp-json\/wp\/v2\/pages"}],"about":[{"href":"https:\/\/digitalhistory.unite.it\/es\/wp-json\/wp\/v2\/types\/page"}],"author":[{"embeddable":true,"href":"https:\/\/digitalhistory.unite.it\/es\/wp-json\/wp\/v2\/users\/1"}],"replies":[{"embeddable":true,"href":"https:\/\/digitalhistory.unite.it\/es\/wp-json\/wp\/v2\/comments?post=7498"}],"version-history":[{"count":2,"href":"https:\/\/digitalhistory.unite.it\/es\/wp-json\/wp\/v2\/pages\/7498\/revisions"}],"predecessor-version":[{"id":12181,"href":"https:\/\/digitalhistory.unite.it\/es\/wp-json\/wp\/v2\/pages\/7498\/revisions\/12181"}],"up":[{"embeddable":true,"href":"https:\/\/digitalhistory.unite.it\/es\/wp-json\/wp\/v2\/pages\/6660"}],"wp:attachment":[{"href":"https:\/\/digitalhistory.unite.it\/es\/wp-json\/wp\/v2\/media?parent=7498"}],"curies":[{"name":"wp","href":"https:\/\/api.w.org\/{rel}","templated":true}]}}