{"id":7499,"date":"2021-08-20T00:04:38","date_gmt":"2021-08-19T22:04:38","guid":{"rendered":"https:\/\/digitalhistory.unite.it\/duques-de-bejar\/"},"modified":"2021-11-23T15:29:16","modified_gmt":"2021-11-23T14:29:16","slug":"duques-de-bejar","status":"publish","type":"page","link":"https:\/\/digitalhistory.unite.it\/es\/territorios\/itinerarios-urbanos\/un-jardin-espanol-a-la-italiana\/la-nobleza-hispana-y-los-jardines\/duques-de-bejar\/","title":{"rendered":"Los duques de B\u00e9jar"},"content":{"rendered":"<h1>Los duques de B\u00e9jar <\/h1>\n<div class=\"testo\">\n<p style=\"text-align: justify\">El t\u00edtulo de duques de B\u00e9jar pertenec\u00eda a la familia navarra de los Z\u00fa\u00f1iga hasta el a\u00f1o 1777. El fundador de la casa de B\u00e9jar fue don Diego L\u00f3pez de Est\u00fa\u00f1iga -apellido despu\u00e9s castellanizado en Z\u00fa\u00f1iga &#8211; (1350-1417), justicia mayor del reino, que bajo la sombra de los Trast\u00e1mara prosper\u00f3 en Castilla. Don Diego consigui\u00f3 la permuta de la villa de Fr\u00edas por el feudo bejarano en 1396, con el consentimiento del rey Enrique III. Desde entonces, los Z\u00fa\u00f1iga comenzaron a residir en la villa de B\u00e9jar, utilizando el castillo medieval como residencia, y gobernando sobre los terrenos de B\u00e9jar y sus vecinos incluidos. Pero no fue hasta \u00e9poca de los Reyes Cat\u00f3licos que la familia de los Z\u00fa\u00f1iga ostent\u00f3 el t\u00edtulo de &#8220;duques de B\u00e9jar&#8221; siendo el primero de ellos don \u00c1lvaro de Z\u00fa\u00f1iga (1453-1488).<\/p>\n<\/p><\/div>\n<p><\/p>\n","protected":false},"excerpt":{"rendered":"<p>Los duques de B\u00e9jar El t\u00edtulo de duques de B\u00e9jar pertenec\u00eda a la familia navarra de los Z\u00fa\u00f1iga hasta el a\u00f1o 1777. El fundador de la casa de B\u00e9jar fue don Diego L\u00f3pez de Est\u00fa\u00f1iga -apellido despu\u00e9s castellanizado en Z\u00fa\u00f1iga &#8211; (1350-1417), justicia mayor del&hellip;<\/p>\n","protected":false},"author":1,"featured_media":0,"parent":6660,"menu_order":0,"comment_status":"closed","ping_status":"closed","template":"","meta":{"footnotes":""},"class_list":["post-7499","page","type-page","status-publish","hentry"],"_links":{"self":[{"href":"https:\/\/digitalhistory.unite.it\/es\/wp-json\/wp\/v2\/pages\/7499","targetHints":{"allow":["GET"]}}],"collection":[{"href":"https:\/\/digitalhistory.unite.it\/es\/wp-json\/wp\/v2\/pages"}],"about":[{"href":"https:\/\/digitalhistory.unite.it\/es\/wp-json\/wp\/v2\/types\/page"}],"author":[{"embeddable":true,"href":"https:\/\/digitalhistory.unite.it\/es\/wp-json\/wp\/v2\/users\/1"}],"replies":[{"embeddable":true,"href":"https:\/\/digitalhistory.unite.it\/es\/wp-json\/wp\/v2\/comments?post=7499"}],"version-history":[{"count":2,"href":"https:\/\/digitalhistory.unite.it\/es\/wp-json\/wp\/v2\/pages\/7499\/revisions"}],"predecessor-version":[{"id":12182,"href":"https:\/\/digitalhistory.unite.it\/es\/wp-json\/wp\/v2\/pages\/7499\/revisions\/12182"}],"up":[{"embeddable":true,"href":"https:\/\/digitalhistory.unite.it\/es\/wp-json\/wp\/v2\/pages\/6660"}],"wp:attachment":[{"href":"https:\/\/digitalhistory.unite.it\/es\/wp-json\/wp\/v2\/media?parent=7499"}],"curies":[{"name":"wp","href":"https:\/\/api.w.org\/{rel}","templated":true}]}}