{"id":7500,"date":"2021-08-20T00:04:39","date_gmt":"2021-08-19T22:04:39","guid":{"rendered":"https:\/\/digitalhistory.unite.it\/bejar\/"},"modified":"2021-11-23T17:45:16","modified_gmt":"2021-11-23T16:45:16","slug":"bejar","status":"publish","type":"page","link":"https:\/\/digitalhistory.unite.it\/es\/territorios\/itinerarios-urbanos\/un-jardin-espanol-a-la-italiana\/descripcion-de-el-bosque-de-bejar\/bejar\/","title":{"rendered":"B\u00e9jar"},"content":{"rendered":"<h1>B\u00e9jar <\/h1>\n<div class=\"testo\">\n<p style=\"text-align: justify\"><img loading=\"lazy\" decoding=\"async\" src=\"https:\/\/digitalhistory.unite.it\/wp-content\/uploads\/2021\/08\/plaza_bejar__fileminimizer__250x188.jpg\" width=\"250\" height=\"188\" alt=\"Bejar\" align=\"left\">B\u00e9jar es un municipio situado en plena Sierra de B\u00e9jar, en la provincia de Salamanca (Castilla y Le\u00f3n). Lo m\u00e1s destacado de B\u00e9jar es su v\u00ednculo a la familia de los Z\u00fa\u00f1iga, quienes consiguieron un privilegio en 1396 convirti\u00e9ndolo en Se\u00f1or\u00edo, que pas\u00f3 a ser Ducado en tiempos de los Reyes Cat\u00f3licos. De su econom\u00eda destaca la dedicaci\u00f3n de su poblaci\u00f3n a la industria textil bejarana, que comenzaron y fomentaron los duques de B\u00e9jar desde el siglo XVI. De sus monumentos es de destacar la muralla medieval, el palacio de los duques de B\u00e9jar, las Iglesias barrocas como Santa Mar\u00eda la Mayor o El Salvador, y el jard\u00edn hist\u00f3rico de <em>El Bosque<\/em>, villa de recreo de los duques.<\/p>\n<\/p><\/div>\n<p><\/p>\n","protected":false},"excerpt":{"rendered":"<p>B\u00e9jar B\u00e9jar es un municipio situado en plena Sierra de B\u00e9jar, en la provincia de Salamanca (Castilla y Le\u00f3n). Lo m\u00e1s destacado de B\u00e9jar es su v\u00ednculo a la familia de los Z\u00fa\u00f1iga, quienes consiguieron un privilegio en 1396 convirti\u00e9ndolo en Se\u00f1or\u00edo, que pas\u00f3 a&hellip;<\/p>\n","protected":false},"author":1,"featured_media":0,"parent":6661,"menu_order":0,"comment_status":"closed","ping_status":"closed","template":"","meta":{"footnotes":""},"class_list":["post-7500","page","type-page","status-publish","hentry"],"_links":{"self":[{"href":"https:\/\/digitalhistory.unite.it\/es\/wp-json\/wp\/v2\/pages\/7500","targetHints":{"allow":["GET"]}}],"collection":[{"href":"https:\/\/digitalhistory.unite.it\/es\/wp-json\/wp\/v2\/pages"}],"about":[{"href":"https:\/\/digitalhistory.unite.it\/es\/wp-json\/wp\/v2\/types\/page"}],"author":[{"embeddable":true,"href":"https:\/\/digitalhistory.unite.it\/es\/wp-json\/wp\/v2\/users\/1"}],"replies":[{"embeddable":true,"href":"https:\/\/digitalhistory.unite.it\/es\/wp-json\/wp\/v2\/comments?post=7500"}],"version-history":[{"count":2,"href":"https:\/\/digitalhistory.unite.it\/es\/wp-json\/wp\/v2\/pages\/7500\/revisions"}],"predecessor-version":[{"id":12173,"href":"https:\/\/digitalhistory.unite.it\/es\/wp-json\/wp\/v2\/pages\/7500\/revisions\/12173"}],"up":[{"embeddable":true,"href":"https:\/\/digitalhistory.unite.it\/es\/wp-json\/wp\/v2\/pages\/6661"}],"wp:attachment":[{"href":"https:\/\/digitalhistory.unite.it\/es\/wp-json\/wp\/v2\/media?parent=7500"}],"curies":[{"name":"wp","href":"https:\/\/api.w.org\/{rel}","templated":true}]}}