{"id":7501,"date":"2021-08-20T00:04:39","date_gmt":"2021-08-19T22:04:39","guid":{"rendered":"https:\/\/digitalhistory.unite.it\/francisco-de-zuniga-y-sotomayor-2\/"},"modified":"2021-11-23T15:29:15","modified_gmt":"2021-11-23T14:29:15","slug":"francisco-de-zuniga-y-sotomayor-2","status":"publish","type":"page","link":"https:\/\/digitalhistory.unite.it\/es\/territorios\/itinerarios-urbanos\/un-jardin-espanol-a-la-italiana\/descripcion-de-el-bosque-de-bejar\/francisco-de-zuniga-y-sotomayor-2\/","title":{"rendered":"Francisco de Z\u00fa\u00f1iga y Sotomayor"},"content":{"rendered":"<h1>Francisco de Z\u00fa\u00f1iga y Sotomayor <\/h1>\n<div class=\"testo\">\n<p style=\"text-align: justify\">Francisco de Z\u00fa\u00f1iga y Sotomayor (1523-1591) perteneci\u00f3 a la casa de Z\u00fa\u00f1iga, heredando el t\u00edtulo de IV duque de B\u00e9jar. Fue un noble Grande de Espa\u00f1a. Cas\u00f3 con do\u00f1a Guiomar de Mendoza y Arag\u00f3n, hija de IV duque del Infantado, don I\u00f1igo L\u00f3pez de Mendoza. Destaca su fidelidad y servicio al monarca Felipe II al realizar diversas empresas por orden del rey. Primero se march\u00f3 a Mil\u00e1n para solucionar la tensa relaci\u00f3n con el arzobispo de Mil\u00e1n y cardenal Carlos Borromeo, m\u00e1s tarde se le encarg\u00f3 la defensa del Algarve portugu\u00e9s al frente de la milicia espa\u00f1ola frente a los ataques ingleses. Junto a su esposa, reconstruy\u00f3 el castillo de B\u00e9jar y mand\u00f3 realizar el palacio y jard\u00edn de <em>El Bosque<\/em> en B\u00e9jar.<\/p>\n<\/p><\/div>\n<p><\/p>\n","protected":false},"excerpt":{"rendered":"<p>Francisco de Z\u00fa\u00f1iga y Sotomayor Francisco de Z\u00fa\u00f1iga y Sotomayor (1523-1591) perteneci\u00f3 a la casa de Z\u00fa\u00f1iga, heredando el t\u00edtulo de IV duque de B\u00e9jar. Fue un noble Grande de Espa\u00f1a. Cas\u00f3 con do\u00f1a Guiomar de Mendoza y Arag\u00f3n, hija de IV duque del Infantado,&hellip;<\/p>\n","protected":false},"author":1,"featured_media":0,"parent":6661,"menu_order":0,"comment_status":"closed","ping_status":"closed","template":"","meta":{"footnotes":""},"class_list":["post-7501","page","type-page","status-publish","hentry"],"_links":{"self":[{"href":"https:\/\/digitalhistory.unite.it\/es\/wp-json\/wp\/v2\/pages\/7501","targetHints":{"allow":["GET"]}}],"collection":[{"href":"https:\/\/digitalhistory.unite.it\/es\/wp-json\/wp\/v2\/pages"}],"about":[{"href":"https:\/\/digitalhistory.unite.it\/es\/wp-json\/wp\/v2\/types\/page"}],"author":[{"embeddable":true,"href":"https:\/\/digitalhistory.unite.it\/es\/wp-json\/wp\/v2\/users\/1"}],"replies":[{"embeddable":true,"href":"https:\/\/digitalhistory.unite.it\/es\/wp-json\/wp\/v2\/comments?post=7501"}],"version-history":[{"count":2,"href":"https:\/\/digitalhistory.unite.it\/es\/wp-json\/wp\/v2\/pages\/7501\/revisions"}],"predecessor-version":[{"id":12174,"href":"https:\/\/digitalhistory.unite.it\/es\/wp-json\/wp\/v2\/pages\/7501\/revisions\/12174"}],"up":[{"embeddable":true,"href":"https:\/\/digitalhistory.unite.it\/es\/wp-json\/wp\/v2\/pages\/6661"}],"wp:attachment":[{"href":"https:\/\/digitalhistory.unite.it\/es\/wp-json\/wp\/v2\/media?parent=7501"}],"curies":[{"name":"wp","href":"https:\/\/api.w.org\/{rel}","templated":true}]}}