{"id":7502,"date":"2021-08-20T00:04:39","date_gmt":"2021-08-19T22:04:39","guid":{"rendered":"https:\/\/digitalhistory.unite.it\/duques-de-alba\/"},"modified":"2021-11-23T15:29:15","modified_gmt":"2021-11-23T14:29:15","slug":"duques-de-alba","status":"publish","type":"page","link":"https:\/\/digitalhistory.unite.it\/es\/territorios\/itinerarios-urbanos\/un-jardin-espanol-a-la-italiana\/descripcion-de-el-bosque-de-bejar\/duques-de-alba\/","title":{"rendered":"Los duques de Alba"},"content":{"rendered":"<h1>Los duques de Alba <\/h1>\n<div class=\"testo\">\n<p style=\"text-align: justify\"><img loading=\"lazy\" decoding=\"async\" src=\"https:\/\/digitalhistory.unite.it\/wp-content\/uploads\/2021\/08\/duca_d_alba_202x271.jpg\" width=\"202\" height=\"271\" alt=\"Alba\" align=\"left\">La Casa de Alba de Tormes es todav\u00eda hoy una de las familias nobiliarias &#8211; de apellido los \u00c1lvarez de Toledo &#8211; m\u00e1s importantes en la historia de la Monarqu\u00eda espa\u00f1ola. Los duques de Alba fueron influyentes cortesanos, importantes ministros del rey, virreyes, gobernadores, embajadores, etc. Asimismo ostentaban el t\u00edtulo de Grandes de Espa\u00f1a. De toda la saga es preciso destacar la persona de Fernando \u00c1lvarez de Toledo y Pimentel (1507-1582), III duque de Alba, llamado el Gran Duque de Alba (imagen), ministro de confianza de Felipe II, y mayordomo mayor tanto de Carlos V como de Felipe II. Gran militar, consigui\u00f3 sofocar diversas revueltas que hac\u00edan peligrar la expansi\u00f3n del Imperio espa\u00f1ol, como fue, por ejemplo, la revuelta de los Pa\u00edses Bajos. Durante su carrera pol\u00edtica lleg\u00f3 a gobernar con gran dureza militar y gran inflexibilidad los territorios de Mil\u00e1n, N\u00e1poles, los Pa\u00edses Bajos y Portugal.<\/p>\n<p style=\"text-align: justify\">Para leer m\u00e1s:<\/p>\n<ul>\n<li>\n<div style=\"text-align: justify\">W. Maltby, <em>Alba. A biography of Fernando Alvarez de Toledo, third duke of Alba, 1507-1582<\/em>, Berkeley 1983.<\/div>\n<\/li>\n<li>\n<div style=\"text-align: justify\">M. Fern\u00e1ndez \u00c1lvarez, <em>El duque de hierro. Fernando \u00c1lvarez de Toledo, III duque de Alba<\/em>, Pozuelo de Alarc\u00f3n 2007.<\/div>\n<\/li>\n<\/ul><\/div>\n<p><\/p>\n","protected":false},"excerpt":{"rendered":"<p>Los duques de Alba La Casa de Alba de Tormes es todav\u00eda hoy una de las familias nobiliarias &#8211; de apellido los \u00c1lvarez de Toledo &#8211; m\u00e1s importantes en la historia de la Monarqu\u00eda espa\u00f1ola. Los duques de Alba fueron influyentes cortesanos, importantes ministros del&hellip;<\/p>\n","protected":false},"author":1,"featured_media":0,"parent":6661,"menu_order":0,"comment_status":"closed","ping_status":"closed","template":"","meta":{"footnotes":""},"class_list":["post-7502","page","type-page","status-publish","hentry"],"_links":{"self":[{"href":"https:\/\/digitalhistory.unite.it\/es\/wp-json\/wp\/v2\/pages\/7502","targetHints":{"allow":["GET"]}}],"collection":[{"href":"https:\/\/digitalhistory.unite.it\/es\/wp-json\/wp\/v2\/pages"}],"about":[{"href":"https:\/\/digitalhistory.unite.it\/es\/wp-json\/wp\/v2\/types\/page"}],"author":[{"embeddable":true,"href":"https:\/\/digitalhistory.unite.it\/es\/wp-json\/wp\/v2\/users\/1"}],"replies":[{"embeddable":true,"href":"https:\/\/digitalhistory.unite.it\/es\/wp-json\/wp\/v2\/comments?post=7502"}],"version-history":[{"count":2,"href":"https:\/\/digitalhistory.unite.it\/es\/wp-json\/wp\/v2\/pages\/7502\/revisions"}],"predecessor-version":[{"id":12175,"href":"https:\/\/digitalhistory.unite.it\/es\/wp-json\/wp\/v2\/pages\/7502\/revisions\/12175"}],"up":[{"embeddable":true,"href":"https:\/\/digitalhistory.unite.it\/es\/wp-json\/wp\/v2\/pages\/6661"}],"wp:attachment":[{"href":"https:\/\/digitalhistory.unite.it\/es\/wp-json\/wp\/v2\/media?parent=7502"}],"curies":[{"name":"wp","href":"https:\/\/api.w.org\/{rel}","templated":true}]}}