{"id":7503,"date":"2021-08-20T00:04:39","date_gmt":"2021-08-19T22:04:39","guid":{"rendered":"https:\/\/digitalhistory.unite.it\/duques-de-osuna\/"},"modified":"2021-11-23T15:29:15","modified_gmt":"2021-11-23T14:29:15","slug":"duques-de-osuna","status":"publish","type":"page","link":"https:\/\/digitalhistory.unite.it\/es\/territorios\/itinerarios-urbanos\/un-jardin-espanol-a-la-italiana\/descripcion-de-el-bosque-de-bejar\/duques-de-osuna\/","title":{"rendered":"Los duques de Osuna"},"content":{"rendered":"<h1>Los duques de Osuna <\/h1>\n<div class=\"testo\">\n<p style=\"text-align: justify\"><img loading=\"lazy\" decoding=\"async\" src=\"https:\/\/digitalhistory.unite.it\/wp-content\/uploads\/2021\/08\/pedro_t_llez-gir_n_y_velasco_203x374.jpg\" width=\"203\" height=\"374\" alt=\"Osuna\" align=\"left\">Es un t\u00edtulo nobiliario que ostentan los miembros de la Casa de Osuna, que llevan por apellido los T\u00e9llez-Gir\u00f3n. Desde \u00e9poca de Felipe II son Grandes de Espa\u00f1a e importantes ministros del rey. Durante el siglo XVII fueron aumentando su influencia, patrimonio y riqueza convirti\u00e9ndose en una de las familias nobles m\u00e1s poderosas de la Monarqu\u00eda Hispana, junto con la Casa de Alba. De toda la saga es preciso destacar, durante la edad moderna, la persona de Pedro T\u00e9llez-Gir\u00f3n y Velasco, III duque de Osuna (1574-1624, imagen), que fue cortesano, soldado, virrey de Sicilia (1610-1616) y de N\u00e1poles (1616-1620).<\/p>\n<p style=\"text-align: justify\">Para leer m\u00e1s:<\/p>\n<ul>\n<li>\n<div style=\"text-align: justify\">I. Atienza Hern\u00e1ndez, <em>Aristocracia, poder y riqueza en la Espa\u00f1a moderna. La casa de Osuna, siglos XV-XIX<\/em>, Madrid 1987.<\/div>\n<\/li>\n<li>\n<div style=\"text-align: justify\">L. M. Linde, <em>Don Pedro Gir\u00f3n, duque de Osuna: la hegemon\u00eda espa\u00f1ola en Europa a comienzos del siglo XVII<\/em>, Madrid 2005.<\/div>\n<\/li>\n<\/ul><\/div>\n<p><\/p>\n","protected":false},"excerpt":{"rendered":"<p>Los duques de Osuna Es un t\u00edtulo nobiliario que ostentan los miembros de la Casa de Osuna, que llevan por apellido los T\u00e9llez-Gir\u00f3n. Desde \u00e9poca de Felipe II son Grandes de Espa\u00f1a e importantes ministros del rey. Durante el siglo XVII fueron aumentando su influencia,&hellip;<\/p>\n","protected":false},"author":1,"featured_media":0,"parent":6661,"menu_order":0,"comment_status":"closed","ping_status":"closed","template":"","meta":{"footnotes":""},"class_list":["post-7503","page","type-page","status-publish","hentry"],"_links":{"self":[{"href":"https:\/\/digitalhistory.unite.it\/es\/wp-json\/wp\/v2\/pages\/7503","targetHints":{"allow":["GET"]}}],"collection":[{"href":"https:\/\/digitalhistory.unite.it\/es\/wp-json\/wp\/v2\/pages"}],"about":[{"href":"https:\/\/digitalhistory.unite.it\/es\/wp-json\/wp\/v2\/types\/page"}],"author":[{"embeddable":true,"href":"https:\/\/digitalhistory.unite.it\/es\/wp-json\/wp\/v2\/users\/1"}],"replies":[{"embeddable":true,"href":"https:\/\/digitalhistory.unite.it\/es\/wp-json\/wp\/v2\/comments?post=7503"}],"version-history":[{"count":2,"href":"https:\/\/digitalhistory.unite.it\/es\/wp-json\/wp\/v2\/pages\/7503\/revisions"}],"predecessor-version":[{"id":12176,"href":"https:\/\/digitalhistory.unite.it\/es\/wp-json\/wp\/v2\/pages\/7503\/revisions\/12176"}],"up":[{"embeddable":true,"href":"https:\/\/digitalhistory.unite.it\/es\/wp-json\/wp\/v2\/pages\/6661"}],"wp:attachment":[{"href":"https:\/\/digitalhistory.unite.it\/es\/wp-json\/wp\/v2\/media?parent=7503"}],"curies":[{"name":"wp","href":"https:\/\/api.w.org\/{rel}","templated":true}]}}