{"id":7505,"date":"2021-08-20T00:04:39","date_gmt":"2021-08-19T22:04:39","guid":{"rendered":"https:\/\/digitalhistory.unite.it\/duque-de-lerma\/"},"modified":"2021-11-23T15:27:39","modified_gmt":"2021-11-23T14:27:39","slug":"duque-de-lerma","status":"publish","type":"page","link":"https:\/\/digitalhistory.unite.it\/es\/territorios\/itinerarios-urbanos\/valladolid\/iglesia-de-san-pablo\/duque-de-lerma\/","title":{"rendered":"Francisco G\u00f3mez de Sandoval y Rojas, duque de Lerma"},"content":{"rendered":"<h1>Francisco G\u00f3mez de Sandoval y Rojas, duque de Lerma <\/h1>\n<div class=\"testo\">\n<p style=\"text-align: justify\"><img loading=\"lazy\" decoding=\"async\" src=\"https:\/\/digitalhistory.unite.it\/wp-content\/uploads\/2021\/08\/duca_di_lerma_252x202.jpg\" width=\"252\" height=\"202\" alt=\"Duca di Lerma\" align=\"left\">Francisco G\u00f3mez de Sandoval y Rojas, V marqu\u00e9s de Denia y I duque de Lerma, naci\u00f3 en Tordesillas en 1553, heredero de una familia de antiguo y prestigioso rango, pero de fortuna econ\u00f3mica deca\u00edda. Gracias a la simpat\u00eda y el favor del pr\u00edncipe y futuro rey Felipe III (1578-1621), fue capaz de ganar una posici\u00f3n de preeminencia absoluta en la corte y en el gobierno de la Monarqu\u00eda espa\u00f1ola. El poderoso favorito (valido) gobern\u00f3 la potencia m\u00e1s importante de la \u00e9poca en lugar del soberano leg\u00edtimo, desinteresado o poco inclinado a la pol\u00edtica. Durante veinte a\u00f1os (1598-1618), el duque de Lerma inaugur\u00f3 una forma de gobierno, basada en situar en los puestos principales de gobierno a sus parientes, aliados, y hombres de su confianza, que m\u00e1s tarde ser\u00eda imitada por el Conde Duque de Olivares (1587-1645). La paz con Inglaterra (1604), la Tregua de los Doce A\u00f1os (1609-1621) y la expulsi\u00f3n de los Moriscos fueron algunas de las decisiones m\u00e1s importantes tomadas durante su mandato. Expulsado del gobierno por mano de la facci\u00f3n liderada por su propio heredero, Crist\u00f3bal, duque de Uceda, y por el confesor del rey Luis de Aliaga, Lerma sali\u00f3 de la corte en 1618, pero no sin antes obtener su nombramiento como cardenal dela Iglesia. Sobrevivi\u00f3 al rey que lo elev\u00f3 a lo m\u00e1s alto y al hijo que lo hab\u00eda traicionado, muri\u00f3 en Valladolid el 17 de mayo de 1625.<\/p>\n<p style=\"text-align: justify\">Para leer m\u00e1s:<\/p>\n<ul>\n<li>\n<div style=\"text-align: justify\">A. Feros, <em>Kingship and Favoritism in the Spain of Philip III, 1598-1621<\/em>, Cambridge 2000.<\/div>\n<\/li>\n<li>\n<div style=\"text-align: justify\">P. Williams, <em>The great favourite: the Duke of Lerma and the court and government of Philip III of Spain, 1598-1621<\/em>, Manchester &#8211; New York 2006.<\/div>\n<\/li>\n<li>\n<div style=\"text-align: justify\">A. Alvar Ezquerra, <em>El Duque de Lerma. Corrupci\u00f3n y desmoralizaci\u00f3n en la Espa\u00f1a del siglo XVII<\/em>, Madrid 2010.<\/div>\n<\/li>\n<\/ul><\/div>\n<p><\/p>\n","protected":false},"excerpt":{"rendered":"<p>Francisco G\u00f3mez de Sandoval y Rojas, duque de Lerma Francisco G\u00f3mez de Sandoval y Rojas, V marqu\u00e9s de Denia y I duque de Lerma, naci\u00f3 en Tordesillas en 1553, heredero de una familia de antiguo y prestigioso rango, pero de fortuna econ\u00f3mica deca\u00edda. Gracias a&hellip;<\/p>\n","protected":false},"author":1,"featured_media":0,"parent":6665,"menu_order":0,"comment_status":"closed","ping_status":"closed","template":"","meta":{"footnotes":""},"class_list":["post-7505","page","type-page","status-publish","hentry"],"_links":{"self":[{"href":"https:\/\/digitalhistory.unite.it\/es\/wp-json\/wp\/v2\/pages\/7505","targetHints":{"allow":["GET"]}}],"collection":[{"href":"https:\/\/digitalhistory.unite.it\/es\/wp-json\/wp\/v2\/pages"}],"about":[{"href":"https:\/\/digitalhistory.unite.it\/es\/wp-json\/wp\/v2\/types\/page"}],"author":[{"embeddable":true,"href":"https:\/\/digitalhistory.unite.it\/es\/wp-json\/wp\/v2\/users\/1"}],"replies":[{"embeddable":true,"href":"https:\/\/digitalhistory.unite.it\/es\/wp-json\/wp\/v2\/comments?post=7505"}],"version-history":[{"count":3,"href":"https:\/\/digitalhistory.unite.it\/es\/wp-json\/wp\/v2\/pages\/7505\/revisions"}],"predecessor-version":[{"id":11136,"href":"https:\/\/digitalhistory.unite.it\/es\/wp-json\/wp\/v2\/pages\/7505\/revisions\/11136"}],"up":[{"embeddable":true,"href":"https:\/\/digitalhistory.unite.it\/es\/wp-json\/wp\/v2\/pages\/6665"}],"wp:attachment":[{"href":"https:\/\/digitalhistory.unite.it\/es\/wp-json\/wp\/v2\/media?parent=7505"}],"curies":[{"name":"wp","href":"https:\/\/api.w.org\/{rel}","templated":true}]}}