{"id":7506,"date":"2021-08-20T00:04:39","date_gmt":"2021-08-19T22:04:39","guid":{"rendered":"https:\/\/digitalhistory.unite.it\/gregorio-fernandez\/"},"modified":"2021-11-23T17:45:16","modified_gmt":"2021-11-23T16:45:16","slug":"gregorio-fernandez","status":"publish","type":"page","link":"https:\/\/digitalhistory.unite.it\/es\/territorios\/itinerarios-urbanos\/valladolid\/iglesia-de-san-pablo\/gregorio-fernandez\/","title":{"rendered":"Gregorio Fern\u00e1ndez"},"content":{"rendered":"<h1>Gregorio Fern\u00e1ndez <\/h1>\n<div class=\"testo\">\n<p style=\"text-align: justify\"><img loading=\"lazy\" decoding=\"async\" src=\"https:\/\/digitalhistory.unite.it\/wp-content\/uploads\/2021\/08\/retrato_de_gregorio_fernandez_226x308.jpg\" width=\"226\" height=\"308\" alt=\"Gregorio Fernandez\" align=\"left\">Gregorio Fern\u00e1ndez (1576-1636) fue el m\u00e1ximo exponente de la escuela castellana de escultura. Gallego de nacimiento, se estableci\u00f3 en Valladolid cuando la ciudad era sede de la corte (1601-1606) y luego permaneci\u00f3 all\u00ed hasta su muerte. Aunque influenciado por artistas del Renacimiento y clasicistas como Alonso Berruguete, Juan de Juni y Pompeo Leoni, Gregorio Fern\u00e1ndez fue uno de los mejores escultores del barroco en Espa\u00f1a. Trabaj\u00f3 durante mucho tiempo para las congregaciones que organizaban las celebraciones de la Semana Santa, creando para ellas espl\u00e9ndidos ejemplares de Pasos procesionales. De \u00e9l tambi\u00e9n quedan muchos ejemplos de <em>Cristos yacentes<\/em>, de <em>Piedades<\/em>, de <em>Cristos crucificados<\/em> y de retablos. Una parte importante de su producci\u00f3n se conserva en el Museo Nacional de Escultura de Valladolid.<\/p>\n<\/p><\/div>\n<p><\/p>\n","protected":false},"excerpt":{"rendered":"<p>Gregorio Fern\u00e1ndez Gregorio Fern\u00e1ndez (1576-1636) fue el m\u00e1ximo exponente de la escuela castellana de escultura. Gallego de nacimiento, se estableci\u00f3 en Valladolid cuando la ciudad era sede de la corte (1601-1606) y luego permaneci\u00f3 all\u00ed hasta su muerte. Aunque influenciado por artistas del Renacimiento y&hellip;<\/p>\n","protected":false},"author":1,"featured_media":0,"parent":6665,"menu_order":0,"comment_status":"closed","ping_status":"closed","template":"","meta":{"footnotes":""},"class_list":["post-7506","page","type-page","status-publish","hentry"],"_links":{"self":[{"href":"https:\/\/digitalhistory.unite.it\/es\/wp-json\/wp\/v2\/pages\/7506","targetHints":{"allow":["GET"]}}],"collection":[{"href":"https:\/\/digitalhistory.unite.it\/es\/wp-json\/wp\/v2\/pages"}],"about":[{"href":"https:\/\/digitalhistory.unite.it\/es\/wp-json\/wp\/v2\/types\/page"}],"author":[{"embeddable":true,"href":"https:\/\/digitalhistory.unite.it\/es\/wp-json\/wp\/v2\/users\/1"}],"replies":[{"embeddable":true,"href":"https:\/\/digitalhistory.unite.it\/es\/wp-json\/wp\/v2\/comments?post=7506"}],"version-history":[{"count":2,"href":"https:\/\/digitalhistory.unite.it\/es\/wp-json\/wp\/v2\/pages\/7506\/revisions"}],"predecessor-version":[{"id":12191,"href":"https:\/\/digitalhistory.unite.it\/es\/wp-json\/wp\/v2\/pages\/7506\/revisions\/12191"}],"up":[{"embeddable":true,"href":"https:\/\/digitalhistory.unite.it\/es\/wp-json\/wp\/v2\/pages\/6665"}],"wp:attachment":[{"href":"https:\/\/digitalhistory.unite.it\/es\/wp-json\/wp\/v2\/media?parent=7506"}],"curies":[{"name":"wp","href":"https:\/\/api.w.org\/{rel}","templated":true}]}}