{"id":7508,"date":"2021-08-20T00:04:39","date_gmt":"2021-08-19T22:04:39","guid":{"rendered":"https:\/\/digitalhistory.unite.it\/agustinos\/"},"modified":"2021-11-23T15:29:16","modified_gmt":"2021-11-23T14:29:16","slug":"agustinos","status":"publish","type":"page","link":"https:\/\/digitalhistory.unite.it\/es\/territorios\/itinerarios-urbanos\/valladolid\/iglesia-de-la-pasion\/agustinos\/","title":{"rendered":"La Orden de San Agust\u00edn"},"content":{"rendered":"<h1>La Orden de San Agust\u00edn <\/h1>\n<div class=\"testo\">\n<p style=\"text-align: justify\">La Orden de San Agust\u00edn es una orden mendicante cuyos or\u00edgenes no se remontan al santo de Hipona, sino a la uni\u00f3n de varias comunidades de ermita\u00f1os de la regi\u00f3n de la Tuscia ordenada en 1244 por el Papa Inocencio IV. En 1256, otras familias religiosas se unieron a la nueva Orden, que en pocos a\u00f1os se hab\u00eda extendido a casi todo el centro-norte de Italia. En el siglo XIII los agustinos tambi\u00e9n se extendieron al sur de Italia y fuera de los confines de la pen\u00ednsula (especialmente en la actual Alemania). En el siglo siguiente, ante una cierta relajaci\u00f3n de la disciplina mon\u00e1stica, tuvo lugar al nacimiento de diferentes congregaciones de observantes, y cuyos conventos decidieron seguir m\u00e1s fielmente la Regla agustiniana. En uno de estos conventos, en Erfurt en Sajonia, se form\u00f3 Mart\u00edn Lutero, quien inici\u00f3 la Reforma Protestante. En la Edad Moderna, la Orden se dedic\u00f3 con grandes frutos a la actividad misionera en todo el mundo, mientras que en su interior nacieron las congregaciones de Recoletos, los Agustinos Descalzos y los Centorbi. Al borde de la extinci\u00f3n, al menos en Europa, despu\u00e9s de la supresi\u00f3n de numerosos monasterios y la confiscaci\u00f3n de sus bienes por el Estado entre los siglos XVIII y XIX, la Orden fue reorganizada por el Papa Le\u00f3n XIII a finales del siglo XIX.<\/p>\n<\/p><\/div>\n<p><\/p>\n","protected":false},"excerpt":{"rendered":"<p>La Orden de San Agust\u00edn La Orden de San Agust\u00edn es una orden mendicante cuyos or\u00edgenes no se remontan al santo de Hipona, sino a la uni\u00f3n de varias comunidades de ermita\u00f1os de la regi\u00f3n de la Tuscia ordenada en 1244 por el Papa Inocencio&hellip;<\/p>\n","protected":false},"author":1,"featured_media":0,"parent":6669,"menu_order":0,"comment_status":"closed","ping_status":"closed","template":"","meta":{"footnotes":""},"class_list":["post-7508","page","type-page","status-publish","hentry"],"_links":{"self":[{"href":"https:\/\/digitalhistory.unite.it\/es\/wp-json\/wp\/v2\/pages\/7508","targetHints":{"allow":["GET"]}}],"collection":[{"href":"https:\/\/digitalhistory.unite.it\/es\/wp-json\/wp\/v2\/pages"}],"about":[{"href":"https:\/\/digitalhistory.unite.it\/es\/wp-json\/wp\/v2\/types\/page"}],"author":[{"embeddable":true,"href":"https:\/\/digitalhistory.unite.it\/es\/wp-json\/wp\/v2\/users\/1"}],"replies":[{"embeddable":true,"href":"https:\/\/digitalhistory.unite.it\/es\/wp-json\/wp\/v2\/comments?post=7508"}],"version-history":[{"count":2,"href":"https:\/\/digitalhistory.unite.it\/es\/wp-json\/wp\/v2\/pages\/7508\/revisions"}],"predecessor-version":[{"id":12188,"href":"https:\/\/digitalhistory.unite.it\/es\/wp-json\/wp\/v2\/pages\/7508\/revisions\/12188"}],"up":[{"embeddable":true,"href":"https:\/\/digitalhistory.unite.it\/es\/wp-json\/wp\/v2\/pages\/6669"}],"wp:attachment":[{"href":"https:\/\/digitalhistory.unite.it\/es\/wp-json\/wp\/v2\/media?parent=7508"}],"curies":[{"name":"wp","href":"https:\/\/api.w.org\/{rel}","templated":true}]}}