{"id":7509,"date":"2021-08-20T00:04:39","date_gmt":"2021-08-19T22:04:39","guid":{"rendered":"https:\/\/digitalhistory.unite.it\/clemente-xii\/"},"modified":"2021-11-23T17:45:16","modified_gmt":"2021-11-23T16:45:16","slug":"clemente-xii","status":"publish","type":"page","link":"https:\/\/digitalhistory.unite.it\/es\/territorios\/itinerarios-urbanos\/valladolid\/iglesia-de-la-pasion\/clemente-xii\/","title":{"rendered":"Clemente XII"},"content":{"rendered":"<h1>Clemente XII <\/h1>\n<div class=\"testo\">\n<p style=\"text-align: justify\"><img loading=\"lazy\" decoding=\"async\" src=\"https:\/\/digitalhistory.unite.it\/wp-content\/uploads\/2021\/08\/santo_spirito__cappella_corsini__busto_di_clemente_xii_di_girolamo_ticciati_02_225x269.jpg\" width=\"225\" height=\"269\" alt=\"Clemente XII\" align=\"left\">Lorenzo Corsini (1652-1740) naci\u00f3 en una influyente familia aristocr\u00e1tica florentina, relacionada a trav\u00e9s del matrimonio de sus padres con otra familia igualmente poderosa de la ciudad toscana, los Strozzi. Ya hombre de curia bajo los pontificados precedentes, en el cargo de abogado y tesorero papal, fue nombrado cardenal en 1706 por el Papa Clemente XI. Fue elegido Pont\u00edfice en 1730, con casi 80 a\u00f1os y a pesar de sus graves problemas de salud. Trabaj\u00f3 en primer lugar por mejorar las finanzas papales y fue el primer Papa que emiti\u00f3 un decreto contra la masoner\u00eda. Ampli\u00f3 el puerto de Ancona, salida al mar al este de Roma y lo hizo conectar con la capital a trav\u00e9s de la v\u00eda Clementina. Desde el punto de vista art\u00edstico, su contribuci\u00f3n fue fundamental: de hecho, fue \u00e9l quien orden\u00f3 construir la nueva fachada de San Juan de Letr\u00e1n, donde est\u00e1 enterrado, y la Fontana de Trevi. Tambi\u00e9n adquiri\u00f3 para la Galer\u00eda Pontificia la colecci\u00f3n de antig\u00fcedad (especialmente estatuas e inscripciones) perteneciente al cardenal Albani.<\/p>\n<\/p><\/div>\n<p><\/p>\n","protected":false},"excerpt":{"rendered":"<p>Clemente XII Lorenzo Corsini (1652-1740) naci\u00f3 en una influyente familia aristocr\u00e1tica florentina, relacionada a trav\u00e9s del matrimonio de sus padres con otra familia igualmente poderosa de la ciudad toscana, los Strozzi. Ya hombre de curia bajo los pontificados precedentes, en el cargo de abogado y&hellip;<\/p>\n","protected":false},"author":1,"featured_media":0,"parent":6669,"menu_order":0,"comment_status":"closed","ping_status":"closed","template":"","meta":{"footnotes":""},"class_list":["post-7509","page","type-page","status-publish","hentry"],"_links":{"self":[{"href":"https:\/\/digitalhistory.unite.it\/es\/wp-json\/wp\/v2\/pages\/7509","targetHints":{"allow":["GET"]}}],"collection":[{"href":"https:\/\/digitalhistory.unite.it\/es\/wp-json\/wp\/v2\/pages"}],"about":[{"href":"https:\/\/digitalhistory.unite.it\/es\/wp-json\/wp\/v2\/types\/page"}],"author":[{"embeddable":true,"href":"https:\/\/digitalhistory.unite.it\/es\/wp-json\/wp\/v2\/users\/1"}],"replies":[{"embeddable":true,"href":"https:\/\/digitalhistory.unite.it\/es\/wp-json\/wp\/v2\/comments?post=7509"}],"version-history":[{"count":2,"href":"https:\/\/digitalhistory.unite.it\/es\/wp-json\/wp\/v2\/pages\/7509\/revisions"}],"predecessor-version":[{"id":12186,"href":"https:\/\/digitalhistory.unite.it\/es\/wp-json\/wp\/v2\/pages\/7509\/revisions\/12186"}],"up":[{"embeddable":true,"href":"https:\/\/digitalhistory.unite.it\/es\/wp-json\/wp\/v2\/pages\/6669"}],"wp:attachment":[{"href":"https:\/\/digitalhistory.unite.it\/es\/wp-json\/wp\/v2\/media?parent=7509"}],"curies":[{"name":"wp","href":"https:\/\/api.w.org\/{rel}","templated":true}]}}