{"id":7510,"date":"2021-08-20T00:04:39","date_gmt":"2021-08-19T22:04:39","guid":{"rendered":"https:\/\/digitalhistory.unite.it\/felipe-v\/"},"modified":"2021-11-23T15:29:16","modified_gmt":"2021-11-23T14:29:16","slug":"felipe-v","status":"publish","type":"page","link":"https:\/\/digitalhistory.unite.it\/es\/territorios\/itinerarios-urbanos\/valladolid\/iglesia-de-la-pasion\/felipe-v\/","title":{"rendered":"Felipe V"},"content":{"rendered":"<h1>Felipe V <\/h1>\n<div class=\"testo\">\n<p style=\"text-align: justify\"><img loading=\"lazy\" decoding=\"async\" src=\"https:\/\/digitalhistory.unite.it\/wp-content\/uploads\/2021\/08\/felipe_v_de_espa_a__r._michel___fileminimizer__226x335.jpg\" width=\"226\" height=\"335\" alt=\"Filippo V\" align=\"left\">Nieto de Luis XIV de Francia, Felipe V de Borb\u00f3n (1683-1746), ya duque de Anjou, ascendi\u00f3 al trono de Espa\u00f1a en 1700, por cuenta de la relaci\u00f3n m\u00e1s directa con el difunto soberano Carlos II. Sin embargo, no fue hasta las paces de Utrecht (1713) y Rastadt (1714), que pusieron fin a la Guerra de Sucesi\u00f3n espa\u00f1ola (1701-1713), cuando vio definitivamente reconocidos sus derechos, a cambio de renunciar a una gran parte de la antiguas posesiones de los Habsburgo, en particular, de los territorios italianos y los Pa\u00edses Bajos meridionales. Despu\u00e9s de dejar durante unos meses del a\u00f1o 1724 el gobierno en manos de su hijo mayor, Luis, despu\u00e9s muerto de viruela, Felipe regres\u00f3 al trono y se empe\u00f1\u00f3, en los a\u00f1os siguientes, en recuperar los territorios perdidos tomando parte en la Guerra de Sucesi\u00f3n polaca (1733-1738) y en la Guerra de Sucesi\u00f3n austriaca (1741-1748). As\u00ed fueron recuperados los reinos de Sicilia y N\u00e1poles (Tratado de Viena de 1738). En pol\u00edtica interior, Felipe V y sus ministros se comprometieron a imponer en el reino una serie de reformas, empezando por los decretos de Nueva Planta, publicados en 1707. \u00c9stos cancelaron las consolidadas autonom\u00edas locales, cambiando significativamente la relaci\u00f3n entre Madrid y las provincias: se abolieron los reinos de Arag\u00f3n, Valencia, Mallorca y sus respectivas asambleas, las cortes, mientras que se establecieron los municipios, y la figura del alcalde. A nivel central, tambi\u00e9n se eliminaron los consejos de Arag\u00f3n, de Italia y Flandes y nacieron las Secretar\u00edas de Estado, compuestas por funcionarios nombrados por el Rey y coordinadas por el Secretario de Estado. Otras reformas importantes repercutieron en el sistema fiscal, la educaci\u00f3n y el ej\u00e9rcito.<\/p>\n<p style=\"text-align: justify\">Para leer m\u00e1s:<\/p>\n<ul>\n<li>\n<div style=\"text-align: justify\">J. Lynch, <em>Bourbon Spain, 1700-1808<\/em>, Oxford 1989.<\/div>\n<\/li>\n<li>\n<div style=\"text-align: justify\">H. Kamen, <em><span class=\"citation book\">Philip V of Spain. The King who reigned twice<\/span>,<\/em> New Haven&nbsp;and London 1997.&nbsp;<\/div>\n<\/li>\n<\/ul><\/div>\n<p><\/p>\n","protected":false},"excerpt":{"rendered":"<p>Felipe V Nieto de Luis XIV de Francia, Felipe V de Borb\u00f3n (1683-1746), ya duque de Anjou, ascendi\u00f3 al trono de Espa\u00f1a en 1700, por cuenta de la relaci\u00f3n m\u00e1s directa con el difunto soberano Carlos II. Sin embargo, no fue hasta las paces de&hellip;<\/p>\n","protected":false},"author":1,"featured_media":0,"parent":6669,"menu_order":0,"comment_status":"closed","ping_status":"closed","template":"","meta":{"footnotes":""},"class_list":["post-7510","page","type-page","status-publish","hentry"],"_links":{"self":[{"href":"https:\/\/digitalhistory.unite.it\/es\/wp-json\/wp\/v2\/pages\/7510","targetHints":{"allow":["GET"]}}],"collection":[{"href":"https:\/\/digitalhistory.unite.it\/es\/wp-json\/wp\/v2\/pages"}],"about":[{"href":"https:\/\/digitalhistory.unite.it\/es\/wp-json\/wp\/v2\/types\/page"}],"author":[{"embeddable":true,"href":"https:\/\/digitalhistory.unite.it\/es\/wp-json\/wp\/v2\/users\/1"}],"replies":[{"embeddable":true,"href":"https:\/\/digitalhistory.unite.it\/es\/wp-json\/wp\/v2\/comments?post=7510"}],"version-history":[{"count":2,"href":"https:\/\/digitalhistory.unite.it\/es\/wp-json\/wp\/v2\/pages\/7510\/revisions"}],"predecessor-version":[{"id":12187,"href":"https:\/\/digitalhistory.unite.it\/es\/wp-json\/wp\/v2\/pages\/7510\/revisions\/12187"}],"up":[{"embeddable":true,"href":"https:\/\/digitalhistory.unite.it\/es\/wp-json\/wp\/v2\/pages\/6669"}],"wp:attachment":[{"href":"https:\/\/digitalhistory.unite.it\/es\/wp-json\/wp\/v2\/media?parent=7510"}],"curies":[{"name":"wp","href":"https:\/\/api.w.org\/{rel}","templated":true}]}}